{"id":36534,"date":"2014-05-09T16:07:01","date_gmt":"2014-05-09T15:07:01","guid":{"rendered":"https:\/\/www.patrickseguin.com\/home\/"},"modified":"2025-12-10T14:39:05","modified_gmt":"2025-12-10T13:39:05","slug":"home","status":"publish","type":"page","link":"https:\/\/www.patrickseguin.com\/en\/","title":{"rendered":"Home"},"content":{"rendered":"\t\t<div data-elementor-type=\"wp-page\" data-elementor-id=\"36534\" class=\"elementor elementor-36534 elementor-100\" data-elementor-post-type=\"page\">\n\t\t\t\t<div class=\"elementor-element elementor-element-3a9359f e-con-full bloc-home e-flex e-con e-parent\" data-id=\"3a9359f\" data-element_type=\"container\" data-e-type=\"container\">\n\t\t\t\t<div class=\"elementor-element elementor-element-3581f1e elementor-pagination-position-inside elementor-hidden-tablet elementor-hidden-mobile elementor-widget elementor-widget-image-carousel\" data-id=\"3581f1e\" data-element_type=\"widget\" data-e-type=\"widget\" data-settings=\"{&quot;slides_to_show&quot;:&quot;1&quot;,&quot;navigation&quot;:&quot;dots&quot;,&quot;speed&quot;:3000,&quot;autoplay_speed&quot;:3000,&quot;autoplay&quot;:&quot;yes&quot;,&quot;pause_on_hover&quot;:&quot;yes&quot;,&quot;pause_on_interaction&quot;:&quot;yes&quot;,&quot;effect&quot;:&quot;slide&quot;}\" data-widget_type=\"image-carousel.default\">\n\t\t\t\t\t\t\t<div class=\"elementor-image-carousel-wrapper swiper\" role=\"region\" aria-roledescription=\"carousel\" aria-label=\"Carrousel d\u2019images\" dir=\"ltr\">\n\t\t\t<div class=\"elementor-image-carousel swiper-wrapper\" aria-live=\"off\">\n\t\t\t\t\t\t\t\t<div class=\"swiper-slide\" role=\"group\" aria-roledescription=\"slide\" aria-label=\"1 of 1\"><figure class=\"swiper-slide-inner\"><img decoding=\"async\" class=\"swiper-slide-image\" src=\"https:\/\/www.patrickseguin.com\/wp-content\/uploads\/2025\/12\/galerie-patrick-seguin-11-2025A.jpg\" alt=\"galerie-patrick-seguin-11-2025A\" \/><\/figure><\/div>\t\t\t<\/div>\n\t\t\t\t\t<\/div>\n\t\t\t\t\t\t<\/div>\n\t\t\t\t<div class=\"elementor-element elementor-element-aebada0 elementor-pagination-position-inside elementor-hidden-desktop elementor-widget elementor-widget-image-carousel\" data-id=\"aebada0\" data-element_type=\"widget\" data-e-type=\"widget\" data-settings=\"{&quot;slides_to_show&quot;:&quot;1&quot;,&quot;navigation&quot;:&quot;dots&quot;,&quot;speed&quot;:1000,&quot;autoplay&quot;:&quot;yes&quot;,&quot;pause_on_hover&quot;:&quot;yes&quot;,&quot;pause_on_interaction&quot;:&quot;yes&quot;,&quot;autoplay_speed&quot;:5000,&quot;effect&quot;:&quot;slide&quot;}\" data-widget_type=\"image-carousel.default\">\n\t\t\t\t\t\t\t<div class=\"elementor-image-carousel-wrapper swiper\" role=\"region\" aria-roledescription=\"carousel\" aria-label=\"Carrousel d\u2019images\" dir=\"ltr\">\n\t\t\t<div class=\"elementor-image-carousel swiper-wrapper\" aria-live=\"off\">\n\t\t\t\t\t\t\t\t<div class=\"swiper-slide\" role=\"group\" aria-roledescription=\"slide\" aria-label=\"1 of 1\"><figure class=\"swiper-slide-inner\"><img decoding=\"async\" class=\"swiper-slide-image\" src=\"https:\/\/www.patrickseguin.com\/wp-content\/uploads\/2025\/12\/galerie-patrick-seguin-11-2025B.jpg\" alt=\"galerie-patrick-seguin-11-2025B\" \/><\/figure><\/div>\t\t\t<\/div>\n\t\t\t\t\t<\/div>\n\t\t\t\t\t\t<\/div>\n\t\t\t\t<\/div>\n\t\t<div class=\"elementor-element elementor-element-e5c9cf4 bloc-home e-flex e-con-boxed e-con e-parent\" data-id=\"e5c9cf4\" data-element_type=\"container\" data-e-type=\"container\" data-settings=\"{&quot;background_background&quot;:&quot;classic&quot;}\">\n\t\t\t\t\t<div class=\"e-con-inner\">\n\t\t<div class=\"elementor-element elementor-element-6608999 e-con-full e-flex e-con e-child\" data-id=\"6608999\" data-element_type=\"container\" data-e-type=\"container\">\n\t\t\t\t<div class=\"elementor-element elementor-element-c0fd4bf elementor-widget-divider--view-line elementor-widget elementor-widget-divider\" data-id=\"c0fd4bf\" data-element_type=\"widget\" data-e-type=\"widget\" data-widget_type=\"divider.default\">\n\t\t\t\t\t\t\t<div class=\"elementor-divider\">\n\t\t\t<span class=\"elementor-divider-separator\">\n\t\t\t\t\t\t<\/span>\n\t\t<\/div>\n\t\t\t\t\t\t<\/div>\n\t\t<div class=\"elementor-element elementor-element-27c7e50 e-con-full e-flex e-con e-child\" data-id=\"27c7e50\" data-element_type=\"container\" data-e-type=\"container\">\n\t\t\t\t<div class=\"elementor-element elementor-element-a07bb63 elementor-widget elementor-widget-heading\" data-id=\"a07bb63\" data-element_type=\"widget\" data-e-type=\"widget\" data-widget_type=\"heading.default\">\n\t\t\t\t\t<h2 class=\"elementor-heading-title elementor-size-default\">LATESTS<\/h2>\t\t\t\t<\/div>\n\t\t\t\t<\/div>\n\t\t\t\t<div class=\"elementor-element elementor-element-afdf180 elementor-widget elementor-widget-shortcode\" data-id=\"afdf180\" data-element_type=\"widget\" data-e-type=\"widget\" data-widget_type=\"shortcode.default\">\n\t\t\t\t\t\t\t<div class=\"elementor-shortcode\"><div id=\"nouveautes\"><div class=\"item\">\n            <figure>\n                    <a href=\"https:\/\/www.patrickseguin.com\/en\/designers\/jean-prouve\/furniture-jean-prouve\/swing-jib-lamp-no-602-1952\/\" title=\"JEAN PROUV\u00c9 | Swing-jib Lamp no. 602, 1952\"><img fetchpriority=\"high\" decoding=\"async\" width=\"1600\" height=\"1200\" src=\"https:\/\/www.patrickseguin.com\/wp-content\/uploads\/2025\/09\/jean-prouve-potence-afrique1.jpg\" class=\"attachment-post-thumbnail size-post-thumbnail wp-post-image\" alt=\"\" srcset=\"https:\/\/www.patrickseguin.com\/wp-content\/uploads\/2025\/09\/jean-prouve-potence-afrique1.jpg 1600w, https:\/\/www.patrickseguin.com\/wp-content\/uploads\/2025\/09\/jean-prouve-potence-afrique1-380x285.jpg 380w, https:\/\/www.patrickseguin.com\/wp-content\/uploads\/2025\/09\/jean-prouve-potence-afrique1-1024x768.jpg 1024w, https:\/\/www.patrickseguin.com\/wp-content\/uploads\/2025\/09\/jean-prouve-potence-afrique1-768x576.jpg 768w, https:\/\/www.patrickseguin.com\/wp-content\/uploads\/2025\/09\/jean-prouve-potence-afrique1-1536x1152.jpg 1536w, https:\/\/www.patrickseguin.com\/wp-content\/uploads\/2025\/09\/jean-prouve-potence-afrique1-400x300.jpg 400w, https:\/\/www.patrickseguin.com\/wp-content\/uploads\/2025\/09\/jean-prouve-potence-afrique1-600x450.jpg 600w\" sizes=\"(max-width: 1600px) 100vw, 1600px\" \/><\/a>\n                    <span class=\"title sized\">\n                        <a rel=\"173\" href=\"https:\/\/www.patrickseguin.com\/en\/category\/designers\/jean-prouve\/\" title=\"jean prouv\u00e9\">jean prouv\u00e9<\/a>\n                        <a href=\"https:\/\/www.patrickseguin.com\/en\/designers\/jean-prouve\/furniture-jean-prouve\/swing-jib-lamp-no-602-1952\/\" title=\"Swing-jib Lamp no. 602, 1952\">\n                        <span class=\"chiffre\">| Swing-jib Lamp no. 602, 1952<\/span>\n                        <\/a>\n                    <\/span>\n                <\/a>\n            <\/figure>\n        <\/div><div class=\"item\">\n            <figure>\n                    <a href=\"https:\/\/www.patrickseguin.com\/en\/designers\/jean-prouve\/architecture-jean-prouve\/croismare-school-1948\/\" title=\"JEAN PROUV\u00c9 | Croismare school, 1948\"><img decoding=\"async\" width=\"1600\" height=\"1200\" src=\"https:\/\/www.patrickseguin.com\/wp-content\/uploads\/2022\/08\/Croismare-School-01.jpg\" class=\"attachment-post-thumbnail size-post-thumbnail wp-post-image\" alt=\"\" srcset=\"https:\/\/www.patrickseguin.com\/wp-content\/uploads\/2022\/08\/Croismare-School-01.jpg 1600w, https:\/\/www.patrickseguin.com\/wp-content\/uploads\/2022\/08\/Croismare-School-01-380x285.jpg 380w, https:\/\/www.patrickseguin.com\/wp-content\/uploads\/2022\/08\/Croismare-School-01-1024x768.jpg 1024w, https:\/\/www.patrickseguin.com\/wp-content\/uploads\/2022\/08\/Croismare-School-01-768x576.jpg 768w, https:\/\/www.patrickseguin.com\/wp-content\/uploads\/2022\/08\/Croismare-School-01-1536x1152.jpg 1536w, https:\/\/www.patrickseguin.com\/wp-content\/uploads\/2022\/08\/Croismare-School-01-400x300.jpg 400w, https:\/\/www.patrickseguin.com\/wp-content\/uploads\/2022\/08\/Croismare-School-01-600x450.jpg 600w\" sizes=\"(max-width: 1600px) 100vw, 1600px\" \/><\/a>\n                    <span class=\"title sized\">\n                        <a rel=\"173\" href=\"https:\/\/www.patrickseguin.com\/en\/category\/designers\/jean-prouve\/\" title=\"jean prouv\u00e9\">jean prouv\u00e9<\/a>\n                        <a href=\"https:\/\/www.patrickseguin.com\/en\/designers\/jean-prouve\/architecture-jean-prouve\/croismare-school-1948\/\" title=\"Croismare school, 1948\">\n                        <span class=\"chiffre\">| Croismare school, 1948<\/span>\n                        <\/a>\n                    <\/span>\n                <\/a>\n            <\/figure>\n        <\/div><div class=\"item\">\n            <figure>\n                    <a href=\"https:\/\/www.patrickseguin.com\/en\/designers\/charlotte-perriand\/furniture-charlotte-perriand\/forme-libre-desk-ca-1960\/\" title=\"CHARLOTTE PERRIAND | Forme Libre desk, ca. 1960\"><img decoding=\"async\" width=\"1600\" height=\"1200\" src=\"https:\/\/www.patrickseguin.com\/wp-content\/uploads\/2025\/10\/charlotte-perriand-forme-libre-desk2.jpg\" class=\"attachment-post-thumbnail size-post-thumbnail wp-post-image\" alt=\"\" srcset=\"https:\/\/www.patrickseguin.com\/wp-content\/uploads\/2025\/10\/charlotte-perriand-forme-libre-desk2.jpg 1600w, https:\/\/www.patrickseguin.com\/wp-content\/uploads\/2025\/10\/charlotte-perriand-forme-libre-desk2-380x285.jpg 380w, https:\/\/www.patrickseguin.com\/wp-content\/uploads\/2025\/10\/charlotte-perriand-forme-libre-desk2-1024x768.jpg 1024w, https:\/\/www.patrickseguin.com\/wp-content\/uploads\/2025\/10\/charlotte-perriand-forme-libre-desk2-768x576.jpg 768w, https:\/\/www.patrickseguin.com\/wp-content\/uploads\/2025\/10\/charlotte-perriand-forme-libre-desk2-1536x1152.jpg 1536w, https:\/\/www.patrickseguin.com\/wp-content\/uploads\/2025\/10\/charlotte-perriand-forme-libre-desk2-400x300.jpg 400w, https:\/\/www.patrickseguin.com\/wp-content\/uploads\/2025\/10\/charlotte-perriand-forme-libre-desk2-600x450.jpg 600w\" sizes=\"(max-width: 1600px) 100vw, 1600px\" \/><\/a>\n                    <span class=\"title sized\">\n                        <a rel=\"167\" href=\"https:\/\/www.patrickseguin.com\/en\/category\/designers\/charlotte-perriand\/\" title=\"charlotte perriand\">charlotte perriand<\/a>\n                        <a href=\"https:\/\/www.patrickseguin.com\/en\/designers\/charlotte-perriand\/furniture-charlotte-perriand\/forme-libre-desk-ca-1960\/\" title=\"Forme Libre desk, ca. 1960\">\n                        <span class=\"chiffre\">| Forme Libre desk, ca. 1960<\/span>\n                        <\/a>\n                    <\/span>\n                <\/a>\n            <\/figure>\n        <\/div><\/div><\/div>\n\t\t\t\t\t\t<\/div>\n\t\t\t\t<\/div>\n\t\t<div class=\"elementor-element elementor-element-36342c5 e-con-full e-flex e-con e-child\" data-id=\"36342c5\" data-element_type=\"container\" data-e-type=\"container\">\n\t\t<div class=\"elementor-element elementor-element-0a8e828 e-con-full e-flex e-con e-child\" data-id=\"0a8e828\" data-element_type=\"container\" data-e-type=\"container\" data-settings=\"{&quot;background_background&quot;:&quot;video&quot;,&quot;background_video_link&quot;:&quot;https:\\\/\\\/youtu.be\\\/en-kNTqsjvw&quot;,&quot;background_video_start&quot;:0,&quot;background_play_on_mobile&quot;:&quot;yes&quot;}\">\n\t\t<div class=\"elementor-background-video-container\">\n\t\t\t\t\t\t\t<div class=\"elementor-background-video-embed\" role=\"presentation\"><\/div>\n\t\t\t\t\t\t<\/div><div class=\"elementor-element elementor-element-57bf16e e-con-full e-flex e-con e-child\" data-id=\"57bf16e\" data-element_type=\"container\" data-e-type=\"container\" data-settings=\"{&quot;position&quot;:&quot;absolute&quot;,&quot;background_background&quot;:&quot;video&quot;}\">\n\t\t\t\t<div class=\"elementor-element elementor-element-027966b elementor-widget elementor-widget-heading\" data-id=\"027966b\" data-element_type=\"widget\" data-e-type=\"widget\" data-widget_type=\"heading.default\">\n\t\t\t\t\t<h2 class=\"elementor-heading-title elementor-size-default\"><a href=\"https:\/\/youtu.be\/en-kNTqsjvw\" target=\"_blank\">OUR VIDEOS<\/a><\/h2>\t\t\t\t<\/div>\n\t\t\t\t<div class=\"elementor-element elementor-element-e889ab7 elementor-widget elementor-widget-image\" data-id=\"e889ab7\" data-element_type=\"widget\" data-e-type=\"widget\" data-widget_type=\"image.default\">\n\t\t\t\t\t\t\t\t\t\t\t\t\t\t\t<img loading=\"lazy\" decoding=\"async\" width=\"800\" height=\"179\" src=\"https:\/\/www.patrickseguin.com\/wp-content\/uploads\/2024\/11\/ELEMENTSPOURMAX-08-1.png\" class=\"attachment-large size-large wp-image-30832\" alt=\"\" srcset=\"https:\/\/www.patrickseguin.com\/wp-content\/uploads\/2024\/11\/ELEMENTSPOURMAX-08-1.png 817w, https:\/\/www.patrickseguin.com\/wp-content\/uploads\/2024\/11\/ELEMENTSPOURMAX-08-1-400x90.png 400w, https:\/\/www.patrickseguin.com\/wp-content\/uploads\/2024\/11\/ELEMENTSPOURMAX-08-1-600x134.png 600w, https:\/\/www.patrickseguin.com\/wp-content\/uploads\/2024\/11\/ELEMENTSPOURMAX-08-1-300x67.png 300w, https:\/\/www.patrickseguin.com\/wp-content\/uploads\/2024\/11\/ELEMENTSPOURMAX-08-1-768x172.png 768w, https:\/\/www.patrickseguin.com\/wp-content\/uploads\/2024\/11\/ELEMENTSPOURMAX-08-1-800x179.png 800w\" sizes=\"(max-width: 800px) 100vw, 800px\" \/>\t\t\t\t\t\t\t\t\t\t\t\t\t\t\t<\/div>\n\t\t\t\t<\/div>\n\t\t\t\t<\/div>\n\t\t\t\t<\/div>\n\t\t\t\t\t<\/div>\n\t\t\t\t<\/div>\n\t\t\t\t<\/div>\n\t\t","protected":false},"excerpt":{"rendered":"<p>LATESTS OUR VIDEOS<\/p>\n","protected":false},"author":1,"featured_media":0,"parent":0,"menu_order":0,"comment_status":"closed","ping_status":"closed","template":"","meta":{"_acf_changed":false,"footnotes":""},"class_list":["post-36534","page","type-page","status-publish","hentry"],"acf":[],"yoast_head":"<!-- This site is optimized with the Yoast SEO plugin v27.4 - https:\/\/yoast.com\/product\/yoast-seo-wordpress\/ -->\n<title>Jean Prouv\u00e9, Charlotte Perriand, Pierre Jeanneret, Le Corbusier, Jean Roy\u00e8re - Galerie Patrick Seguin<\/title>\n<meta name=\"description\" content=\"Galerie Patrick Seguin, Jean Prouv\u00e9, Charlotte Perriand, Pierre Jeanneret, Le Corbusier, Jean Roy\u00e8re, Jean Nouvel, si\u00e8ges, tables, \u00e9tag\u00e8res, biblioth\u00e8ques, lits et bahuts\" \/>\n<meta name=\"robots\" content=\"index, follow, max-snippet:-1, max-image-preview:large, max-video-preview:-1\" \/>\n<link rel=\"canonical\" href=\"https:\/\/www.patrickseguin.com\/en\/\" \/>\n<meta property=\"og:locale\" content=\"en_US\" \/>\n<meta property=\"og:type\" content=\"article\" \/>\n<meta property=\"og:title\" content=\"Jean Prouv\u00e9, Charlotte Perriand, Pierre Jeanneret, Le Corbusier, Jean Roy\u00e8re - Galerie Patrick Seguin\" \/>\n<meta property=\"og:description\" content=\"Galerie Patrick Seguin, Jean Prouv\u00e9, Charlotte Perriand, Pierre Jeanneret, Le Corbusier, Jean Roy\u00e8re, Jean Nouvel, si\u00e8ges, tables, \u00e9tag\u00e8res, biblioth\u00e8ques, lits et bahuts\" \/>\n<meta property=\"og:url\" content=\"https:\/\/www.patrickseguin.com\/en\/\" \/>\n<meta property=\"og:site_name\" content=\"Patrick Seguin\" \/>\n<meta property=\"article:publisher\" content=\"https:\/\/www.facebook.com\/galeriepatrickseguin\" \/>\n<meta property=\"article:modified_time\" content=\"2025-12-10T13:39:05+00:00\" \/>\n<meta property=\"og:image\" content=\"https:\/\/www.patrickseguin.com\/wp-content\/uploads\/2025\/12\/galerie-patrick-seguin-11-2025A.jpg\" \/>\n<meta name=\"twitter:card\" content=\"summary_large_image\" \/>\n<meta name=\"twitter:site\" content=\"@GaleriePSeguin\" \/>\n<meta name=\"twitter:label1\" content=\"Est. reading time\" \/>\n\t<meta name=\"twitter:data1\" content=\"2 minutes\" \/>\n<script type=\"application\/ld+json\" class=\"yoast-schema-graph\">{\"@context\":\"https:\\\/\\\/schema.org\",\"@graph\":[{\"@type\":\"WebPage\",\"@id\":\"https:\\\/\\\/www.patrickseguin.com\\\/en\\\/\",\"url\":\"https:\\\/\\\/www.patrickseguin.com\\\/en\\\/\",\"name\":\"Jean Prouv\u00e9, Charlotte Perriand, Pierre Jeanneret, Le Corbusier, Jean Roy\u00e8re - Galerie Patrick Seguin\",\"isPartOf\":{\"@id\":\"https:\\\/\\\/www.patrickseguin.com\\\/en\\\/#website\"},\"primaryImageOfPage\":{\"@id\":\"https:\\\/\\\/www.patrickseguin.com\\\/en\\\/#primaryimage\"},\"image\":{\"@id\":\"https:\\\/\\\/www.patrickseguin.com\\\/en\\\/#primaryimage\"},\"thumbnailUrl\":\"https:\\\/\\\/www.patrickseguin.com\\\/wp-content\\\/uploads\\\/2025\\\/12\\\/galerie-patrick-seguin-11-2025A.jpg\",\"datePublished\":\"2014-05-09T15:07:01+00:00\",\"dateModified\":\"2025-12-10T13:39:05+00:00\",\"description\":\"Galerie Patrick Seguin, Jean Prouv\u00e9, Charlotte Perriand, Pierre Jeanneret, Le Corbusier, Jean Roy\u00e8re, Jean Nouvel, si\u00e8ges, tables, \u00e9tag\u00e8res, biblioth\u00e8ques, lits et bahuts\",\"inLanguage\":\"en-US\",\"potentialAction\":[{\"@type\":\"ReadAction\",\"target\":[\"https:\\\/\\\/www.patrickseguin.com\\\/en\\\/\"]}]},{\"@type\":\"ImageObject\",\"inLanguage\":\"en-US\",\"@id\":\"https:\\\/\\\/www.patrickseguin.com\\\/en\\\/#primaryimage\",\"url\":\"https:\\\/\\\/www.patrickseguin.com\\\/wp-content\\\/uploads\\\/2025\\\/12\\\/galerie-patrick-seguin-11-2025A.jpg\",\"contentUrl\":\"https:\\\/\\\/www.patrickseguin.com\\\/wp-content\\\/uploads\\\/2025\\\/12\\\/galerie-patrick-seguin-11-2025A.jpg\"},{\"@type\":\"WebSite\",\"@id\":\"https:\\\/\\\/www.patrickseguin.com\\\/en\\\/#website\",\"url\":\"https:\\\/\\\/www.patrickseguin.com\\\/en\\\/\",\"name\":\"Galerie Patrick Seguin\",\"description\":\"\",\"publisher\":{\"@id\":\"https:\\\/\\\/www.patrickseguin.com\\\/en\\\/#organization\"},\"potentialAction\":[{\"@type\":\"SearchAction\",\"target\":{\"@type\":\"EntryPoint\",\"urlTemplate\":\"https:\\\/\\\/www.patrickseguin.com\\\/en\\\/?s={search_term_string}\"},\"query-input\":{\"@type\":\"PropertyValueSpecification\",\"valueRequired\":true,\"valueName\":\"search_term_string\"}}],\"inLanguage\":\"en-US\"},{\"@type\":\"Organization\",\"@id\":\"https:\\\/\\\/www.patrickseguin.com\\\/en\\\/#organization\",\"name\":\"Galerie Patrick Seguin\",\"url\":\"https:\\\/\\\/www.patrickseguin.com\\\/en\\\/\",\"logo\":{\"@type\":\"ImageObject\",\"inLanguage\":\"en-US\",\"@id\":\"https:\\\/\\\/www.patrickseguin.com\\\/en\\\/#\\\/schema\\\/logo\\\/image\\\/\",\"url\":\"https:\\\/\\\/www.patrickseguin.com\\\/wp-content\\\/uploads\\\/2020\\\/06\\\/ELEMENTSPOURMAX-25.png\",\"contentUrl\":\"https:\\\/\\\/www.patrickseguin.com\\\/wp-content\\\/uploads\\\/2020\\\/06\\\/ELEMENTSPOURMAX-25.png\",\"width\":2226,\"height\":122,\"caption\":\"Galerie Patrick Seguin\"},\"image\":{\"@id\":\"https:\\\/\\\/www.patrickseguin.com\\\/en\\\/#\\\/schema\\\/logo\\\/image\\\/\"},\"sameAs\":[\"https:\\\/\\\/www.facebook.com\\\/galeriepatrickseguin\",\"https:\\\/\\\/x.com\\\/GaleriePSeguin\"]}]}<\/script>\n<!-- \/ Yoast SEO plugin. -->","yoast_head_json":{"title":"Jean Prouv\u00e9, Charlotte Perriand, Pierre Jeanneret, Le Corbusier, Jean Roy\u00e8re - Galerie Patrick Seguin","description":"Galerie Patrick Seguin, Jean Prouv\u00e9, Charlotte Perriand, Pierre Jeanneret, Le Corbusier, Jean Roy\u00e8re, Jean Nouvel, si\u00e8ges, tables, \u00e9tag\u00e8res, biblioth\u00e8ques, lits et bahuts","robots":{"index":"index","follow":"follow","max-snippet":"max-snippet:-1","max-image-preview":"max-image-preview:large","max-video-preview":"max-video-preview:-1"},"canonical":"https:\/\/www.patrickseguin.com\/en\/","og_locale":"en_US","og_type":"article","og_title":"Jean Prouv\u00e9, Charlotte Perriand, Pierre Jeanneret, Le Corbusier, Jean Roy\u00e8re - Galerie Patrick Seguin","og_description":"Galerie Patrick Seguin, Jean Prouv\u00e9, Charlotte Perriand, Pierre Jeanneret, Le Corbusier, Jean Roy\u00e8re, Jean Nouvel, si\u00e8ges, tables, \u00e9tag\u00e8res, biblioth\u00e8ques, lits et bahuts","og_url":"https:\/\/www.patrickseguin.com\/en\/","og_site_name":"Patrick Seguin","article_publisher":"https:\/\/www.facebook.com\/galeriepatrickseguin","article_modified_time":"2025-12-10T13:39:05+00:00","og_image":[{"url":"https:\/\/www.patrickseguin.com\/wp-content\/uploads\/2025\/12\/galerie-patrick-seguin-11-2025A.jpg","type":"","width":"","height":""}],"twitter_card":"summary_large_image","twitter_site":"@GaleriePSeguin","twitter_misc":{"Est. reading time":"2 minutes"},"schema":{"@context":"https:\/\/schema.org","@graph":[{"@type":"WebPage","@id":"https:\/\/www.patrickseguin.com\/en\/","url":"https:\/\/www.patrickseguin.com\/en\/","name":"Jean Prouv\u00e9, Charlotte Perriand, Pierre Jeanneret, Le Corbusier, Jean Roy\u00e8re - Galerie Patrick Seguin","isPartOf":{"@id":"https:\/\/www.patrickseguin.com\/en\/#website"},"primaryImageOfPage":{"@id":"https:\/\/www.patrickseguin.com\/en\/#primaryimage"},"image":{"@id":"https:\/\/www.patrickseguin.com\/en\/#primaryimage"},"thumbnailUrl":"https:\/\/www.patrickseguin.com\/wp-content\/uploads\/2025\/12\/galerie-patrick-seguin-11-2025A.jpg","datePublished":"2014-05-09T15:07:01+00:00","dateModified":"2025-12-10T13:39:05+00:00","description":"Galerie Patrick Seguin, Jean Prouv\u00e9, Charlotte Perriand, Pierre Jeanneret, Le Corbusier, Jean Roy\u00e8re, Jean Nouvel, si\u00e8ges, tables, \u00e9tag\u00e8res, biblioth\u00e8ques, lits et bahuts","inLanguage":"en-US","potentialAction":[{"@type":"ReadAction","target":["https:\/\/www.patrickseguin.com\/en\/"]}]},{"@type":"ImageObject","inLanguage":"en-US","@id":"https:\/\/www.patrickseguin.com\/en\/#primaryimage","url":"https:\/\/www.patrickseguin.com\/wp-content\/uploads\/2025\/12\/galerie-patrick-seguin-11-2025A.jpg","contentUrl":"https:\/\/www.patrickseguin.com\/wp-content\/uploads\/2025\/12\/galerie-patrick-seguin-11-2025A.jpg"},{"@type":"WebSite","@id":"https:\/\/www.patrickseguin.com\/en\/#website","url":"https:\/\/www.patrickseguin.com\/en\/","name":"Galerie Patrick Seguin","description":"","publisher":{"@id":"https:\/\/www.patrickseguin.com\/en\/#organization"},"potentialAction":[{"@type":"SearchAction","target":{"@type":"EntryPoint","urlTemplate":"https:\/\/www.patrickseguin.com\/en\/?s={search_term_string}"},"query-input":{"@type":"PropertyValueSpecification","valueRequired":true,"valueName":"search_term_string"}}],"inLanguage":"en-US"},{"@type":"Organization","@id":"https:\/\/www.patrickseguin.com\/en\/#organization","name":"Galerie Patrick Seguin","url":"https:\/\/www.patrickseguin.com\/en\/","logo":{"@type":"ImageObject","inLanguage":"en-US","@id":"https:\/\/www.patrickseguin.com\/en\/#\/schema\/logo\/image\/","url":"https:\/\/www.patrickseguin.com\/wp-content\/uploads\/2020\/06\/ELEMENTSPOURMAX-25.png","contentUrl":"https:\/\/www.patrickseguin.com\/wp-content\/uploads\/2020\/06\/ELEMENTSPOURMAX-25.png","width":2226,"height":122,"caption":"Galerie Patrick Seguin"},"image":{"@id":"https:\/\/www.patrickseguin.com\/en\/#\/schema\/logo\/image\/"},"sameAs":["https:\/\/www.facebook.com\/galeriepatrickseguin","https:\/\/x.com\/GaleriePSeguin"]}]}},"_links":{"self":[{"href":"https:\/\/www.patrickseguin.com\/en\/wp-json\/wp\/v2\/pages\/36534","targetHints":{"allow":["GET"]}}],"collection":[{"href":"https:\/\/www.patrickseguin.com\/en\/wp-json\/wp\/v2\/pages"}],"about":[{"href":"https:\/\/www.patrickseguin.com\/en\/wp-json\/wp\/v2\/types\/page"}],"author":[{"embeddable":true,"href":"https:\/\/www.patrickseguin.com\/en\/wp-json\/wp\/v2\/users\/1"}],"replies":[{"embeddable":true,"href":"https:\/\/www.patrickseguin.com\/en\/wp-json\/wp\/v2\/comments?post=36534"}],"version-history":[{"count":53,"href":"https:\/\/www.patrickseguin.com\/en\/wp-json\/wp\/v2\/pages\/36534\/revisions"}],"predecessor-version":[{"id":49524,"href":"https:\/\/www.patrickseguin.com\/en\/wp-json\/wp\/v2\/pages\/36534\/revisions\/49524"}],"wp:attachment":[{"href":"https:\/\/www.patrickseguin.com\/en\/wp-json\/wp\/v2\/media?parent=36534"}],"curies":[{"name":"wp","href":"https:\/\/api.w.org\/{rel}","templated":true}]}}