{"id":36584,"date":"2016-02-18T17:06:30","date_gmt":"2016-02-18T16:06:30","guid":{"rendered":"https:\/\/www.patrickseguin.com\/cv-pierre-jeanneret-2\/"},"modified":"2025-08-28T12:57:28","modified_gmt":"2025-08-28T11:57:28","slug":"cv-pierre-jeanneret-2","status":"publish","type":"page","link":"https:\/\/www.patrickseguin.com\/en\/cv-pierre-jeanneret-2\/","title":{"rendered":"cv-pierre-jeanneret"},"content":{"rendered":"<p><strong>1896<\/strong> <br \/>\n22 March: Pierre Jeanneret is born in Geneva.<\/p>\n<p><strong>1913-1919<\/strong> <br \/>\nStudies architecture at the Ecole des Beaux-Arts in Geneva, with a period of service in the Swiss Army in 1916\u201317.<\/p>\n<p><strong>1920<\/strong> <br \/>\nJanuary: leaves Switzerland and works for the Perret brothers in Paris.<br \/>\nDesigns the covers for the magazine L\u2019Esprit nouveau, founded in October.<\/p>\n<p><strong>1921<\/strong> <br \/>\nJuly: while continuing with the Perrets, he begins to work on the Berque commission with Le Corbusier (the pseudonym adopted a year earlier by his cousin Charles-\u00c9douard Jeanneret).<br \/>\nBerque house project (Paris).<br \/>\nSalon d\u2019Automne in Paris: he shows plans for a modern city of 3 million people.<br \/>\nApartment block\/villas program for the Soci\u00e9t\u00e9 Franco-Am\u00e9ricaine.<br \/>\nGault house project (Paris).<\/p>\n<p><strong>1923-1924<\/strong> <br \/>\nBesnus house (Vaucresson). Ozenfant artist\u2019s studio (Paris). <br \/>\nRaoul La Roche and Lotti Raaf-Jeanneret house (Paris).<br \/>\nStudios for sculptors Lipchitz, Mietschaninoff and Canale (Boulogne-sur-Seine).<\/p>\n<p><strong>1924<\/strong> <br \/>\nDuring the summer, he and Le Corbusier move into 35 Rue de S\u00e8vres (Paris). The Frug\u00e8s commission in Pessac sees them working with a team for the first time.<\/p>\n<p><strong>1925-1927<\/strong><br \/>\nCit\u00e9 Frug\u00e8s (Pessac).<br \/>\nApartment block\/villas program and the Voisin Plan for Paris (1925).<br \/>\nL\u2019Esprit nouveau pavilion (Paris, 1925).<br \/>\nPalais du Peuple dormitory (Paris, 1926).<br \/>\nMinimum house project (1926).<br \/>\nCook house (Boulogne-sur-Seine, 1926), Guiette house (Antwerp, 1926).<br \/>\nTwo houses for Weissenhof in Stuttgart (1927).<br \/>\nPlainex houses (Paris, 1927).<br \/>\nCompetition for the League of Nations building in Geneva (1927). Is eliminated after the second phase.<br \/>\nOctober 1927: Charlotte Perriand begins working with them at 35 Rue de S\u00e8vres (Paris).<\/p>\n<p><strong>1928-1929<\/strong> <br \/>\nChurch house (Ville d\u2019Avray).<br \/>\nCreation of a line of furnishings by Le Corbusier, Pierre Jeanneret, and Charlotte Perriand: \u201cTubes d\u2019avion\u201d table, closets, armchair with tilting back, tilting chaise longue, \u201cGrand confort\u201d armchair (1928).<br \/>\nVilla Savoye (Poissy, 1929-31).<br \/>\nLoucheur houses.<br \/>\nCentrosoyuz office block (Moscow).<br \/>\nStand at the Salon d\u2019Automne (Paris, 1929): Fixtures<\/p>\n<p><strong>1930-1933<\/strong> <br \/>\nClart\u00e9 apartment block (Geneva, 1930-32).<br \/>\nVilla for Madame de Mandrot (near Toulon, 1931).<br \/>\nPalace of the Soviets (Moscow, 1931).<br \/>\nDe Beistegui penthouse (Paris, 1931).<br \/>\nSwiss Pavilion at the Cit\u00e9 Universitaire (Paris, 1932-33).<br \/>\nCit\u00e9 du Refuge (Paris, 1932-33).<br \/>\nApartment block for the Paris-Parc des Princes real estate company, Rue Nungesser-et-Coli (Paris, 1932-34).<br \/>\nProject for the Schweiz Rentenanstalt building (Zurich, 1933).<br \/>\nSummer 1933: 4th CIAM congress in Athens.<br \/>\nJeanneret travels aboard the Massilia from Marseille to Athens.<br \/>\nExcursions in the Peloponnesus with Charlotte Perriand.<\/p>\n<p><strong>1934-1935<\/strong> <br \/>\nUrbanization projects for Stockholm, Antwerp, Algiers, Nemours, Zlin. Various city and state competitions.<br \/>\nPeyron holiday house (Les Mathes).<br \/>\nFerme Radieuse cooperative village project.<br \/>\nFurnishings for a bachelor apartment at the Exposition Universelle (Brussels, 1935).<br \/>\nWeekend house in the suburbs.<\/p>\n<p><strong>1936-1937<\/strong> <br \/>\nRedevelopment of slum district no. 6 (Paris).<br \/>\nCartesian skyscraper project.<br \/>\nCentre National de R\u00e9jouissance (National Center for Celebration) for 100,000 participants in the Bois de Vincennes.<br \/>\nAs part of the preparations for the 1937 International Exhibition:<br \/>\nProject A \u2013 housing exhibition<br \/>\nProject B \u2013 Unit\u00e9 d\u2019Habitation: the Bastion Kellermann housing block<br \/>\nProject C \u2013 Center for Contemporary Aesthetics for the exhibition<br \/>\nProject D \u2013 Pavillon des Temps Nouveaux also known as the Mus\u00e9e d\u2019\u00c9ducation Populaire.<br \/>\nPrototype of the sanitary unit shown in the Union des Artistes Modernes pavilion, with Jean Prouv\u00e9 and Charlotte Perriand.<br \/>\nProject for a dry mounted aluminum bivouac shelter, with Charlotte Perriand and engineer A. Tournon.<br \/>\nJaoul weekend house.<br \/>\nSpring 1937: Charlotte Perriand leaves the studio at 35 rue de S\u00e8vres.<\/p>\n<p><strong>1938-1939<\/strong> <br \/>\nIdeal Home Exhibition (London).<br \/>\n\u201cUnlimited growth\u201d museum.<br \/>\n\u201cMaison \u00e0 sec\u201d.<br \/>\nWinter sport resort in the Vall\u00e9e de Vars.<br \/>\nBiology research station (Roscoff).<br \/>\nLate 1939: designs light buildings for war refugees. Projects forportal frame buildings with Le Corbusier and Jean Prouv\u00e9 (temporary schools, village club, housing, etc.).<br \/>\n12 December 1939: creation of the Bureau Central de Construction (BCC) by Georges Blanchon, with Le Corbusier, Pierre Jeanneret, Charlotte Perriand, and Jean Prouv\u00e9.<\/p>\n<p><strong>1939-1940<\/strong> <br \/>\nDemountable portal frame structures for the SCAL at Issoire, with Jean Prouv\u00e9: housing, dormitories, club, design building, refectory, infirmary, offices, etc.<br \/>\nHouse projects for the S.P.A (Lannemezan, 1940).<br \/>\nMay 1940: Charlotte Perriand leaves for Japan.<br \/>\nJune-December 1940: stays at Ozon in southwestern France<br \/>\nwith Le Corbusier and his wife Yvonne.<br \/>\n5 December 1940: Pierre Jeanneret joins the BCC in Grenoble; Le Corbusier remains aloof.<\/p>\n<p><strong>1941-1944<\/strong> <br \/>\nFurniture for Georges Blanchon\u2019s office (sideboard, table, desk, screen).<br \/>\nF 8\u00d78 BCC houses with Jean Prouv\u00e9 (1941-42) in Saint-Auban, Gardanne, Salindres, Brignoles, Lunel, B\u00e9darieux.<br \/>\nFurniture including a table for Jean Prouv\u00e9\u2019s family (Nancy).<br \/>\nTCD house.<br \/>\nS4F house.<br \/>\nV5 house.<br \/>\n\u201c101\u201d transportable house.<br \/>\nFurniture and fittings for the home of the sports director at the Solvay plant in Dombasle.<br \/>\nFurnishings for the L\u2019\u00c9quipement de la Maison company which takes them over and expands the BCC catalog.<br \/>\nDesigns the acronym for the FFI (French Forces of the Interior).<br \/>\nDesigns the \u00c9cole des Cadres (Uriage).<br \/>\nF 8\u00d78 \u2013 BAPJ house with Jean Prouv\u00e9 (1944). <\/p>\n<p><strong>1945-1946<\/strong> <br \/>\nUrban development project for Grenoble on the Fort Robeau site.<br \/>\nRefits the Is\u00e8re d\u00e9partement Prefecture building.<br \/>\nOffice block project for the Lion Noir company (Lyon).<br \/>\n17 October 1946: he declines Le Corbusier\u2019s invitation to join the ATBAT constructors group.<br \/>\nTrip to the United States: crosses the country with Alexander Calder.<br \/>\nContract with Knoll for \u201cChair 92\u201d.<\/p>\n<p><strong>1947-1949<\/strong> <br \/>\nMaster plan for Puteaux.<br \/>\nProject for a block of 200 apartments (Puteaux).<br \/>\nProjects for chalets in the Alps.<br \/>\nProject for the FT house in the Paris suburbs.<br \/>\nCalled on by Le Corbusier for the renovation of the facades of the Swiss pavilion at the Cit\u00e9 Internationale Universitaire and the Cit\u00e9 du Refuge (Paris).<br \/>\nPlouet house (Ile de Br\u00e9hat).<br \/>\nRefuses again to join the ATBAT.<br \/>\nVocational High School (B\u00e9ziers, with Domingo Escorsa).<br \/>\nHoliday house project (Frontignan).<\/p>\n<p><strong>1951-1965<\/strong> <br \/>\nJanuary 1951: Pierre Jeanneret joins the team commissioned by the Indian government to build Chandigarh, the new capital of Punjab, with Le Corbusier, Maxwell Fry, and Jane Drew.<br \/>\nWorks with Maxwell Fry and Jane Drew until 1954, then on his own with the Chandigarh architects and engineers office.<br \/>\nNumerous programs: individual and collective accommodations for all social classes, the Chandigarh Architects\u2019 Agency, schools, university dormitories, hospitals, library, etc.<br \/>\nFurniture for Chandigarh\u2019s public buildings: High Court, Secretariat, Legislative Assembly, Library, etc.<br \/>\nGandhi Bhavan, memorial to Gandhi.<br \/>\nBoat prototypes.<br \/>\nIn addition to Chandigarh, he undertakes urban development and architectural work in Pandoh, Sundernagar, Slapper, Ahmedabad, and Talwara.<br \/>\nThroughout these years, in addition to his own work, Pierre Jeanneret coordinates the oversight teams for the monumental esplanade designed for the Capitol by Le Corbusier, notably including the Legislative Assembly, the High Court, the Secretariat, and other, more modest building such as the museum and the school of architecture.<\/p>\n<p><strong>1965<\/strong> <br \/>\nAugust: for health reasons he returns to live with his niece Jacqueline Jeanneret in Switzerland.<\/p>\n<p><strong>1967<\/strong> <br \/>\n4 December: Pierre Jeanneret dies in Geneva.<\/p>\n","protected":false},"excerpt":{"rendered":"<p>1896 22 March: Pierre Jeanneret is born in Geneva. 1913-1919 Studies architecture at the Ecole des Beaux-Arts in Geneva, with a period of service in the Swiss Army in 1916\u201317. 1920 January: leaves Switzerland and works for the Perret brothers in Paris. Designs the covers for the magazine L\u2019Esprit nouveau, founded in October. 1921 July: [&hellip;]<\/p>\n","protected":false},"author":2,"featured_media":0,"parent":0,"menu_order":0,"comment_status":"closed","ping_status":"closed","template":"","meta":{"_acf_changed":false,"footnotes":""},"class_list":["post-36584","page","type-page","status-publish","hentry"],"acf":[],"yoast_head":"<!-- This site is optimized with the Yoast SEO plugin v27.4 - https:\/\/yoast.com\/product\/yoast-seo-wordpress\/ -->\n<title>cv-pierre-jeanneret - Galerie Patrick Seguin<\/title>\n<meta name=\"robots\" content=\"index, follow, max-snippet:-1, max-image-preview:large, max-video-preview:-1\" \/>\n<link rel=\"canonical\" href=\"https:\/\/www.patrickseguin.com\/en\/cv-pierre-jeanneret-2\/\" \/>\n<meta property=\"og:locale\" content=\"en_US\" \/>\n<meta property=\"og:type\" content=\"article\" \/>\n<meta property=\"og:title\" content=\"cv-pierre-jeanneret - Galerie Patrick Seguin\" \/>\n<meta property=\"og:description\" content=\"1896 22 March: Pierre Jeanneret is born in Geneva. 1913-1919 Studies architecture at the Ecole des Beaux-Arts in Geneva, with a period of service in the Swiss Army in 1916\u201317. 1920 January: leaves Switzerland and works for the Perret brothers in Paris. Designs the covers for the magazine L\u2019Esprit nouveau, founded in October. 1921 July: [&hellip;]\" \/>\n<meta property=\"og:url\" content=\"https:\/\/www.patrickseguin.com\/en\/cv-pierre-jeanneret-2\/\" \/>\n<meta property=\"og:site_name\" content=\"Patrick Seguin\" \/>\n<meta property=\"article:publisher\" content=\"https:\/\/www.facebook.com\/galeriepatrickseguin\" \/>\n<meta property=\"article:modified_time\" content=\"2025-08-28T11:57:28+00:00\" \/>\n<meta name=\"twitter:card\" content=\"summary_large_image\" \/>\n<meta name=\"twitter:site\" content=\"@GaleriePSeguin\" \/>\n<meta name=\"twitter:label1\" content=\"Est. reading time\" \/>\n\t<meta name=\"twitter:data1\" content=\"6 minutes\" \/>\n<script type=\"application\/ld+json\" class=\"yoast-schema-graph\">{\"@context\":\"https:\\\/\\\/schema.org\",\"@graph\":[{\"@type\":\"WebPage\",\"@id\":\"https:\\\/\\\/www.patrickseguin.com\\\/en\\\/cv-pierre-jeanneret-2\\\/\",\"url\":\"https:\\\/\\\/www.patrickseguin.com\\\/en\\\/cv-pierre-jeanneret-2\\\/\",\"name\":\"cv-pierre-jeanneret - Galerie Patrick Seguin\",\"isPartOf\":{\"@id\":\"https:\\\/\\\/www.patrickseguin.com\\\/en\\\/#website\"},\"datePublished\":\"2016-02-18T16:06:30+00:00\",\"dateModified\":\"2025-08-28T11:57:28+00:00\",\"inLanguage\":\"en-US\",\"potentialAction\":[{\"@type\":\"ReadAction\",\"target\":[\"https:\\\/\\\/www.patrickseguin.com\\\/en\\\/cv-pierre-jeanneret-2\\\/\"]}]},{\"@type\":\"WebSite\",\"@id\":\"https:\\\/\\\/www.patrickseguin.com\\\/en\\\/#website\",\"url\":\"https:\\\/\\\/www.patrickseguin.com\\\/en\\\/\",\"name\":\"Galerie Patrick Seguin\",\"description\":\"\",\"publisher\":{\"@id\":\"https:\\\/\\\/www.patrickseguin.com\\\/en\\\/#organization\"},\"potentialAction\":[{\"@type\":\"SearchAction\",\"target\":{\"@type\":\"EntryPoint\",\"urlTemplate\":\"https:\\\/\\\/www.patrickseguin.com\\\/en\\\/?s={search_term_string}\"},\"query-input\":{\"@type\":\"PropertyValueSpecification\",\"valueRequired\":true,\"valueName\":\"search_term_string\"}}],\"inLanguage\":\"en-US\"},{\"@type\":\"Organization\",\"@id\":\"https:\\\/\\\/www.patrickseguin.com\\\/en\\\/#organization\",\"name\":\"Galerie Patrick Seguin\",\"url\":\"https:\\\/\\\/www.patrickseguin.com\\\/en\\\/\",\"logo\":{\"@type\":\"ImageObject\",\"inLanguage\":\"en-US\",\"@id\":\"https:\\\/\\\/www.patrickseguin.com\\\/en\\\/#\\\/schema\\\/logo\\\/image\\\/\",\"url\":\"https:\\\/\\\/www.patrickseguin.com\\\/wp-content\\\/uploads\\\/2020\\\/06\\\/ELEMENTSPOURMAX-25.png\",\"contentUrl\":\"https:\\\/\\\/www.patrickseguin.com\\\/wp-content\\\/uploads\\\/2020\\\/06\\\/ELEMENTSPOURMAX-25.png\",\"width\":2226,\"height\":122,\"caption\":\"Galerie Patrick Seguin\"},\"image\":{\"@id\":\"https:\\\/\\\/www.patrickseguin.com\\\/en\\\/#\\\/schema\\\/logo\\\/image\\\/\"},\"sameAs\":[\"https:\\\/\\\/www.facebook.com\\\/galeriepatrickseguin\",\"https:\\\/\\\/x.com\\\/GaleriePSeguin\"]}]}<\/script>\n<!-- \/ Yoast SEO plugin. -->","yoast_head_json":{"title":"cv-pierre-jeanneret - Galerie Patrick Seguin","robots":{"index":"index","follow":"follow","max-snippet":"max-snippet:-1","max-image-preview":"max-image-preview:large","max-video-preview":"max-video-preview:-1"},"canonical":"https:\/\/www.patrickseguin.com\/en\/cv-pierre-jeanneret-2\/","og_locale":"en_US","og_type":"article","og_title":"cv-pierre-jeanneret - Galerie Patrick Seguin","og_description":"1896 22 March: Pierre Jeanneret is born in Geneva. 1913-1919 Studies architecture at the Ecole des Beaux-Arts in Geneva, with a period of service in the Swiss Army in 1916\u201317. 1920 January: leaves Switzerland and works for the Perret brothers in Paris. Designs the covers for the magazine L\u2019Esprit nouveau, founded in October. 1921 July: [&hellip;]","og_url":"https:\/\/www.patrickseguin.com\/en\/cv-pierre-jeanneret-2\/","og_site_name":"Patrick Seguin","article_publisher":"https:\/\/www.facebook.com\/galeriepatrickseguin","article_modified_time":"2025-08-28T11:57:28+00:00","twitter_card":"summary_large_image","twitter_site":"@GaleriePSeguin","twitter_misc":{"Est. reading time":"6 minutes"},"schema":{"@context":"https:\/\/schema.org","@graph":[{"@type":"WebPage","@id":"https:\/\/www.patrickseguin.com\/en\/cv-pierre-jeanneret-2\/","url":"https:\/\/www.patrickseguin.com\/en\/cv-pierre-jeanneret-2\/","name":"cv-pierre-jeanneret - Galerie Patrick Seguin","isPartOf":{"@id":"https:\/\/www.patrickseguin.com\/en\/#website"},"datePublished":"2016-02-18T16:06:30+00:00","dateModified":"2025-08-28T11:57:28+00:00","inLanguage":"en-US","potentialAction":[{"@type":"ReadAction","target":["https:\/\/www.patrickseguin.com\/en\/cv-pierre-jeanneret-2\/"]}]},{"@type":"WebSite","@id":"https:\/\/www.patrickseguin.com\/en\/#website","url":"https:\/\/www.patrickseguin.com\/en\/","name":"Galerie Patrick Seguin","description":"","publisher":{"@id":"https:\/\/www.patrickseguin.com\/en\/#organization"},"potentialAction":[{"@type":"SearchAction","target":{"@type":"EntryPoint","urlTemplate":"https:\/\/www.patrickseguin.com\/en\/?s={search_term_string}"},"query-input":{"@type":"PropertyValueSpecification","valueRequired":true,"valueName":"search_term_string"}}],"inLanguage":"en-US"},{"@type":"Organization","@id":"https:\/\/www.patrickseguin.com\/en\/#organization","name":"Galerie Patrick Seguin","url":"https:\/\/www.patrickseguin.com\/en\/","logo":{"@type":"ImageObject","inLanguage":"en-US","@id":"https:\/\/www.patrickseguin.com\/en\/#\/schema\/logo\/image\/","url":"https:\/\/www.patrickseguin.com\/wp-content\/uploads\/2020\/06\/ELEMENTSPOURMAX-25.png","contentUrl":"https:\/\/www.patrickseguin.com\/wp-content\/uploads\/2020\/06\/ELEMENTSPOURMAX-25.png","width":2226,"height":122,"caption":"Galerie Patrick Seguin"},"image":{"@id":"https:\/\/www.patrickseguin.com\/en\/#\/schema\/logo\/image\/"},"sameAs":["https:\/\/www.facebook.com\/galeriepatrickseguin","https:\/\/x.com\/GaleriePSeguin"]}]}},"_links":{"self":[{"href":"https:\/\/www.patrickseguin.com\/en\/wp-json\/wp\/v2\/pages\/36584","targetHints":{"allow":["GET"]}}],"collection":[{"href":"https:\/\/www.patrickseguin.com\/en\/wp-json\/wp\/v2\/pages"}],"about":[{"href":"https:\/\/www.patrickseguin.com\/en\/wp-json\/wp\/v2\/types\/page"}],"author":[{"embeddable":true,"href":"https:\/\/www.patrickseguin.com\/en\/wp-json\/wp\/v2\/users\/2"}],"replies":[{"embeddable":true,"href":"https:\/\/www.patrickseguin.com\/en\/wp-json\/wp\/v2\/comments?post=36584"}],"version-history":[{"count":4,"href":"https:\/\/www.patrickseguin.com\/en\/wp-json\/wp\/v2\/pages\/36584\/revisions"}],"predecessor-version":[{"id":45785,"href":"https:\/\/www.patrickseguin.com\/en\/wp-json\/wp\/v2\/pages\/36584\/revisions\/45785"}],"wp:attachment":[{"href":"https:\/\/www.patrickseguin.com\/en\/wp-json\/wp\/v2\/media?parent=36584"}],"curies":[{"name":"wp","href":"https:\/\/api.w.org\/{rel}","templated":true}]}}