{"id":42898,"date":"2017-11-06T13:02:21","date_gmt":"2017-11-06T12:02:21","guid":{"rendered":"https:\/\/www.patrickseguin.com\/produit\/jean-prouve-double-volume\/"},"modified":"2025-12-26T00:00:03","modified_gmt":"2025-12-25T23:00:03","slug":"jean-prouve-double-volume","status":"publish","type":"product","link":"https:\/\/www.patrickseguin.com\/en\/produit\/jean-prouve-double-volume\/","title":{"rendered":"JEAN PROUV\u00c9"},"content":{"rendered":"<div class=\"slider-gallery\"><div class=\"swiperProduct\">\n            <div class=\"swiper-wrapper\"><div class=\"swiper-slide\"><img fetchpriority=\"high\" decoding=\"async\" width=\"1600\" height=\"1200\" src=\"https:\/\/www.patrickseguin.com\/wp-content\/uploads\/2017\/11\/jp-dv-page-0.jpg\" class=\"attachment-full size-full\" alt=\"\" srcset=\"https:\/\/www.patrickseguin.com\/wp-content\/uploads\/2017\/11\/jp-dv-page-0.jpg 1600w, https:\/\/www.patrickseguin.com\/wp-content\/uploads\/2017\/11\/jp-dv-page-0-380x285.jpg 380w, https:\/\/www.patrickseguin.com\/wp-content\/uploads\/2017\/11\/jp-dv-page-0-1024x768.jpg 1024w, https:\/\/www.patrickseguin.com\/wp-content\/uploads\/2017\/11\/jp-dv-page-0-768x576.jpg 768w, https:\/\/www.patrickseguin.com\/wp-content\/uploads\/2017\/11\/jp-dv-page-0-1536x1152.jpg 1536w, https:\/\/www.patrickseguin.com\/wp-content\/uploads\/2017\/11\/jp-dv-page-0-400x300.jpg 400w, https:\/\/www.patrickseguin.com\/wp-content\/uploads\/2017\/11\/jp-dv-page-0-600x450.jpg 600w\" sizes=\"(max-width: 1600px) 100vw, 1600px\" \/><\/div><div class=\"swiper-slide\"><img decoding=\"async\" width=\"1600\" height=\"1200\" src=\"https:\/\/www.patrickseguin.com\/wp-content\/uploads\/2017\/11\/jp-dv-page-1.jpg\" class=\"attachment-full size-full\" alt=\"\" srcset=\"https:\/\/www.patrickseguin.com\/wp-content\/uploads\/2017\/11\/jp-dv-page-1.jpg 1600w, https:\/\/www.patrickseguin.com\/wp-content\/uploads\/2017\/11\/jp-dv-page-1-380x285.jpg 380w, https:\/\/www.patrickseguin.com\/wp-content\/uploads\/2017\/11\/jp-dv-page-1-1024x768.jpg 1024w, https:\/\/www.patrickseguin.com\/wp-content\/uploads\/2017\/11\/jp-dv-page-1-768x576.jpg 768w, https:\/\/www.patrickseguin.com\/wp-content\/uploads\/2017\/11\/jp-dv-page-1-1536x1152.jpg 1536w, https:\/\/www.patrickseguin.com\/wp-content\/uploads\/2017\/11\/jp-dv-page-1-400x300.jpg 400w, https:\/\/www.patrickseguin.com\/wp-content\/uploads\/2017\/11\/jp-dv-page-1-600x450.jpg 600w\" sizes=\"(max-width: 1600px) 100vw, 1600px\" \/><\/div><div class=\"swiper-slide\"><img decoding=\"async\" width=\"1600\" height=\"1200\" src=\"https:\/\/www.patrickseguin.com\/wp-content\/uploads\/2017\/11\/jp-dv-page-2.jpg\" class=\"attachment-full size-full\" alt=\"\" srcset=\"https:\/\/www.patrickseguin.com\/wp-content\/uploads\/2017\/11\/jp-dv-page-2.jpg 1600w, https:\/\/www.patrickseguin.com\/wp-content\/uploads\/2017\/11\/jp-dv-page-2-380x285.jpg 380w, https:\/\/www.patrickseguin.com\/wp-content\/uploads\/2017\/11\/jp-dv-page-2-1024x768.jpg 1024w, https:\/\/www.patrickseguin.com\/wp-content\/uploads\/2017\/11\/jp-dv-page-2-768x576.jpg 768w, https:\/\/www.patrickseguin.com\/wp-content\/uploads\/2017\/11\/jp-dv-page-2-1536x1152.jpg 1536w, https:\/\/www.patrickseguin.com\/wp-content\/uploads\/2017\/11\/jp-dv-page-2-400x300.jpg 400w, https:\/\/www.patrickseguin.com\/wp-content\/uploads\/2017\/11\/jp-dv-page-2-600x450.jpg 600w\" sizes=\"(max-width: 1600px) 100vw, 1600px\" \/><\/div><div class=\"swiper-slide\"><img loading=\"lazy\" decoding=\"async\" width=\"1600\" height=\"1200\" src=\"https:\/\/www.patrickseguin.com\/wp-content\/uploads\/2017\/11\/jp-dv-page-3.jpg\" class=\"attachment-full size-full\" alt=\"\" srcset=\"https:\/\/www.patrickseguin.com\/wp-content\/uploads\/2017\/11\/jp-dv-page-3.jpg 1600w, https:\/\/www.patrickseguin.com\/wp-content\/uploads\/2017\/11\/jp-dv-page-3-380x285.jpg 380w, https:\/\/www.patrickseguin.com\/wp-content\/uploads\/2017\/11\/jp-dv-page-3-1024x768.jpg 1024w, https:\/\/www.patrickseguin.com\/wp-content\/uploads\/2017\/11\/jp-dv-page-3-768x576.jpg 768w, https:\/\/www.patrickseguin.com\/wp-content\/uploads\/2017\/11\/jp-dv-page-3-1536x1152.jpg 1536w, https:\/\/www.patrickseguin.com\/wp-content\/uploads\/2017\/11\/jp-dv-page-3-400x300.jpg 400w, https:\/\/www.patrickseguin.com\/wp-content\/uploads\/2017\/11\/jp-dv-page-3-600x450.jpg 600w\" sizes=\"(max-width: 1600px) 100vw, 1600px\" \/><\/div><div class=\"swiper-slide\"><img loading=\"lazy\" decoding=\"async\" width=\"1600\" height=\"1200\" src=\"https:\/\/www.patrickseguin.com\/wp-content\/uploads\/2017\/11\/jp-dv-page-4.jpg\" class=\"attachment-full size-full\" alt=\"\" srcset=\"https:\/\/www.patrickseguin.com\/wp-content\/uploads\/2017\/11\/jp-dv-page-4.jpg 1600w, https:\/\/www.patrickseguin.com\/wp-content\/uploads\/2017\/11\/jp-dv-page-4-380x285.jpg 380w, https:\/\/www.patrickseguin.com\/wp-content\/uploads\/2017\/11\/jp-dv-page-4-1024x768.jpg 1024w, https:\/\/www.patrickseguin.com\/wp-content\/uploads\/2017\/11\/jp-dv-page-4-768x576.jpg 768w, https:\/\/www.patrickseguin.com\/wp-content\/uploads\/2017\/11\/jp-dv-page-4-1536x1152.jpg 1536w, https:\/\/www.patrickseguin.com\/wp-content\/uploads\/2017\/11\/jp-dv-page-4-400x300.jpg 400w, https:\/\/www.patrickseguin.com\/wp-content\/uploads\/2017\/11\/jp-dv-page-4-600x450.jpg 600w\" sizes=\"(max-width: 1600px) 100vw, 1600px\" \/><\/div><div class=\"swiper-slide\"><img loading=\"lazy\" decoding=\"async\" width=\"1600\" height=\"1200\" src=\"https:\/\/www.patrickseguin.com\/wp-content\/uploads\/2017\/11\/jp-dv-page-5.jpg\" class=\"attachment-full size-full\" alt=\"\" srcset=\"https:\/\/www.patrickseguin.com\/wp-content\/uploads\/2017\/11\/jp-dv-page-5.jpg 1600w, https:\/\/www.patrickseguin.com\/wp-content\/uploads\/2017\/11\/jp-dv-page-5-380x285.jpg 380w, https:\/\/www.patrickseguin.com\/wp-content\/uploads\/2017\/11\/jp-dv-page-5-1024x768.jpg 1024w, https:\/\/www.patrickseguin.com\/wp-content\/uploads\/2017\/11\/jp-dv-page-5-768x576.jpg 768w, https:\/\/www.patrickseguin.com\/wp-content\/uploads\/2017\/11\/jp-dv-page-5-1536x1152.jpg 1536w, https:\/\/www.patrickseguin.com\/wp-content\/uploads\/2017\/11\/jp-dv-page-5-400x300.jpg 400w, https:\/\/www.patrickseguin.com\/wp-content\/uploads\/2017\/11\/jp-dv-page-5-600x450.jpg 600w\" sizes=\"(max-width: 1600px) 100vw, 1600px\" \/><\/div>\n            <\/div>\n\n            <div class=\"swiper-button-prev\"><\/div>\n            <div class=\"swiper-button-next\"><\/div>\n            <\/div>\n            <\/div>\n            <!-- end gallery -->\n\t\t\t\t\n<p>The architect and designer Jean Prouv\u00e9 is acknowledged as one of the pioneers of innovative production processes for furniture and architecture in the 20th century. His avant-garde spirit, combined with human concerns, remains as relevant as ever.<\/p>\n<p>Presented as a two-volume box set, this important monograph is a greatly expanded reprint of the now out-of-print reference work published by <strong data-eusoft-scrollable-element=\"1\">GALERIE PATRICK SEGUIN <\/strong>in 2007.<\/p>\n<p>Fully bilingual, this didactic and comprehensive new publication presents the creator\u2019s work by typology in the areas of furniture and architecture. A new chapter looking at architecture reveals the full breadth and depth of Jean Prouv\u00e9\u2019s work.<\/p>\n","protected":false},"excerpt":{"rendered":"<p>The architect and designer Jean Prouv\u00e9 is acknowledged as one of the pioneers of innovative production processes for furniture and architecture in the 20th century. His avant-garde spirit, combined with human concerns, remains as relevant as ever. Presented as a two-volume box set, this important monograph is a greatly expanded reprint of the now out-of-print [&hellip;]<\/p>\n","protected":false},"featured_media":38513,"comment_status":"closed","ping_status":"closed","template":"","meta":{"_acf_changed":false},"product_brand":[],"product_cat":[238],"product_tag":[],"woo-feed-brand":[],"class_list":{"0":"post-42898","1":"product","2":"type-product","3":"status-publish","4":"has-post-thumbnail","6":"product_cat-book","8":"first","9":"instock","10":"taxable","11":"shipping-taxable","12":"purchasable","13":"product-type-simple"},"acf":[],"yoast_head":"<!-- This site is optimized with the Yoast SEO plugin v27.3 - https:\/\/yoast.com\/product\/yoast-seo-wordpress\/ -->\n<title>Jean Prouv\u00e9 - 2 volume boxed set - \u00c9dition Galerie Patrick Seguin, 2017<\/title>\n<meta name=\"description\" content=\"Jean Prouv\u00e9 double volume - \u00c9dition Galerie Patrick Seguin, 2017\" \/>\n<meta name=\"robots\" content=\"index, follow, max-snippet:-1, max-image-preview:large, max-video-preview:-1\" \/>\n<link rel=\"canonical\" href=\"https:\/\/www.patrickseguin.com\/en\/produit\/jean-prouve-double-volume\/\" \/>\n<meta property=\"og:locale\" content=\"en_US\" \/>\n<meta property=\"og:type\" content=\"article\" \/>\n<meta property=\"og:title\" content=\"Jean Prouv\u00e9 - 2 volume boxed set - \u00c9dition Galerie Patrick Seguin, 2017\" \/>\n<meta property=\"og:description\" content=\"Jean Prouv\u00e9 double volume - \u00c9dition Galerie Patrick Seguin, 2017\" \/>\n<meta property=\"og:url\" content=\"https:\/\/www.patrickseguin.com\/en\/produit\/jean-prouve-double-volume\/\" \/>\n<meta property=\"og:site_name\" content=\"Patrick Seguin\" \/>\n<meta property=\"article:publisher\" content=\"https:\/\/www.facebook.com\/galeriepatrickseguin\" \/>\n<meta property=\"article:modified_time\" content=\"2025-12-25T23:00:03+00:00\" \/>\n<meta property=\"og:image\" content=\"https:\/\/www.patrickseguin.com\/wp-content\/uploads\/2017\/11\/gabarit-couvertures-general-copie6.jpg\" \/>\n\t<meta property=\"og:image:width\" content=\"1282\" \/>\n\t<meta property=\"og:image:height\" content=\"1600\" \/>\n\t<meta property=\"og:image:type\" content=\"image\/jpeg\" \/>\n<meta name=\"twitter:card\" content=\"summary_large_image\" \/>\n<meta name=\"twitter:site\" content=\"@GaleriePSeguin\" \/>\n<meta name=\"twitter:label1\" content=\"Est. reading time\" \/>\n\t<meta name=\"twitter:data1\" content=\"1 minute\" \/>\n<script type=\"application\/ld+json\" class=\"yoast-schema-graph\">{\"@context\":\"https:\\\/\\\/schema.org\",\"@graph\":[{\"@type\":\"WebPage\",\"@id\":\"https:\\\/\\\/www.patrickseguin.com\\\/en\\\/produit\\\/jean-prouve-double-volume\\\/\",\"url\":\"https:\\\/\\\/www.patrickseguin.com\\\/en\\\/produit\\\/jean-prouve-double-volume\\\/\",\"name\":\"Jean Prouv\u00e9 - 2 volume boxed set - \u00c9dition Galerie Patrick Seguin, 2017\",\"isPartOf\":{\"@id\":\"https:\\\/\\\/www.patrickseguin.com\\\/en\\\/#website\"},\"primaryImageOfPage\":{\"@id\":\"https:\\\/\\\/www.patrickseguin.com\\\/en\\\/produit\\\/jean-prouve-double-volume\\\/#primaryimage\"},\"image\":{\"@id\":\"https:\\\/\\\/www.patrickseguin.com\\\/en\\\/produit\\\/jean-prouve-double-volume\\\/#primaryimage\"},\"thumbnailUrl\":\"https:\\\/\\\/www.patrickseguin.com\\\/wp-content\\\/uploads\\\/2017\\\/11\\\/gabarit-couvertures-general-copie6.jpg\",\"datePublished\":\"2017-11-06T12:02:21+00:00\",\"dateModified\":\"2025-12-25T23:00:03+00:00\",\"description\":\"Jean Prouv\u00e9 double volume - \u00c9dition Galerie Patrick Seguin, 2017\",\"breadcrumb\":{\"@id\":\"https:\\\/\\\/www.patrickseguin.com\\\/en\\\/produit\\\/jean-prouve-double-volume\\\/#breadcrumb\"},\"inLanguage\":\"en-US\",\"potentialAction\":[{\"@type\":\"ReadAction\",\"target\":[\"https:\\\/\\\/www.patrickseguin.com\\\/en\\\/produit\\\/jean-prouve-double-volume\\\/\"]}]},{\"@type\":\"ImageObject\",\"inLanguage\":\"en-US\",\"@id\":\"https:\\\/\\\/www.patrickseguin.com\\\/en\\\/produit\\\/jean-prouve-double-volume\\\/#primaryimage\",\"url\":\"https:\\\/\\\/www.patrickseguin.com\\\/wp-content\\\/uploads\\\/2017\\\/11\\\/gabarit-couvertures-general-copie6.jpg\",\"contentUrl\":\"https:\\\/\\\/www.patrickseguin.com\\\/wp-content\\\/uploads\\\/2017\\\/11\\\/gabarit-couvertures-general-copie6.jpg\",\"width\":1282,\"height\":1600},{\"@type\":\"BreadcrumbList\",\"@id\":\"https:\\\/\\\/www.patrickseguin.com\\\/en\\\/produit\\\/jean-prouve-double-volume\\\/#breadcrumb\",\"itemListElement\":[{\"@type\":\"ListItem\",\"position\":1,\"name\":\"PUBLICATIONS\",\"item\":\"https:\\\/\\\/www.patrickseguin.com\\\/en\\\/bookstore\\\/\"},{\"@type\":\"ListItem\",\"position\":2,\"name\":\"JEAN PROUV\u00c9\"}]},{\"@type\":\"WebSite\",\"@id\":\"https:\\\/\\\/www.patrickseguin.com\\\/en\\\/#website\",\"url\":\"https:\\\/\\\/www.patrickseguin.com\\\/en\\\/\",\"name\":\"Galerie Patrick Seguin\",\"description\":\"\",\"publisher\":{\"@id\":\"https:\\\/\\\/www.patrickseguin.com\\\/en\\\/#organization\"},\"potentialAction\":[{\"@type\":\"SearchAction\",\"target\":{\"@type\":\"EntryPoint\",\"urlTemplate\":\"https:\\\/\\\/www.patrickseguin.com\\\/en\\\/?s={search_term_string}\"},\"query-input\":{\"@type\":\"PropertyValueSpecification\",\"valueRequired\":true,\"valueName\":\"search_term_string\"}}],\"inLanguage\":\"en-US\"},{\"@type\":\"Organization\",\"@id\":\"https:\\\/\\\/www.patrickseguin.com\\\/en\\\/#organization\",\"name\":\"Galerie Patrick Seguin\",\"url\":\"https:\\\/\\\/www.patrickseguin.com\\\/en\\\/\",\"logo\":{\"@type\":\"ImageObject\",\"inLanguage\":\"en-US\",\"@id\":\"https:\\\/\\\/www.patrickseguin.com\\\/en\\\/#\\\/schema\\\/logo\\\/image\\\/\",\"url\":\"https:\\\/\\\/www.patrickseguin.com\\\/wp-content\\\/uploads\\\/2020\\\/06\\\/ELEMENTSPOURMAX-25.png\",\"contentUrl\":\"https:\\\/\\\/www.patrickseguin.com\\\/wp-content\\\/uploads\\\/2020\\\/06\\\/ELEMENTSPOURMAX-25.png\",\"width\":2226,\"height\":122,\"caption\":\"Galerie Patrick Seguin\"},\"image\":{\"@id\":\"https:\\\/\\\/www.patrickseguin.com\\\/en\\\/#\\\/schema\\\/logo\\\/image\\\/\"},\"sameAs\":[\"https:\\\/\\\/www.facebook.com\\\/galeriepatrickseguin\",\"https:\\\/\\\/x.com\\\/GaleriePSeguin\"]}]}<\/script>\n<!-- \/ Yoast SEO plugin. -->","yoast_head_json":{"title":"Jean Prouv\u00e9 - 2 volume boxed set - \u00c9dition Galerie Patrick Seguin, 2017","description":"Jean Prouv\u00e9 double volume - \u00c9dition Galerie Patrick Seguin, 2017","robots":{"index":"index","follow":"follow","max-snippet":"max-snippet:-1","max-image-preview":"max-image-preview:large","max-video-preview":"max-video-preview:-1"},"canonical":"https:\/\/www.patrickseguin.com\/en\/produit\/jean-prouve-double-volume\/","og_locale":"en_US","og_type":"article","og_title":"Jean Prouv\u00e9 - 2 volume boxed set - \u00c9dition Galerie Patrick Seguin, 2017","og_description":"Jean Prouv\u00e9 double volume - \u00c9dition Galerie Patrick Seguin, 2017","og_url":"https:\/\/www.patrickseguin.com\/en\/produit\/jean-prouve-double-volume\/","og_site_name":"Patrick Seguin","article_publisher":"https:\/\/www.facebook.com\/galeriepatrickseguin","article_modified_time":"2025-12-25T23:00:03+00:00","og_image":[{"width":1282,"height":1600,"url":"https:\/\/www.patrickseguin.com\/wp-content\/uploads\/2017\/11\/gabarit-couvertures-general-copie6.jpg","type":"image\/jpeg"}],"twitter_card":"summary_large_image","twitter_site":"@GaleriePSeguin","twitter_misc":{"Est. reading time":"1 minute"},"schema":{"@context":"https:\/\/schema.org","@graph":[{"@type":"WebPage","@id":"https:\/\/www.patrickseguin.com\/en\/produit\/jean-prouve-double-volume\/","url":"https:\/\/www.patrickseguin.com\/en\/produit\/jean-prouve-double-volume\/","name":"Jean Prouv\u00e9 - 2 volume boxed set - \u00c9dition Galerie Patrick Seguin, 2017","isPartOf":{"@id":"https:\/\/www.patrickseguin.com\/en\/#website"},"primaryImageOfPage":{"@id":"https:\/\/www.patrickseguin.com\/en\/produit\/jean-prouve-double-volume\/#primaryimage"},"image":{"@id":"https:\/\/www.patrickseguin.com\/en\/produit\/jean-prouve-double-volume\/#primaryimage"},"thumbnailUrl":"https:\/\/www.patrickseguin.com\/wp-content\/uploads\/2017\/11\/gabarit-couvertures-general-copie6.jpg","datePublished":"2017-11-06T12:02:21+00:00","dateModified":"2025-12-25T23:00:03+00:00","description":"Jean Prouv\u00e9 double volume - \u00c9dition Galerie Patrick Seguin, 2017","breadcrumb":{"@id":"https:\/\/www.patrickseguin.com\/en\/produit\/jean-prouve-double-volume\/#breadcrumb"},"inLanguage":"en-US","potentialAction":[{"@type":"ReadAction","target":["https:\/\/www.patrickseguin.com\/en\/produit\/jean-prouve-double-volume\/"]}]},{"@type":"ImageObject","inLanguage":"en-US","@id":"https:\/\/www.patrickseguin.com\/en\/produit\/jean-prouve-double-volume\/#primaryimage","url":"https:\/\/www.patrickseguin.com\/wp-content\/uploads\/2017\/11\/gabarit-couvertures-general-copie6.jpg","contentUrl":"https:\/\/www.patrickseguin.com\/wp-content\/uploads\/2017\/11\/gabarit-couvertures-general-copie6.jpg","width":1282,"height":1600},{"@type":"BreadcrumbList","@id":"https:\/\/www.patrickseguin.com\/en\/produit\/jean-prouve-double-volume\/#breadcrumb","itemListElement":[{"@type":"ListItem","position":1,"name":"PUBLICATIONS","item":"https:\/\/www.patrickseguin.com\/en\/bookstore\/"},{"@type":"ListItem","position":2,"name":"JEAN PROUV\u00c9"}]},{"@type":"WebSite","@id":"https:\/\/www.patrickseguin.com\/en\/#website","url":"https:\/\/www.patrickseguin.com\/en\/","name":"Galerie Patrick Seguin","description":"","publisher":{"@id":"https:\/\/www.patrickseguin.com\/en\/#organization"},"potentialAction":[{"@type":"SearchAction","target":{"@type":"EntryPoint","urlTemplate":"https:\/\/www.patrickseguin.com\/en\/?s={search_term_string}"},"query-input":{"@type":"PropertyValueSpecification","valueRequired":true,"valueName":"search_term_string"}}],"inLanguage":"en-US"},{"@type":"Organization","@id":"https:\/\/www.patrickseguin.com\/en\/#organization","name":"Galerie Patrick Seguin","url":"https:\/\/www.patrickseguin.com\/en\/","logo":{"@type":"ImageObject","inLanguage":"en-US","@id":"https:\/\/www.patrickseguin.com\/en\/#\/schema\/logo\/image\/","url":"https:\/\/www.patrickseguin.com\/wp-content\/uploads\/2020\/06\/ELEMENTSPOURMAX-25.png","contentUrl":"https:\/\/www.patrickseguin.com\/wp-content\/uploads\/2020\/06\/ELEMENTSPOURMAX-25.png","width":2226,"height":122,"caption":"Galerie Patrick Seguin"},"image":{"@id":"https:\/\/www.patrickseguin.com\/en\/#\/schema\/logo\/image\/"},"sameAs":["https:\/\/www.facebook.com\/galeriepatrickseguin","https:\/\/x.com\/GaleriePSeguin"]}]}},"_links":{"self":[{"href":"https:\/\/www.patrickseguin.com\/en\/wp-json\/wp\/v2\/product\/42898","targetHints":{"allow":["GET"]}}],"collection":[{"href":"https:\/\/www.patrickseguin.com\/en\/wp-json\/wp\/v2\/product"}],"about":[{"href":"https:\/\/www.patrickseguin.com\/en\/wp-json\/wp\/v2\/types\/product"}],"replies":[{"embeddable":true,"href":"https:\/\/www.patrickseguin.com\/en\/wp-json\/wp\/v2\/comments?post=42898"}],"wp:featuredmedia":[{"embeddable":true,"href":"https:\/\/www.patrickseguin.com\/en\/wp-json\/wp\/v2\/media\/38513"}],"wp:attachment":[{"href":"https:\/\/www.patrickseguin.com\/en\/wp-json\/wp\/v2\/media?parent=42898"}],"wp:term":[{"taxonomy":"product_brand","embeddable":true,"href":"https:\/\/www.patrickseguin.com\/en\/wp-json\/wp\/v2\/product_brand?post=42898"},{"taxonomy":"product_cat","embeddable":true,"href":"https:\/\/www.patrickseguin.com\/en\/wp-json\/wp\/v2\/product_cat?post=42898"},{"taxonomy":"product_tag","embeddable":true,"href":"https:\/\/www.patrickseguin.com\/en\/wp-json\/wp\/v2\/product_tag?post=42898"},{"taxonomy":"woo-feed-brand","embeddable":true,"href":"https:\/\/www.patrickseguin.com\/en\/wp-json\/wp\/v2\/woo-feed-brand?post=42898"}],"curies":[{"name":"wp","href":"https:\/\/api.w.org\/{rel}","templated":true}]}}