{"id":42915,"date":"2016-04-08T15:47:16","date_gmt":"2016-04-08T14:47:16","guid":{"rendered":"https:\/\/www.patrickseguin.com\/produit\/jean-prouve-demontable-metropole-1949-2\/"},"modified":"2025-12-26T00:00:03","modified_gmt":"2025-12-25T23:00:03","slug":"jean-prouve-demontable-metropole-1949-2","status":"publish","type":"product","link":"https:\/\/www.patrickseguin.com\/en\/produit\/jean-prouve-demontable-metropole-1949-2\/","title":{"rendered":"JEAN PROUV\u00c9 M\u00c9TROPOLE DEMOUNTABLE HOUSE, 1949 &#8211; VOL. 7"},"content":{"rendered":"<div class=\"slider-gallery\"><div class=\"swiperProduct\">\n            <div class=\"swiper-wrapper\"><div class=\"swiper-slide\"><img fetchpriority=\"high\" decoding=\"async\" width=\"1600\" height=\"1200\" src=\"https:\/\/www.patrickseguin.com\/wp-content\/uploads\/2016\/04\/metropole-couverture.jpg\" class=\"attachment-full size-full\" alt=\"\" srcset=\"https:\/\/www.patrickseguin.com\/wp-content\/uploads\/2016\/04\/metropole-couverture.jpg 1600w, https:\/\/www.patrickseguin.com\/wp-content\/uploads\/2016\/04\/metropole-couverture-380x285.jpg 380w, https:\/\/www.patrickseguin.com\/wp-content\/uploads\/2016\/04\/metropole-couverture-1024x768.jpg 1024w, https:\/\/www.patrickseguin.com\/wp-content\/uploads\/2016\/04\/metropole-couverture-768x576.jpg 768w, https:\/\/www.patrickseguin.com\/wp-content\/uploads\/2016\/04\/metropole-couverture-1536x1152.jpg 1536w, https:\/\/www.patrickseguin.com\/wp-content\/uploads\/2016\/04\/metropole-couverture-400x300.jpg 400w, https:\/\/www.patrickseguin.com\/wp-content\/uploads\/2016\/04\/metropole-couverture-600x450.jpg 600w\" sizes=\"(max-width: 1600px) 100vw, 1600px\" \/><\/div><div class=\"swiper-slide\"><img decoding=\"async\" width=\"1600\" height=\"1200\" src=\"https:\/\/www.patrickseguin.com\/wp-content\/uploads\/2016\/04\/gabarit-double-pages-copie1-2.jpg\" class=\"attachment-full size-full\" alt=\"\" srcset=\"https:\/\/www.patrickseguin.com\/wp-content\/uploads\/2016\/04\/gabarit-double-pages-copie1-2.jpg 1600w, https:\/\/www.patrickseguin.com\/wp-content\/uploads\/2016\/04\/gabarit-double-pages-copie1-2-380x285.jpg 380w, https:\/\/www.patrickseguin.com\/wp-content\/uploads\/2016\/04\/gabarit-double-pages-copie1-2-1024x768.jpg 1024w, https:\/\/www.patrickseguin.com\/wp-content\/uploads\/2016\/04\/gabarit-double-pages-copie1-2-768x576.jpg 768w, https:\/\/www.patrickseguin.com\/wp-content\/uploads\/2016\/04\/gabarit-double-pages-copie1-2-1536x1152.jpg 1536w, https:\/\/www.patrickseguin.com\/wp-content\/uploads\/2016\/04\/gabarit-double-pages-copie1-2-400x300.jpg 400w, https:\/\/www.patrickseguin.com\/wp-content\/uploads\/2016\/04\/gabarit-double-pages-copie1-2-600x450.jpg 600w\" sizes=\"(max-width: 1600px) 100vw, 1600px\" \/><\/div><div class=\"swiper-slide\"><img decoding=\"async\" width=\"1600\" height=\"1200\" src=\"https:\/\/www.patrickseguin.com\/wp-content\/uploads\/2016\/04\/gabarit-double-pages-copie2-2.jpg\" class=\"attachment-full size-full\" alt=\"\" srcset=\"https:\/\/www.patrickseguin.com\/wp-content\/uploads\/2016\/04\/gabarit-double-pages-copie2-2.jpg 1600w, https:\/\/www.patrickseguin.com\/wp-content\/uploads\/2016\/04\/gabarit-double-pages-copie2-2-380x285.jpg 380w, https:\/\/www.patrickseguin.com\/wp-content\/uploads\/2016\/04\/gabarit-double-pages-copie2-2-1024x768.jpg 1024w, https:\/\/www.patrickseguin.com\/wp-content\/uploads\/2016\/04\/gabarit-double-pages-copie2-2-768x576.jpg 768w, https:\/\/www.patrickseguin.com\/wp-content\/uploads\/2016\/04\/gabarit-double-pages-copie2-2-1536x1152.jpg 1536w, https:\/\/www.patrickseguin.com\/wp-content\/uploads\/2016\/04\/gabarit-double-pages-copie2-2-400x300.jpg 400w, https:\/\/www.patrickseguin.com\/wp-content\/uploads\/2016\/04\/gabarit-double-pages-copie2-2-600x450.jpg 600w\" sizes=\"(max-width: 1600px) 100vw, 1600px\" \/><\/div><div class=\"swiper-slide\"><img loading=\"lazy\" decoding=\"async\" width=\"1600\" height=\"1200\" src=\"https:\/\/www.patrickseguin.com\/wp-content\/uploads\/2016\/04\/gabarit-double-pages-copie3-2.jpg\" class=\"attachment-full size-full\" alt=\"\" srcset=\"https:\/\/www.patrickseguin.com\/wp-content\/uploads\/2016\/04\/gabarit-double-pages-copie3-2.jpg 1600w, https:\/\/www.patrickseguin.com\/wp-content\/uploads\/2016\/04\/gabarit-double-pages-copie3-2-380x285.jpg 380w, https:\/\/www.patrickseguin.com\/wp-content\/uploads\/2016\/04\/gabarit-double-pages-copie3-2-1024x768.jpg 1024w, https:\/\/www.patrickseguin.com\/wp-content\/uploads\/2016\/04\/gabarit-double-pages-copie3-2-768x576.jpg 768w, https:\/\/www.patrickseguin.com\/wp-content\/uploads\/2016\/04\/gabarit-double-pages-copie3-2-1536x1152.jpg 1536w, https:\/\/www.patrickseguin.com\/wp-content\/uploads\/2016\/04\/gabarit-double-pages-copie3-2-400x300.jpg 400w, https:\/\/www.patrickseguin.com\/wp-content\/uploads\/2016\/04\/gabarit-double-pages-copie3-2-600x450.jpg 600w\" sizes=\"(max-width: 1600px) 100vw, 1600px\" \/><\/div><div class=\"swiper-slide\"><img loading=\"lazy\" decoding=\"async\" width=\"1600\" height=\"1200\" src=\"https:\/\/www.patrickseguin.com\/wp-content\/uploads\/2016\/04\/gabarit-double-pages-copie4-2.jpg\" class=\"attachment-full size-full\" alt=\"\" srcset=\"https:\/\/www.patrickseguin.com\/wp-content\/uploads\/2016\/04\/gabarit-double-pages-copie4-2.jpg 1600w, https:\/\/www.patrickseguin.com\/wp-content\/uploads\/2016\/04\/gabarit-double-pages-copie4-2-380x285.jpg 380w, https:\/\/www.patrickseguin.com\/wp-content\/uploads\/2016\/04\/gabarit-double-pages-copie4-2-1024x768.jpg 1024w, https:\/\/www.patrickseguin.com\/wp-content\/uploads\/2016\/04\/gabarit-double-pages-copie4-2-768x576.jpg 768w, https:\/\/www.patrickseguin.com\/wp-content\/uploads\/2016\/04\/gabarit-double-pages-copie4-2-1536x1152.jpg 1536w, https:\/\/www.patrickseguin.com\/wp-content\/uploads\/2016\/04\/gabarit-double-pages-copie4-2-400x300.jpg 400w, https:\/\/www.patrickseguin.com\/wp-content\/uploads\/2016\/04\/gabarit-double-pages-copie4-2-600x450.jpg 600w\" sizes=\"(max-width: 1600px) 100vw, 1600px\" \/><\/div><div class=\"swiper-slide\"><img loading=\"lazy\" decoding=\"async\" width=\"1600\" height=\"1200\" src=\"https:\/\/www.patrickseguin.com\/wp-content\/uploads\/2016\/04\/gabarit-double-pages-copie5-2.jpg\" class=\"attachment-full size-full\" alt=\"\" srcset=\"https:\/\/www.patrickseguin.com\/wp-content\/uploads\/2016\/04\/gabarit-double-pages-copie5-2.jpg 1600w, https:\/\/www.patrickseguin.com\/wp-content\/uploads\/2016\/04\/gabarit-double-pages-copie5-2-380x285.jpg 380w, https:\/\/www.patrickseguin.com\/wp-content\/uploads\/2016\/04\/gabarit-double-pages-copie5-2-1024x768.jpg 1024w, https:\/\/www.patrickseguin.com\/wp-content\/uploads\/2016\/04\/gabarit-double-pages-copie5-2-768x576.jpg 768w, https:\/\/www.patrickseguin.com\/wp-content\/uploads\/2016\/04\/gabarit-double-pages-copie5-2-1536x1152.jpg 1536w, https:\/\/www.patrickseguin.com\/wp-content\/uploads\/2016\/04\/gabarit-double-pages-copie5-2-400x300.jpg 400w, https:\/\/www.patrickseguin.com\/wp-content\/uploads\/2016\/04\/gabarit-double-pages-copie5-2-600x450.jpg 600w\" sizes=\"(max-width: 1600px) 100vw, 1600px\" \/><\/div>\n            <\/div>\n\n            <div class=\"swiper-button-prev\"><\/div>\n            <div class=\"swiper-button-next\"><\/div>\n            <\/div>\n            <\/div>\n            <!-- end gallery -->\n\t\t\t\t\n<p>In response to the government\u2019s drive to alleviate the housing crisis, Jean Prouv\u00e9, backed by Aluminium Fran\u00e7ais, designed a \u201clightweight and dynamic house, an exponent of mass production, therefore characteristic of industry.\u201d<\/p>\n<p>Entirely demountable, this prefabricated architecture with steel structure and aluminum cladding makes full use of the adaptability offered by the axial portal frame system patented by Prouv\u00e9 in 1939. But in spite of its ingenuity, the M\u00e9tropole house never won a single order.<\/p>\n","protected":false},"excerpt":{"rendered":"<p>In response to the government\u2019s drive to alleviate the housing crisis, Jean Prouv\u00e9, backed by Aluminium Fran\u00e7ais, designed a \u201clightweight and dynamic house, an exponent of mass production, therefore characteristic of industry.\u201d Entirely demountable, this prefabricated architecture with steel structure and aluminum cladding makes full use of the adaptability offered by the axial portal frame [&hellip;]<\/p>\n","protected":false},"featured_media":38355,"comment_status":"closed","ping_status":"closed","template":"","meta":{"_acf_changed":false},"product_brand":[],"product_cat":[238],"product_tag":[],"woo-feed-brand":[],"class_list":{"0":"post-42915","1":"product","2":"type-product","3":"status-publish","4":"has-post-thumbnail","6":"product_cat-book","8":"first","9":"instock","10":"taxable","11":"shipping-taxable","12":"purchasable","13":"product-type-simple"},"acf":[],"yoast_head":"<!-- This site is optimized with the Yoast SEO plugin v27.3 - https:\/\/yoast.com\/product\/yoast-seo-wordpress\/ -->\n<title>JEAN PROUV\u00c9 M\u00c9TROPOLE DEMOUNTABLE HOUSE - Publications - Galerie Patrick Seguin<\/title>\n<meta name=\"description\" content=\"JEAN PROUV\u00c9 M\u00c9TROPOLE DEMOUNTABLE HOUSE - Publications - Galerie Patrick Seguin\" \/>\n<meta name=\"robots\" content=\"index, follow, max-snippet:-1, max-image-preview:large, max-video-preview:-1\" \/>\n<link rel=\"canonical\" href=\"https:\/\/www.patrickseguin.com\/en\/produit\/jean-prouve-demontable-metropole-1949-2\/\" \/>\n<meta property=\"og:locale\" content=\"en_US\" \/>\n<meta property=\"og:type\" content=\"article\" \/>\n<meta property=\"og:title\" content=\"JEAN PROUV\u00c9 M\u00c9TROPOLE DEMOUNTABLE HOUSE - Publications - Galerie Patrick Seguin\" \/>\n<meta property=\"og:description\" content=\"JEAN PROUV\u00c9 M\u00c9TROPOLE DEMOUNTABLE HOUSE - Publications - Galerie Patrick Seguin\" \/>\n<meta property=\"og:url\" content=\"https:\/\/www.patrickseguin.com\/en\/produit\/jean-prouve-demontable-metropole-1949-2\/\" \/>\n<meta property=\"og:site_name\" content=\"Patrick Seguin\" \/>\n<meta property=\"article:publisher\" content=\"https:\/\/www.facebook.com\/galeriepatrickseguin\" \/>\n<meta property=\"article:modified_time\" content=\"2025-12-25T23:00:03+00:00\" \/>\n<meta property=\"og:image\" content=\"https:\/\/www.patrickseguin.com\/wp-content\/uploads\/2016\/04\/gabarit-couvertures-copie7.jpg\" \/>\n\t<meta property=\"og:image:width\" content=\"1282\" \/>\n\t<meta property=\"og:image:height\" content=\"1600\" \/>\n\t<meta property=\"og:image:type\" content=\"image\/jpeg\" \/>\n<meta name=\"twitter:card\" content=\"summary_large_image\" \/>\n<meta name=\"twitter:site\" content=\"@GaleriePSeguin\" \/>\n<meta name=\"twitter:label1\" content=\"Est. reading time\" \/>\n\t<meta name=\"twitter:data1\" content=\"1 minute\" \/>\n<script type=\"application\/ld+json\" class=\"yoast-schema-graph\">{\"@context\":\"https:\\\/\\\/schema.org\",\"@graph\":[{\"@type\":\"WebPage\",\"@id\":\"https:\\\/\\\/www.patrickseguin.com\\\/en\\\/produit\\\/jean-prouve-demontable-metropole-1949-2\\\/\",\"url\":\"https:\\\/\\\/www.patrickseguin.com\\\/en\\\/produit\\\/jean-prouve-demontable-metropole-1949-2\\\/\",\"name\":\"JEAN PROUV\u00c9 M\u00c9TROPOLE DEMOUNTABLE HOUSE - Publications - Galerie Patrick Seguin\",\"isPartOf\":{\"@id\":\"https:\\\/\\\/www.patrickseguin.com\\\/en\\\/#website\"},\"primaryImageOfPage\":{\"@id\":\"https:\\\/\\\/www.patrickseguin.com\\\/en\\\/produit\\\/jean-prouve-demontable-metropole-1949-2\\\/#primaryimage\"},\"image\":{\"@id\":\"https:\\\/\\\/www.patrickseguin.com\\\/en\\\/produit\\\/jean-prouve-demontable-metropole-1949-2\\\/#primaryimage\"},\"thumbnailUrl\":\"https:\\\/\\\/www.patrickseguin.com\\\/wp-content\\\/uploads\\\/2016\\\/04\\\/gabarit-couvertures-copie7.jpg\",\"datePublished\":\"2016-04-08T14:47:16+00:00\",\"dateModified\":\"2025-12-25T23:00:03+00:00\",\"description\":\"JEAN PROUV\u00c9 M\u00c9TROPOLE DEMOUNTABLE HOUSE - Publications - Galerie Patrick Seguin\",\"breadcrumb\":{\"@id\":\"https:\\\/\\\/www.patrickseguin.com\\\/en\\\/produit\\\/jean-prouve-demontable-metropole-1949-2\\\/#breadcrumb\"},\"inLanguage\":\"en-US\",\"potentialAction\":[{\"@type\":\"ReadAction\",\"target\":[\"https:\\\/\\\/www.patrickseguin.com\\\/en\\\/produit\\\/jean-prouve-demontable-metropole-1949-2\\\/\"]}]},{\"@type\":\"ImageObject\",\"inLanguage\":\"en-US\",\"@id\":\"https:\\\/\\\/www.patrickseguin.com\\\/en\\\/produit\\\/jean-prouve-demontable-metropole-1949-2\\\/#primaryimage\",\"url\":\"https:\\\/\\\/www.patrickseguin.com\\\/wp-content\\\/uploads\\\/2016\\\/04\\\/gabarit-couvertures-copie7.jpg\",\"contentUrl\":\"https:\\\/\\\/www.patrickseguin.com\\\/wp-content\\\/uploads\\\/2016\\\/04\\\/gabarit-couvertures-copie7.jpg\",\"width\":1282,\"height\":1600},{\"@type\":\"BreadcrumbList\",\"@id\":\"https:\\\/\\\/www.patrickseguin.com\\\/en\\\/produit\\\/jean-prouve-demontable-metropole-1949-2\\\/#breadcrumb\",\"itemListElement\":[{\"@type\":\"ListItem\",\"position\":1,\"name\":\"PUBLICATIONS\",\"item\":\"https:\\\/\\\/www.patrickseguin.com\\\/en\\\/bookstore\\\/\"},{\"@type\":\"ListItem\",\"position\":2,\"name\":\"JEAN PROUV\u00c9 M\u00c9TROPOLE DEMOUNTABLE HOUSE, 1949 &#8211; VOL. 7\"}]},{\"@type\":\"WebSite\",\"@id\":\"https:\\\/\\\/www.patrickseguin.com\\\/en\\\/#website\",\"url\":\"https:\\\/\\\/www.patrickseguin.com\\\/en\\\/\",\"name\":\"Galerie Patrick Seguin\",\"description\":\"\",\"publisher\":{\"@id\":\"https:\\\/\\\/www.patrickseguin.com\\\/en\\\/#organization\"},\"potentialAction\":[{\"@type\":\"SearchAction\",\"target\":{\"@type\":\"EntryPoint\",\"urlTemplate\":\"https:\\\/\\\/www.patrickseguin.com\\\/en\\\/?s={search_term_string}\"},\"query-input\":{\"@type\":\"PropertyValueSpecification\",\"valueRequired\":true,\"valueName\":\"search_term_string\"}}],\"inLanguage\":\"en-US\"},{\"@type\":\"Organization\",\"@id\":\"https:\\\/\\\/www.patrickseguin.com\\\/en\\\/#organization\",\"name\":\"Galerie Patrick Seguin\",\"url\":\"https:\\\/\\\/www.patrickseguin.com\\\/en\\\/\",\"logo\":{\"@type\":\"ImageObject\",\"inLanguage\":\"en-US\",\"@id\":\"https:\\\/\\\/www.patrickseguin.com\\\/en\\\/#\\\/schema\\\/logo\\\/image\\\/\",\"url\":\"https:\\\/\\\/www.patrickseguin.com\\\/wp-content\\\/uploads\\\/2020\\\/06\\\/ELEMENTSPOURMAX-25.png\",\"contentUrl\":\"https:\\\/\\\/www.patrickseguin.com\\\/wp-content\\\/uploads\\\/2020\\\/06\\\/ELEMENTSPOURMAX-25.png\",\"width\":2226,\"height\":122,\"caption\":\"Galerie Patrick Seguin\"},\"image\":{\"@id\":\"https:\\\/\\\/www.patrickseguin.com\\\/en\\\/#\\\/schema\\\/logo\\\/image\\\/\"},\"sameAs\":[\"https:\\\/\\\/www.facebook.com\\\/galeriepatrickseguin\",\"https:\\\/\\\/x.com\\\/GaleriePSeguin\"]}]}<\/script>\n<!-- \/ Yoast SEO plugin. -->","yoast_head_json":{"title":"JEAN PROUV\u00c9 M\u00c9TROPOLE DEMOUNTABLE HOUSE - Publications - Galerie Patrick Seguin","description":"JEAN PROUV\u00c9 M\u00c9TROPOLE DEMOUNTABLE HOUSE - Publications - Galerie Patrick Seguin","robots":{"index":"index","follow":"follow","max-snippet":"max-snippet:-1","max-image-preview":"max-image-preview:large","max-video-preview":"max-video-preview:-1"},"canonical":"https:\/\/www.patrickseguin.com\/en\/produit\/jean-prouve-demontable-metropole-1949-2\/","og_locale":"en_US","og_type":"article","og_title":"JEAN PROUV\u00c9 M\u00c9TROPOLE DEMOUNTABLE HOUSE - Publications - Galerie Patrick Seguin","og_description":"JEAN PROUV\u00c9 M\u00c9TROPOLE DEMOUNTABLE HOUSE - Publications - Galerie Patrick Seguin","og_url":"https:\/\/www.patrickseguin.com\/en\/produit\/jean-prouve-demontable-metropole-1949-2\/","og_site_name":"Patrick Seguin","article_publisher":"https:\/\/www.facebook.com\/galeriepatrickseguin","article_modified_time":"2025-12-25T23:00:03+00:00","og_image":[{"width":1282,"height":1600,"url":"https:\/\/www.patrickseguin.com\/wp-content\/uploads\/2016\/04\/gabarit-couvertures-copie7.jpg","type":"image\/jpeg"}],"twitter_card":"summary_large_image","twitter_site":"@GaleriePSeguin","twitter_misc":{"Est. reading time":"1 minute"},"schema":{"@context":"https:\/\/schema.org","@graph":[{"@type":"WebPage","@id":"https:\/\/www.patrickseguin.com\/en\/produit\/jean-prouve-demontable-metropole-1949-2\/","url":"https:\/\/www.patrickseguin.com\/en\/produit\/jean-prouve-demontable-metropole-1949-2\/","name":"JEAN PROUV\u00c9 M\u00c9TROPOLE DEMOUNTABLE HOUSE - Publications - Galerie Patrick Seguin","isPartOf":{"@id":"https:\/\/www.patrickseguin.com\/en\/#website"},"primaryImageOfPage":{"@id":"https:\/\/www.patrickseguin.com\/en\/produit\/jean-prouve-demontable-metropole-1949-2\/#primaryimage"},"image":{"@id":"https:\/\/www.patrickseguin.com\/en\/produit\/jean-prouve-demontable-metropole-1949-2\/#primaryimage"},"thumbnailUrl":"https:\/\/www.patrickseguin.com\/wp-content\/uploads\/2016\/04\/gabarit-couvertures-copie7.jpg","datePublished":"2016-04-08T14:47:16+00:00","dateModified":"2025-12-25T23:00:03+00:00","description":"JEAN PROUV\u00c9 M\u00c9TROPOLE DEMOUNTABLE HOUSE - Publications - Galerie Patrick Seguin","breadcrumb":{"@id":"https:\/\/www.patrickseguin.com\/en\/produit\/jean-prouve-demontable-metropole-1949-2\/#breadcrumb"},"inLanguage":"en-US","potentialAction":[{"@type":"ReadAction","target":["https:\/\/www.patrickseguin.com\/en\/produit\/jean-prouve-demontable-metropole-1949-2\/"]}]},{"@type":"ImageObject","inLanguage":"en-US","@id":"https:\/\/www.patrickseguin.com\/en\/produit\/jean-prouve-demontable-metropole-1949-2\/#primaryimage","url":"https:\/\/www.patrickseguin.com\/wp-content\/uploads\/2016\/04\/gabarit-couvertures-copie7.jpg","contentUrl":"https:\/\/www.patrickseguin.com\/wp-content\/uploads\/2016\/04\/gabarit-couvertures-copie7.jpg","width":1282,"height":1600},{"@type":"BreadcrumbList","@id":"https:\/\/www.patrickseguin.com\/en\/produit\/jean-prouve-demontable-metropole-1949-2\/#breadcrumb","itemListElement":[{"@type":"ListItem","position":1,"name":"PUBLICATIONS","item":"https:\/\/www.patrickseguin.com\/en\/bookstore\/"},{"@type":"ListItem","position":2,"name":"JEAN PROUV\u00c9 M\u00c9TROPOLE DEMOUNTABLE HOUSE, 1949 &#8211; VOL. 7"}]},{"@type":"WebSite","@id":"https:\/\/www.patrickseguin.com\/en\/#website","url":"https:\/\/www.patrickseguin.com\/en\/","name":"Galerie Patrick Seguin","description":"","publisher":{"@id":"https:\/\/www.patrickseguin.com\/en\/#organization"},"potentialAction":[{"@type":"SearchAction","target":{"@type":"EntryPoint","urlTemplate":"https:\/\/www.patrickseguin.com\/en\/?s={search_term_string}"},"query-input":{"@type":"PropertyValueSpecification","valueRequired":true,"valueName":"search_term_string"}}],"inLanguage":"en-US"},{"@type":"Organization","@id":"https:\/\/www.patrickseguin.com\/en\/#organization","name":"Galerie Patrick Seguin","url":"https:\/\/www.patrickseguin.com\/en\/","logo":{"@type":"ImageObject","inLanguage":"en-US","@id":"https:\/\/www.patrickseguin.com\/en\/#\/schema\/logo\/image\/","url":"https:\/\/www.patrickseguin.com\/wp-content\/uploads\/2020\/06\/ELEMENTSPOURMAX-25.png","contentUrl":"https:\/\/www.patrickseguin.com\/wp-content\/uploads\/2020\/06\/ELEMENTSPOURMAX-25.png","width":2226,"height":122,"caption":"Galerie Patrick Seguin"},"image":{"@id":"https:\/\/www.patrickseguin.com\/en\/#\/schema\/logo\/image\/"},"sameAs":["https:\/\/www.facebook.com\/galeriepatrickseguin","https:\/\/x.com\/GaleriePSeguin"]}]}},"_links":{"self":[{"href":"https:\/\/www.patrickseguin.com\/en\/wp-json\/wp\/v2\/product\/42915","targetHints":{"allow":["GET"]}}],"collection":[{"href":"https:\/\/www.patrickseguin.com\/en\/wp-json\/wp\/v2\/product"}],"about":[{"href":"https:\/\/www.patrickseguin.com\/en\/wp-json\/wp\/v2\/types\/product"}],"replies":[{"embeddable":true,"href":"https:\/\/www.patrickseguin.com\/en\/wp-json\/wp\/v2\/comments?post=42915"}],"wp:featuredmedia":[{"embeddable":true,"href":"https:\/\/www.patrickseguin.com\/en\/wp-json\/wp\/v2\/media\/38355"}],"wp:attachment":[{"href":"https:\/\/www.patrickseguin.com\/en\/wp-json\/wp\/v2\/media?parent=42915"}],"wp:term":[{"taxonomy":"product_brand","embeddable":true,"href":"https:\/\/www.patrickseguin.com\/en\/wp-json\/wp\/v2\/product_brand?post=42915"},{"taxonomy":"product_cat","embeddable":true,"href":"https:\/\/www.patrickseguin.com\/en\/wp-json\/wp\/v2\/product_cat?post=42915"},{"taxonomy":"product_tag","embeddable":true,"href":"https:\/\/www.patrickseguin.com\/en\/wp-json\/wp\/v2\/product_tag?post=42915"},{"taxonomy":"woo-feed-brand","embeddable":true,"href":"https:\/\/www.patrickseguin.com\/en\/wp-json\/wp\/v2\/woo-feed-brand?post=42915"}],"curies":[{"name":"wp","href":"https:\/\/api.w.org\/{rel}","templated":true}]}}