{"id":42917,"date":"2016-04-08T15:40:16","date_gmt":"2016-04-08T14:40:16","guid":{"rendered":"https:\/\/www.patrickseguin.com\/produit\/jean-prouve-maison-demontable-jours-meilleurs-1956-2\/"},"modified":"2025-12-26T00:00:03","modified_gmt":"2025-12-25T23:00:03","slug":"jean-prouve-maison-demontable-jours-meilleurs-1956-2","status":"publish","type":"product","link":"https:\/\/www.patrickseguin.com\/en\/produit\/jean-prouve-maison-demontable-jours-meilleurs-1956-2\/","title":{"rendered":"JEAN PROUV\u00c9 LES JOURS MEILLEURS DEMOUNTABLE HOUSE, 1956 &#8211; VOL. 8"},"content":{"rendered":"<div class=\"slider-gallery\"><div class=\"swiperProduct\">\n            <div class=\"swiper-wrapper\"><div class=\"swiper-slide\"><img fetchpriority=\"high\" decoding=\"async\" width=\"1600\" height=\"1200\" src=\"https:\/\/www.patrickseguin.com\/wp-content\/uploads\/2016\/04\/MJM-couverture.jpg\" class=\"attachment-full size-full\" alt=\"\" srcset=\"https:\/\/www.patrickseguin.com\/wp-content\/uploads\/2016\/04\/MJM-couverture.jpg 1600w, https:\/\/www.patrickseguin.com\/wp-content\/uploads\/2016\/04\/MJM-couverture-380x285.jpg 380w, https:\/\/www.patrickseguin.com\/wp-content\/uploads\/2016\/04\/MJM-couverture-1024x768.jpg 1024w, https:\/\/www.patrickseguin.com\/wp-content\/uploads\/2016\/04\/MJM-couverture-768x576.jpg 768w, https:\/\/www.patrickseguin.com\/wp-content\/uploads\/2016\/04\/MJM-couverture-1536x1152.jpg 1536w, https:\/\/www.patrickseguin.com\/wp-content\/uploads\/2016\/04\/MJM-couverture-400x300.jpg 400w, https:\/\/www.patrickseguin.com\/wp-content\/uploads\/2016\/04\/MJM-couverture-600x450.jpg 600w\" sizes=\"(max-width: 1600px) 100vw, 1600px\" \/><\/div><div class=\"swiper-slide\"><img decoding=\"async\" width=\"1600\" height=\"1200\" src=\"https:\/\/www.patrickseguin.com\/wp-content\/uploads\/2016\/04\/gabarit-double-pages-copie1-3.jpg\" class=\"attachment-full size-full\" alt=\"\" srcset=\"https:\/\/www.patrickseguin.com\/wp-content\/uploads\/2016\/04\/gabarit-double-pages-copie1-3.jpg 1600w, https:\/\/www.patrickseguin.com\/wp-content\/uploads\/2016\/04\/gabarit-double-pages-copie1-3-380x285.jpg 380w, https:\/\/www.patrickseguin.com\/wp-content\/uploads\/2016\/04\/gabarit-double-pages-copie1-3-1024x768.jpg 1024w, https:\/\/www.patrickseguin.com\/wp-content\/uploads\/2016\/04\/gabarit-double-pages-copie1-3-768x576.jpg 768w, https:\/\/www.patrickseguin.com\/wp-content\/uploads\/2016\/04\/gabarit-double-pages-copie1-3-1536x1152.jpg 1536w, https:\/\/www.patrickseguin.com\/wp-content\/uploads\/2016\/04\/gabarit-double-pages-copie1-3-400x300.jpg 400w, https:\/\/www.patrickseguin.com\/wp-content\/uploads\/2016\/04\/gabarit-double-pages-copie1-3-600x450.jpg 600w\" sizes=\"(max-width: 1600px) 100vw, 1600px\" \/><\/div><div class=\"swiper-slide\"><img decoding=\"async\" width=\"1600\" height=\"1200\" src=\"https:\/\/www.patrickseguin.com\/wp-content\/uploads\/2016\/04\/gabarit-double-pages-copie2-3.jpg\" class=\"attachment-full size-full\" alt=\"\" srcset=\"https:\/\/www.patrickseguin.com\/wp-content\/uploads\/2016\/04\/gabarit-double-pages-copie2-3.jpg 1600w, https:\/\/www.patrickseguin.com\/wp-content\/uploads\/2016\/04\/gabarit-double-pages-copie2-3-380x285.jpg 380w, https:\/\/www.patrickseguin.com\/wp-content\/uploads\/2016\/04\/gabarit-double-pages-copie2-3-1024x768.jpg 1024w, https:\/\/www.patrickseguin.com\/wp-content\/uploads\/2016\/04\/gabarit-double-pages-copie2-3-768x576.jpg 768w, https:\/\/www.patrickseguin.com\/wp-content\/uploads\/2016\/04\/gabarit-double-pages-copie2-3-1536x1152.jpg 1536w, https:\/\/www.patrickseguin.com\/wp-content\/uploads\/2016\/04\/gabarit-double-pages-copie2-3-400x300.jpg 400w, https:\/\/www.patrickseguin.com\/wp-content\/uploads\/2016\/04\/gabarit-double-pages-copie2-3-600x450.jpg 600w\" sizes=\"(max-width: 1600px) 100vw, 1600px\" \/><\/div><div class=\"swiper-slide\"><img loading=\"lazy\" decoding=\"async\" width=\"1600\" height=\"1200\" src=\"https:\/\/www.patrickseguin.com\/wp-content\/uploads\/2016\/04\/gabarit-double-pages-copie3-3.jpg\" class=\"attachment-full size-full\" alt=\"\" srcset=\"https:\/\/www.patrickseguin.com\/wp-content\/uploads\/2016\/04\/gabarit-double-pages-copie3-3.jpg 1600w, https:\/\/www.patrickseguin.com\/wp-content\/uploads\/2016\/04\/gabarit-double-pages-copie3-3-380x285.jpg 380w, https:\/\/www.patrickseguin.com\/wp-content\/uploads\/2016\/04\/gabarit-double-pages-copie3-3-1024x768.jpg 1024w, https:\/\/www.patrickseguin.com\/wp-content\/uploads\/2016\/04\/gabarit-double-pages-copie3-3-768x576.jpg 768w, https:\/\/www.patrickseguin.com\/wp-content\/uploads\/2016\/04\/gabarit-double-pages-copie3-3-1536x1152.jpg 1536w, https:\/\/www.patrickseguin.com\/wp-content\/uploads\/2016\/04\/gabarit-double-pages-copie3-3-400x300.jpg 400w, https:\/\/www.patrickseguin.com\/wp-content\/uploads\/2016\/04\/gabarit-double-pages-copie3-3-600x450.jpg 600w\" sizes=\"(max-width: 1600px) 100vw, 1600px\" \/><\/div><div class=\"swiper-slide\"><img loading=\"lazy\" decoding=\"async\" width=\"1600\" height=\"1200\" src=\"https:\/\/www.patrickseguin.com\/wp-content\/uploads\/2016\/04\/gabarit-double-pages-copie4-3.jpg\" class=\"attachment-full size-full\" alt=\"\" srcset=\"https:\/\/www.patrickseguin.com\/wp-content\/uploads\/2016\/04\/gabarit-double-pages-copie4-3.jpg 1600w, https:\/\/www.patrickseguin.com\/wp-content\/uploads\/2016\/04\/gabarit-double-pages-copie4-3-380x285.jpg 380w, https:\/\/www.patrickseguin.com\/wp-content\/uploads\/2016\/04\/gabarit-double-pages-copie4-3-1024x768.jpg 1024w, https:\/\/www.patrickseguin.com\/wp-content\/uploads\/2016\/04\/gabarit-double-pages-copie4-3-768x576.jpg 768w, https:\/\/www.patrickseguin.com\/wp-content\/uploads\/2016\/04\/gabarit-double-pages-copie4-3-1536x1152.jpg 1536w, https:\/\/www.patrickseguin.com\/wp-content\/uploads\/2016\/04\/gabarit-double-pages-copie4-3-400x300.jpg 400w, https:\/\/www.patrickseguin.com\/wp-content\/uploads\/2016\/04\/gabarit-double-pages-copie4-3-600x450.jpg 600w\" sizes=\"(max-width: 1600px) 100vw, 1600px\" \/><\/div><div class=\"swiper-slide\"><img loading=\"lazy\" decoding=\"async\" width=\"1600\" height=\"1200\" src=\"https:\/\/www.patrickseguin.com\/wp-content\/uploads\/2016\/04\/gabarit-double-pages-copie5-3.jpg\" class=\"attachment-full size-full\" alt=\"\" srcset=\"https:\/\/www.patrickseguin.com\/wp-content\/uploads\/2016\/04\/gabarit-double-pages-copie5-3.jpg 1600w, https:\/\/www.patrickseguin.com\/wp-content\/uploads\/2016\/04\/gabarit-double-pages-copie5-3-380x285.jpg 380w, https:\/\/www.patrickseguin.com\/wp-content\/uploads\/2016\/04\/gabarit-double-pages-copie5-3-1024x768.jpg 1024w, https:\/\/www.patrickseguin.com\/wp-content\/uploads\/2016\/04\/gabarit-double-pages-copie5-3-768x576.jpg 768w, https:\/\/www.patrickseguin.com\/wp-content\/uploads\/2016\/04\/gabarit-double-pages-copie5-3-1536x1152.jpg 1536w, https:\/\/www.patrickseguin.com\/wp-content\/uploads\/2016\/04\/gabarit-double-pages-copie5-3-400x300.jpg 400w, https:\/\/www.patrickseguin.com\/wp-content\/uploads\/2016\/04\/gabarit-double-pages-copie5-3-600x450.jpg 600w\" sizes=\"(max-width: 1600px) 100vw, 1600px\" \/><\/div>\n            <\/div>\n\n            <div class=\"swiper-button-prev\"><\/div>\n            <div class=\"swiper-button-next\"><\/div>\n            <\/div>\n            <\/div>\n            <!-- end gallery -->\n\t\t\t\t\n<p>In 1954, French priest Abb\u00e9 Pierre, who founded the Emma\u00fcs movement to help poor and homeless people, commissioned Jean Prouv\u00e9 to design and build an economical house equivalent to a standard two-bedroom apartment. In response to the urgent need for social housing, Jean Prouv\u00e9\u2019s proposal perfectly encapsulated his vision of lightweight, economical and comfortable mass-produced housing, such as he had already been experimenting with for 20 years.<\/p>\n<p>Optimistically named \u201cBetter Days\u201d, the 57m2 house was shown in Paris on Quai Alexandre III as part of the very popular Salon des Arts M\u00e9nagers. Erected in seven hours, this demountable prefabricated architecture was to serve as a demonstration to encourage the industrial production of housing to accommodate the homeless.<\/p>\n","protected":false},"excerpt":{"rendered":"<p>In 1954, French priest Abb\u00e9 Pierre, who founded the Emma\u00fcs movement to help poor and homeless people, commissioned Jean Prouv\u00e9 to design and build an economical house equivalent to a standard two-bedroom apartment. In response to the urgent need for social housing, Jean Prouv\u00e9\u2019s proposal perfectly encapsulated his vision of lightweight, economical and comfortable mass-produced [&hellip;]<\/p>\n","protected":false},"featured_media":38369,"comment_status":"closed","ping_status":"closed","template":"","meta":{"_acf_changed":false},"product_brand":[],"product_cat":[238],"product_tag":[],"woo-feed-brand":[],"class_list":{"0":"post-42917","1":"product","2":"type-product","3":"status-publish","4":"has-post-thumbnail","6":"product_cat-book","8":"first","9":"instock","10":"taxable","11":"shipping-taxable","12":"purchasable","13":"product-type-simple"},"acf":[],"yoast_head":"<!-- This site is optimized with the Yoast SEO plugin v27.3 - https:\/\/yoast.com\/product\/yoast-seo-wordpress\/ -->\n<title>JEAN PROUV\u00c9 LES JOURS MEILLEURS DEMOUNTABLE HOUSE - Publications - Galerie Patrick Seguin<\/title>\n<meta name=\"description\" content=\"JEAN PROUV\u00c9 LES JOURS MEILLEURS DEMOUNTABLE HOUSE - Publications - Galerie Patrick Seguin\" \/>\n<meta name=\"robots\" content=\"index, follow, max-snippet:-1, max-image-preview:large, max-video-preview:-1\" \/>\n<link rel=\"canonical\" href=\"https:\/\/www.patrickseguin.com\/en\/produit\/jean-prouve-maison-demontable-jours-meilleurs-1956-2\/\" \/>\n<meta property=\"og:locale\" content=\"en_US\" \/>\n<meta property=\"og:type\" content=\"article\" \/>\n<meta property=\"og:title\" content=\"JEAN PROUV\u00c9 LES JOURS MEILLEURS DEMOUNTABLE HOUSE - Publications - Galerie Patrick Seguin\" \/>\n<meta property=\"og:description\" content=\"JEAN PROUV\u00c9 LES JOURS MEILLEURS DEMOUNTABLE HOUSE - Publications - Galerie Patrick Seguin\" \/>\n<meta property=\"og:url\" content=\"https:\/\/www.patrickseguin.com\/en\/produit\/jean-prouve-maison-demontable-jours-meilleurs-1956-2\/\" \/>\n<meta property=\"og:site_name\" content=\"Patrick Seguin\" \/>\n<meta property=\"article:publisher\" content=\"https:\/\/www.facebook.com\/galeriepatrickseguin\" \/>\n<meta property=\"article:modified_time\" content=\"2025-12-25T23:00:03+00:00\" \/>\n<meta property=\"og:image\" content=\"https:\/\/www.patrickseguin.com\/wp-content\/uploads\/2016\/04\/gabarit-couvertures-copie6.jpg\" \/>\n\t<meta property=\"og:image:width\" content=\"1282\" \/>\n\t<meta property=\"og:image:height\" content=\"1600\" \/>\n\t<meta property=\"og:image:type\" content=\"image\/jpeg\" \/>\n<meta name=\"twitter:card\" content=\"summary_large_image\" \/>\n<meta name=\"twitter:site\" content=\"@GaleriePSeguin\" \/>\n<meta name=\"twitter:label1\" content=\"Est. reading time\" \/>\n\t<meta name=\"twitter:data1\" content=\"1 minute\" \/>\n<script type=\"application\/ld+json\" class=\"yoast-schema-graph\">{\"@context\":\"https:\\\/\\\/schema.org\",\"@graph\":[{\"@type\":\"WebPage\",\"@id\":\"https:\\\/\\\/www.patrickseguin.com\\\/en\\\/produit\\\/jean-prouve-maison-demontable-jours-meilleurs-1956-2\\\/\",\"url\":\"https:\\\/\\\/www.patrickseguin.com\\\/en\\\/produit\\\/jean-prouve-maison-demontable-jours-meilleurs-1956-2\\\/\",\"name\":\"JEAN PROUV\u00c9 LES JOURS MEILLEURS DEMOUNTABLE HOUSE - Publications - Galerie Patrick Seguin\",\"isPartOf\":{\"@id\":\"https:\\\/\\\/www.patrickseguin.com\\\/en\\\/#website\"},\"primaryImageOfPage\":{\"@id\":\"https:\\\/\\\/www.patrickseguin.com\\\/en\\\/produit\\\/jean-prouve-maison-demontable-jours-meilleurs-1956-2\\\/#primaryimage\"},\"image\":{\"@id\":\"https:\\\/\\\/www.patrickseguin.com\\\/en\\\/produit\\\/jean-prouve-maison-demontable-jours-meilleurs-1956-2\\\/#primaryimage\"},\"thumbnailUrl\":\"https:\\\/\\\/www.patrickseguin.com\\\/wp-content\\\/uploads\\\/2016\\\/04\\\/gabarit-couvertures-copie6.jpg\",\"datePublished\":\"2016-04-08T14:40:16+00:00\",\"dateModified\":\"2025-12-25T23:00:03+00:00\",\"description\":\"JEAN PROUV\u00c9 LES JOURS MEILLEURS DEMOUNTABLE HOUSE - Publications - Galerie Patrick Seguin\",\"breadcrumb\":{\"@id\":\"https:\\\/\\\/www.patrickseguin.com\\\/en\\\/produit\\\/jean-prouve-maison-demontable-jours-meilleurs-1956-2\\\/#breadcrumb\"},\"inLanguage\":\"en-US\",\"potentialAction\":[{\"@type\":\"ReadAction\",\"target\":[\"https:\\\/\\\/www.patrickseguin.com\\\/en\\\/produit\\\/jean-prouve-maison-demontable-jours-meilleurs-1956-2\\\/\"]}]},{\"@type\":\"ImageObject\",\"inLanguage\":\"en-US\",\"@id\":\"https:\\\/\\\/www.patrickseguin.com\\\/en\\\/produit\\\/jean-prouve-maison-demontable-jours-meilleurs-1956-2\\\/#primaryimage\",\"url\":\"https:\\\/\\\/www.patrickseguin.com\\\/wp-content\\\/uploads\\\/2016\\\/04\\\/gabarit-couvertures-copie6.jpg\",\"contentUrl\":\"https:\\\/\\\/www.patrickseguin.com\\\/wp-content\\\/uploads\\\/2016\\\/04\\\/gabarit-couvertures-copie6.jpg\",\"width\":1282,\"height\":1600},{\"@type\":\"BreadcrumbList\",\"@id\":\"https:\\\/\\\/www.patrickseguin.com\\\/en\\\/produit\\\/jean-prouve-maison-demontable-jours-meilleurs-1956-2\\\/#breadcrumb\",\"itemListElement\":[{\"@type\":\"ListItem\",\"position\":1,\"name\":\"PUBLICATIONS\",\"item\":\"https:\\\/\\\/www.patrickseguin.com\\\/en\\\/bookstore\\\/\"},{\"@type\":\"ListItem\",\"position\":2,\"name\":\"JEAN PROUV\u00c9 LES JOURS MEILLEURS DEMOUNTABLE HOUSE, 1956 &#8211; VOL. 8\"}]},{\"@type\":\"WebSite\",\"@id\":\"https:\\\/\\\/www.patrickseguin.com\\\/en\\\/#website\",\"url\":\"https:\\\/\\\/www.patrickseguin.com\\\/en\\\/\",\"name\":\"Galerie Patrick Seguin\",\"description\":\"\",\"publisher\":{\"@id\":\"https:\\\/\\\/www.patrickseguin.com\\\/en\\\/#organization\"},\"potentialAction\":[{\"@type\":\"SearchAction\",\"target\":{\"@type\":\"EntryPoint\",\"urlTemplate\":\"https:\\\/\\\/www.patrickseguin.com\\\/en\\\/?s={search_term_string}\"},\"query-input\":{\"@type\":\"PropertyValueSpecification\",\"valueRequired\":true,\"valueName\":\"search_term_string\"}}],\"inLanguage\":\"en-US\"},{\"@type\":\"Organization\",\"@id\":\"https:\\\/\\\/www.patrickseguin.com\\\/en\\\/#organization\",\"name\":\"Galerie Patrick Seguin\",\"url\":\"https:\\\/\\\/www.patrickseguin.com\\\/en\\\/\",\"logo\":{\"@type\":\"ImageObject\",\"inLanguage\":\"en-US\",\"@id\":\"https:\\\/\\\/www.patrickseguin.com\\\/en\\\/#\\\/schema\\\/logo\\\/image\\\/\",\"url\":\"https:\\\/\\\/www.patrickseguin.com\\\/wp-content\\\/uploads\\\/2020\\\/06\\\/ELEMENTSPOURMAX-25.png\",\"contentUrl\":\"https:\\\/\\\/www.patrickseguin.com\\\/wp-content\\\/uploads\\\/2020\\\/06\\\/ELEMENTSPOURMAX-25.png\",\"width\":2226,\"height\":122,\"caption\":\"Galerie Patrick Seguin\"},\"image\":{\"@id\":\"https:\\\/\\\/www.patrickseguin.com\\\/en\\\/#\\\/schema\\\/logo\\\/image\\\/\"},\"sameAs\":[\"https:\\\/\\\/www.facebook.com\\\/galeriepatrickseguin\",\"https:\\\/\\\/x.com\\\/GaleriePSeguin\"]}]}<\/script>\n<!-- \/ Yoast SEO plugin. -->","yoast_head_json":{"title":"JEAN PROUV\u00c9 LES JOURS MEILLEURS DEMOUNTABLE HOUSE - Publications - Galerie Patrick Seguin","description":"JEAN PROUV\u00c9 LES JOURS MEILLEURS DEMOUNTABLE HOUSE - Publications - Galerie Patrick Seguin","robots":{"index":"index","follow":"follow","max-snippet":"max-snippet:-1","max-image-preview":"max-image-preview:large","max-video-preview":"max-video-preview:-1"},"canonical":"https:\/\/www.patrickseguin.com\/en\/produit\/jean-prouve-maison-demontable-jours-meilleurs-1956-2\/","og_locale":"en_US","og_type":"article","og_title":"JEAN PROUV\u00c9 LES JOURS MEILLEURS DEMOUNTABLE HOUSE - Publications - Galerie Patrick Seguin","og_description":"JEAN PROUV\u00c9 LES JOURS MEILLEURS DEMOUNTABLE HOUSE - Publications - Galerie Patrick Seguin","og_url":"https:\/\/www.patrickseguin.com\/en\/produit\/jean-prouve-maison-demontable-jours-meilleurs-1956-2\/","og_site_name":"Patrick Seguin","article_publisher":"https:\/\/www.facebook.com\/galeriepatrickseguin","article_modified_time":"2025-12-25T23:00:03+00:00","og_image":[{"width":1282,"height":1600,"url":"https:\/\/www.patrickseguin.com\/wp-content\/uploads\/2016\/04\/gabarit-couvertures-copie6.jpg","type":"image\/jpeg"}],"twitter_card":"summary_large_image","twitter_site":"@GaleriePSeguin","twitter_misc":{"Est. reading time":"1 minute"},"schema":{"@context":"https:\/\/schema.org","@graph":[{"@type":"WebPage","@id":"https:\/\/www.patrickseguin.com\/en\/produit\/jean-prouve-maison-demontable-jours-meilleurs-1956-2\/","url":"https:\/\/www.patrickseguin.com\/en\/produit\/jean-prouve-maison-demontable-jours-meilleurs-1956-2\/","name":"JEAN PROUV\u00c9 LES JOURS MEILLEURS DEMOUNTABLE HOUSE - Publications - Galerie Patrick Seguin","isPartOf":{"@id":"https:\/\/www.patrickseguin.com\/en\/#website"},"primaryImageOfPage":{"@id":"https:\/\/www.patrickseguin.com\/en\/produit\/jean-prouve-maison-demontable-jours-meilleurs-1956-2\/#primaryimage"},"image":{"@id":"https:\/\/www.patrickseguin.com\/en\/produit\/jean-prouve-maison-demontable-jours-meilleurs-1956-2\/#primaryimage"},"thumbnailUrl":"https:\/\/www.patrickseguin.com\/wp-content\/uploads\/2016\/04\/gabarit-couvertures-copie6.jpg","datePublished":"2016-04-08T14:40:16+00:00","dateModified":"2025-12-25T23:00:03+00:00","description":"JEAN PROUV\u00c9 LES JOURS MEILLEURS DEMOUNTABLE HOUSE - Publications - Galerie Patrick Seguin","breadcrumb":{"@id":"https:\/\/www.patrickseguin.com\/en\/produit\/jean-prouve-maison-demontable-jours-meilleurs-1956-2\/#breadcrumb"},"inLanguage":"en-US","potentialAction":[{"@type":"ReadAction","target":["https:\/\/www.patrickseguin.com\/en\/produit\/jean-prouve-maison-demontable-jours-meilleurs-1956-2\/"]}]},{"@type":"ImageObject","inLanguage":"en-US","@id":"https:\/\/www.patrickseguin.com\/en\/produit\/jean-prouve-maison-demontable-jours-meilleurs-1956-2\/#primaryimage","url":"https:\/\/www.patrickseguin.com\/wp-content\/uploads\/2016\/04\/gabarit-couvertures-copie6.jpg","contentUrl":"https:\/\/www.patrickseguin.com\/wp-content\/uploads\/2016\/04\/gabarit-couvertures-copie6.jpg","width":1282,"height":1600},{"@type":"BreadcrumbList","@id":"https:\/\/www.patrickseguin.com\/en\/produit\/jean-prouve-maison-demontable-jours-meilleurs-1956-2\/#breadcrumb","itemListElement":[{"@type":"ListItem","position":1,"name":"PUBLICATIONS","item":"https:\/\/www.patrickseguin.com\/en\/bookstore\/"},{"@type":"ListItem","position":2,"name":"JEAN PROUV\u00c9 LES JOURS MEILLEURS DEMOUNTABLE HOUSE, 1956 &#8211; VOL. 8"}]},{"@type":"WebSite","@id":"https:\/\/www.patrickseguin.com\/en\/#website","url":"https:\/\/www.patrickseguin.com\/en\/","name":"Galerie Patrick Seguin","description":"","publisher":{"@id":"https:\/\/www.patrickseguin.com\/en\/#organization"},"potentialAction":[{"@type":"SearchAction","target":{"@type":"EntryPoint","urlTemplate":"https:\/\/www.patrickseguin.com\/en\/?s={search_term_string}"},"query-input":{"@type":"PropertyValueSpecification","valueRequired":true,"valueName":"search_term_string"}}],"inLanguage":"en-US"},{"@type":"Organization","@id":"https:\/\/www.patrickseguin.com\/en\/#organization","name":"Galerie Patrick Seguin","url":"https:\/\/www.patrickseguin.com\/en\/","logo":{"@type":"ImageObject","inLanguage":"en-US","@id":"https:\/\/www.patrickseguin.com\/en\/#\/schema\/logo\/image\/","url":"https:\/\/www.patrickseguin.com\/wp-content\/uploads\/2020\/06\/ELEMENTSPOURMAX-25.png","contentUrl":"https:\/\/www.patrickseguin.com\/wp-content\/uploads\/2020\/06\/ELEMENTSPOURMAX-25.png","width":2226,"height":122,"caption":"Galerie Patrick Seguin"},"image":{"@id":"https:\/\/www.patrickseguin.com\/en\/#\/schema\/logo\/image\/"},"sameAs":["https:\/\/www.facebook.com\/galeriepatrickseguin","https:\/\/x.com\/GaleriePSeguin"]}]}},"_links":{"self":[{"href":"https:\/\/www.patrickseguin.com\/en\/wp-json\/wp\/v2\/product\/42917","targetHints":{"allow":["GET"]}}],"collection":[{"href":"https:\/\/www.patrickseguin.com\/en\/wp-json\/wp\/v2\/product"}],"about":[{"href":"https:\/\/www.patrickseguin.com\/en\/wp-json\/wp\/v2\/types\/product"}],"replies":[{"embeddable":true,"href":"https:\/\/www.patrickseguin.com\/en\/wp-json\/wp\/v2\/comments?post=42917"}],"wp:featuredmedia":[{"embeddable":true,"href":"https:\/\/www.patrickseguin.com\/en\/wp-json\/wp\/v2\/media\/38369"}],"wp:attachment":[{"href":"https:\/\/www.patrickseguin.com\/en\/wp-json\/wp\/v2\/media?parent=42917"}],"wp:term":[{"taxonomy":"product_brand","embeddable":true,"href":"https:\/\/www.patrickseguin.com\/en\/wp-json\/wp\/v2\/product_brand?post=42917"},{"taxonomy":"product_cat","embeddable":true,"href":"https:\/\/www.patrickseguin.com\/en\/wp-json\/wp\/v2\/product_cat?post=42917"},{"taxonomy":"product_tag","embeddable":true,"href":"https:\/\/www.patrickseguin.com\/en\/wp-json\/wp\/v2\/product_tag?post=42917"},{"taxonomy":"woo-feed-brand","embeddable":true,"href":"https:\/\/www.patrickseguin.com\/en\/wp-json\/wp\/v2\/woo-feed-brand?post=42917"}],"curies":[{"name":"wp","href":"https:\/\/api.w.org\/{rel}","templated":true}]}}