{"id":43366,"date":"2019-04-30T15:56:11","date_gmt":"2019-04-30T14:56:11","guid":{"rendered":"https:\/\/www.patrickseguin.com\/?post_type=product&#038;p=43366"},"modified":"2025-12-26T00:00:03","modified_gmt":"2025-12-25T23:00:03","slug":"pieces-meubles-1995-2016","status":"publish","type":"product","link":"https:\/\/www.patrickseguin.com\/en\/produit\/pieces-meubles-1995-2016\/","title":{"rendered":"PI\u00c8CES-MEUBL\u00c9S, 1995\/2016"},"content":{"rendered":"<div class=\"slider-gallery\"><div class=\"swiperProduct\">\n            <div class=\"swiper-wrapper\"><div class=\"swiper-slide\"><img fetchpriority=\"high\" decoding=\"async\" width=\"1600\" height=\"1200\" src=\"https:\/\/www.patrickseguin.com\/wp-content\/uploads\/2019\/04\/pieces-meubles-0-1.jpg\" class=\"attachment-full size-full\" alt=\"\" srcset=\"https:\/\/www.patrickseguin.com\/wp-content\/uploads\/2019\/04\/pieces-meubles-0-1.jpg 1600w, https:\/\/www.patrickseguin.com\/wp-content\/uploads\/2019\/04\/pieces-meubles-0-1-380x285.jpg 380w, https:\/\/www.patrickseguin.com\/wp-content\/uploads\/2019\/04\/pieces-meubles-0-1-1024x768.jpg 1024w, https:\/\/www.patrickseguin.com\/wp-content\/uploads\/2019\/04\/pieces-meubles-0-1-768x576.jpg 768w, https:\/\/www.patrickseguin.com\/wp-content\/uploads\/2019\/04\/pieces-meubles-0-1-1536x1152.jpg 1536w, https:\/\/www.patrickseguin.com\/wp-content\/uploads\/2019\/04\/pieces-meubles-0-1-400x300.jpg 400w, https:\/\/www.patrickseguin.com\/wp-content\/uploads\/2019\/04\/pieces-meubles-0-1-600x450.jpg 600w\" sizes=\"(max-width: 1600px) 100vw, 1600px\" \/><\/div><div class=\"swiper-slide\"><img decoding=\"async\" width=\"1600\" height=\"1200\" src=\"https:\/\/www.patrickseguin.com\/wp-content\/uploads\/2019\/04\/pieces-meubles-1-3-1.jpg\" class=\"attachment-full size-full\" alt=\"\" srcset=\"https:\/\/www.patrickseguin.com\/wp-content\/uploads\/2019\/04\/pieces-meubles-1-3-1.jpg 1600w, https:\/\/www.patrickseguin.com\/wp-content\/uploads\/2019\/04\/pieces-meubles-1-3-1-380x285.jpg 380w, https:\/\/www.patrickseguin.com\/wp-content\/uploads\/2019\/04\/pieces-meubles-1-3-1-1024x768.jpg 1024w, https:\/\/www.patrickseguin.com\/wp-content\/uploads\/2019\/04\/pieces-meubles-1-3-1-768x576.jpg 768w, https:\/\/www.patrickseguin.com\/wp-content\/uploads\/2019\/04\/pieces-meubles-1-3-1-1536x1152.jpg 1536w, https:\/\/www.patrickseguin.com\/wp-content\/uploads\/2019\/04\/pieces-meubles-1-3-1-400x300.jpg 400w, https:\/\/www.patrickseguin.com\/wp-content\/uploads\/2019\/04\/pieces-meubles-1-3-1-600x450.jpg 600w\" sizes=\"(max-width: 1600px) 100vw, 1600px\" \/><\/div><div class=\"swiper-slide\"><img decoding=\"async\" width=\"1600\" height=\"1200\" src=\"https:\/\/www.patrickseguin.com\/wp-content\/uploads\/2019\/04\/pieces-meubles-2-1-1.jpg\" class=\"attachment-full size-full\" alt=\"\" srcset=\"https:\/\/www.patrickseguin.com\/wp-content\/uploads\/2019\/04\/pieces-meubles-2-1-1.jpg 1600w, https:\/\/www.patrickseguin.com\/wp-content\/uploads\/2019\/04\/pieces-meubles-2-1-1-380x285.jpg 380w, https:\/\/www.patrickseguin.com\/wp-content\/uploads\/2019\/04\/pieces-meubles-2-1-1-1024x768.jpg 1024w, https:\/\/www.patrickseguin.com\/wp-content\/uploads\/2019\/04\/pieces-meubles-2-1-1-768x576.jpg 768w, https:\/\/www.patrickseguin.com\/wp-content\/uploads\/2019\/04\/pieces-meubles-2-1-1-1536x1152.jpg 1536w, https:\/\/www.patrickseguin.com\/wp-content\/uploads\/2019\/04\/pieces-meubles-2-1-1-400x300.jpg 400w, https:\/\/www.patrickseguin.com\/wp-content\/uploads\/2019\/04\/pieces-meubles-2-1-1-600x450.jpg 600w\" sizes=\"(max-width: 1600px) 100vw, 1600px\" \/><\/div><div class=\"swiper-slide\"><img loading=\"lazy\" decoding=\"async\" width=\"1600\" height=\"1200\" src=\"https:\/\/www.patrickseguin.com\/wp-content\/uploads\/2019\/04\/pieces-meubles-3-1.jpg\" class=\"attachment-full size-full\" alt=\"\" srcset=\"https:\/\/www.patrickseguin.com\/wp-content\/uploads\/2019\/04\/pieces-meubles-3-1.jpg 1600w, https:\/\/www.patrickseguin.com\/wp-content\/uploads\/2019\/04\/pieces-meubles-3-1-380x285.jpg 380w, https:\/\/www.patrickseguin.com\/wp-content\/uploads\/2019\/04\/pieces-meubles-3-1-1024x768.jpg 1024w, https:\/\/www.patrickseguin.com\/wp-content\/uploads\/2019\/04\/pieces-meubles-3-1-768x576.jpg 768w, https:\/\/www.patrickseguin.com\/wp-content\/uploads\/2019\/04\/pieces-meubles-3-1-1536x1152.jpg 1536w, https:\/\/www.patrickseguin.com\/wp-content\/uploads\/2019\/04\/pieces-meubles-3-1-400x300.jpg 400w, https:\/\/www.patrickseguin.com\/wp-content\/uploads\/2019\/04\/pieces-meubles-3-1-600x450.jpg 600w\" sizes=\"(max-width: 1600px) 100vw, 1600px\" \/><\/div><div class=\"swiper-slide\"><img loading=\"lazy\" decoding=\"async\" width=\"1600\" height=\"1200\" src=\"https:\/\/www.patrickseguin.com\/wp-content\/uploads\/2019\/04\/pieces-meubles-4-1.jpg\" class=\"attachment-full size-full\" alt=\"\" srcset=\"https:\/\/www.patrickseguin.com\/wp-content\/uploads\/2019\/04\/pieces-meubles-4-1.jpg 1600w, https:\/\/www.patrickseguin.com\/wp-content\/uploads\/2019\/04\/pieces-meubles-4-1-380x285.jpg 380w, https:\/\/www.patrickseguin.com\/wp-content\/uploads\/2019\/04\/pieces-meubles-4-1-1024x768.jpg 1024w, https:\/\/www.patrickseguin.com\/wp-content\/uploads\/2019\/04\/pieces-meubles-4-1-768x576.jpg 768w, https:\/\/www.patrickseguin.com\/wp-content\/uploads\/2019\/04\/pieces-meubles-4-1-1536x1152.jpg 1536w, https:\/\/www.patrickseguin.com\/wp-content\/uploads\/2019\/04\/pieces-meubles-4-1-400x300.jpg 400w, https:\/\/www.patrickseguin.com\/wp-content\/uploads\/2019\/04\/pieces-meubles-4-1-600x450.jpg 600w\" sizes=\"(max-width: 1600px) 100vw, 1600px\" \/><\/div><div class=\"swiper-slide\"><img loading=\"lazy\" decoding=\"async\" width=\"1600\" height=\"1200\" src=\"https:\/\/www.patrickseguin.com\/wp-content\/uploads\/2019\/04\/pieces-meubles-5-1.jpg\" class=\"attachment-full size-full\" alt=\"\" srcset=\"https:\/\/www.patrickseguin.com\/wp-content\/uploads\/2019\/04\/pieces-meubles-5-1.jpg 1600w, https:\/\/www.patrickseguin.com\/wp-content\/uploads\/2019\/04\/pieces-meubles-5-1-380x285.jpg 380w, https:\/\/www.patrickseguin.com\/wp-content\/uploads\/2019\/04\/pieces-meubles-5-1-1024x768.jpg 1024w, https:\/\/www.patrickseguin.com\/wp-content\/uploads\/2019\/04\/pieces-meubles-5-1-768x576.jpg 768w, https:\/\/www.patrickseguin.com\/wp-content\/uploads\/2019\/04\/pieces-meubles-5-1-1536x1152.jpg 1536w, https:\/\/www.patrickseguin.com\/wp-content\/uploads\/2019\/04\/pieces-meubles-5-1-400x300.jpg 400w, https:\/\/www.patrickseguin.com\/wp-content\/uploads\/2019\/04\/pieces-meubles-5-1-600x450.jpg 600w\" sizes=\"(max-width: 1600px) 100vw, 1600px\" \/><\/div>\n            <\/div>\n\n            <div class=\"swiper-button-prev\"><\/div>\n            <div class=\"swiper-button-next\"><\/div>\n            <\/div>\n            <\/div>\n            <!-- end gallery -->\n\t\t\t\t\n<p><strong>PI\u00c8CES-MEUBL\u00c9S\u00a0<\/strong>is the title of a two-part exhibition created by New York art critic Bob Nickas at the request of Patrick Seguin. The concept consists of placing contemporary artworks alongside iconic pieces of 20<sup>th<\/sup>\u00a0century design. Inviting 20 artists to choose a piece of furniture to dialogue with their work or to be incorporated into a new piece of work, the exhibition highlights the relevance of links and resonances between creations and creators across time. PI\u00c8CES-MEUBL\u00c9S also highlights the radical approach of many contemporary artists, whose work questions uses, meaning and content, and the very notion of \u201cdecorative.<\/p>\n<p>While in 1995 the first chapter of the exhibition looked only at furniture (Jean Prouv\u00e9, Charlotte Perriand), the 2016 exhibition focussed on a Jean Prouv\u00e9 demountable 6\u00d76 house, the \u201cHouse for the War Homeless of Lorraine\u201d, that was erected in the gallery. Among the artists invited, some of whom participated in both of the exhibitions, featured\u00a0<strong>John M Armleder, Richard Artschwager, Bertrand Lavier, Louise Lawler, Adam McEwen, Albert Oehlen, Haim Steinbach, Rudolf Stingel\u00a0<\/strong>and<strong>\u00a0Franz West<\/strong>.<\/p>\n<p>With over 200 pages, the catalogue looks at both exhibitions, shown 20 years apart. With a preface by Bob Nickas, the book is organized in two sections \u2013 the first looking at the 1995 exhibition and the second at the 2016 exhibition. It is abundantly illustrated with photographs of both, along with archive images of Jean Prouv\u00e9\u2019s furniture and architecture.<\/p>\n<p>&nbsp;<\/p>\n","protected":false},"excerpt":{"rendered":"<p>PI\u00c8CES-MEUBL\u00c9S\u00a0is the title of a two-part exhibition created by New York art critic Bob Nickas at the request of Patrick Seguin. The concept consists of placing contemporary artworks alongside iconic pieces of 20th\u00a0century design. Inviting 20 artists to choose a piece of furniture to dialogue with their work or to be incorporated into a new [&hellip;]<\/p>\n","protected":false},"featured_media":38498,"comment_status":"closed","ping_status":"closed","template":"","meta":{"_acf_changed":false},"product_brand":[],"product_cat":[238],"product_tag":[],"woo-feed-brand":[],"class_list":{"0":"post-43366","1":"product","2":"type-product","3":"status-publish","4":"has-post-thumbnail","6":"product_cat-book","8":"first","9":"instock","10":"taxable","11":"shipping-taxable","12":"purchasable","13":"product-type-simple"},"acf":[],"yoast_head":"<!-- This site is optimized with the Yoast SEO plugin v27.3 - https:\/\/yoast.com\/product\/yoast-seo-wordpress\/ -->\n<title>Pi\u00e8ces-Meubl\u00e9s, 1995\/2016 - Galerie Patrick Seguin<\/title>\n<meta name=\"description\" content=\"Pi\u00e8ces-Meubl\u00e9s - 1995\/2016 - Publications Galerie Patrick Seguin\" \/>\n<meta name=\"robots\" content=\"index, follow, max-snippet:-1, max-image-preview:large, max-video-preview:-1\" \/>\n<link rel=\"canonical\" href=\"https:\/\/www.patrickseguin.com\/en\/produit\/pieces-meubles-1995-2016\/\" \/>\n<meta property=\"og:locale\" content=\"en_US\" \/>\n<meta property=\"og:type\" content=\"article\" \/>\n<meta property=\"og:title\" content=\"Pi\u00e8ces-Meubl\u00e9s, 1995\/2016 - Galerie Patrick Seguin\" \/>\n<meta property=\"og:description\" content=\"Pi\u00e8ces-Meubl\u00e9s - 1995\/2016 - Publications Galerie Patrick Seguin\" \/>\n<meta property=\"og:url\" content=\"https:\/\/www.patrickseguin.com\/en\/produit\/pieces-meubles-1995-2016\/\" \/>\n<meta property=\"og:site_name\" content=\"Patrick Seguin\" \/>\n<meta property=\"article:publisher\" content=\"https:\/\/www.facebook.com\/galeriepatrickseguin\" \/>\n<meta property=\"article:modified_time\" content=\"2025-12-25T23:00:03+00:00\" \/>\n<meta property=\"og:image\" content=\"https:\/\/www.patrickseguin.com\/wp-content\/uploads\/2019\/04\/pieces-meubles-couv.jpg\" \/>\n\t<meta property=\"og:image:width\" content=\"1282\" \/>\n\t<meta property=\"og:image:height\" content=\"1600\" \/>\n\t<meta property=\"og:image:type\" content=\"image\/jpeg\" \/>\n<meta name=\"twitter:card\" content=\"summary_large_image\" \/>\n<meta name=\"twitter:site\" content=\"@GaleriePSeguin\" \/>\n<meta name=\"twitter:label1\" content=\"Est. reading time\" \/>\n\t<meta name=\"twitter:data1\" content=\"2 minutes\" \/>\n<script type=\"application\/ld+json\" class=\"yoast-schema-graph\">{\"@context\":\"https:\\\/\\\/schema.org\",\"@graph\":[{\"@type\":\"WebPage\",\"@id\":\"https:\\\/\\\/www.patrickseguin.com\\\/en\\\/produit\\\/pieces-meubles-1995-2016\\\/\",\"url\":\"https:\\\/\\\/www.patrickseguin.com\\\/en\\\/produit\\\/pieces-meubles-1995-2016\\\/\",\"name\":\"Pi\u00e8ces-Meubl\u00e9s, 1995\\\/2016 - Galerie Patrick Seguin\",\"isPartOf\":{\"@id\":\"https:\\\/\\\/www.patrickseguin.com\\\/en\\\/#website\"},\"primaryImageOfPage\":{\"@id\":\"https:\\\/\\\/www.patrickseguin.com\\\/en\\\/produit\\\/pieces-meubles-1995-2016\\\/#primaryimage\"},\"image\":{\"@id\":\"https:\\\/\\\/www.patrickseguin.com\\\/en\\\/produit\\\/pieces-meubles-1995-2016\\\/#primaryimage\"},\"thumbnailUrl\":\"https:\\\/\\\/www.patrickseguin.com\\\/wp-content\\\/uploads\\\/2019\\\/04\\\/pieces-meubles-couv.jpg\",\"datePublished\":\"2019-04-30T14:56:11+00:00\",\"dateModified\":\"2025-12-25T23:00:03+00:00\",\"description\":\"Pi\u00e8ces-Meubl\u00e9s - 1995\\\/2016 - Publications Galerie Patrick Seguin\",\"breadcrumb\":{\"@id\":\"https:\\\/\\\/www.patrickseguin.com\\\/en\\\/produit\\\/pieces-meubles-1995-2016\\\/#breadcrumb\"},\"inLanguage\":\"en-US\",\"potentialAction\":[{\"@type\":\"ReadAction\",\"target\":[\"https:\\\/\\\/www.patrickseguin.com\\\/en\\\/produit\\\/pieces-meubles-1995-2016\\\/\"]}]},{\"@type\":\"ImageObject\",\"inLanguage\":\"en-US\",\"@id\":\"https:\\\/\\\/www.patrickseguin.com\\\/en\\\/produit\\\/pieces-meubles-1995-2016\\\/#primaryimage\",\"url\":\"https:\\\/\\\/www.patrickseguin.com\\\/wp-content\\\/uploads\\\/2019\\\/04\\\/pieces-meubles-couv.jpg\",\"contentUrl\":\"https:\\\/\\\/www.patrickseguin.com\\\/wp-content\\\/uploads\\\/2019\\\/04\\\/pieces-meubles-couv.jpg\",\"width\":1282,\"height\":1600},{\"@type\":\"BreadcrumbList\",\"@id\":\"https:\\\/\\\/www.patrickseguin.com\\\/en\\\/produit\\\/pieces-meubles-1995-2016\\\/#breadcrumb\",\"itemListElement\":[{\"@type\":\"ListItem\",\"position\":1,\"name\":\"PUBLICATIONS\",\"item\":\"https:\\\/\\\/www.patrickseguin.com\\\/en\\\/bookstore\\\/\"},{\"@type\":\"ListItem\",\"position\":2,\"name\":\"PI\u00c8CES-MEUBL\u00c9S, 1995\\\/2016\"}]},{\"@type\":\"WebSite\",\"@id\":\"https:\\\/\\\/www.patrickseguin.com\\\/en\\\/#website\",\"url\":\"https:\\\/\\\/www.patrickseguin.com\\\/en\\\/\",\"name\":\"Galerie Patrick Seguin\",\"description\":\"\",\"publisher\":{\"@id\":\"https:\\\/\\\/www.patrickseguin.com\\\/en\\\/#organization\"},\"potentialAction\":[{\"@type\":\"SearchAction\",\"target\":{\"@type\":\"EntryPoint\",\"urlTemplate\":\"https:\\\/\\\/www.patrickseguin.com\\\/en\\\/?s={search_term_string}\"},\"query-input\":{\"@type\":\"PropertyValueSpecification\",\"valueRequired\":true,\"valueName\":\"search_term_string\"}}],\"inLanguage\":\"en-US\"},{\"@type\":\"Organization\",\"@id\":\"https:\\\/\\\/www.patrickseguin.com\\\/en\\\/#organization\",\"name\":\"Galerie Patrick Seguin\",\"url\":\"https:\\\/\\\/www.patrickseguin.com\\\/en\\\/\",\"logo\":{\"@type\":\"ImageObject\",\"inLanguage\":\"en-US\",\"@id\":\"https:\\\/\\\/www.patrickseguin.com\\\/en\\\/#\\\/schema\\\/logo\\\/image\\\/\",\"url\":\"https:\\\/\\\/www.patrickseguin.com\\\/wp-content\\\/uploads\\\/2020\\\/06\\\/ELEMENTSPOURMAX-25.png\",\"contentUrl\":\"https:\\\/\\\/www.patrickseguin.com\\\/wp-content\\\/uploads\\\/2020\\\/06\\\/ELEMENTSPOURMAX-25.png\",\"width\":2226,\"height\":122,\"caption\":\"Galerie Patrick Seguin\"},\"image\":{\"@id\":\"https:\\\/\\\/www.patrickseguin.com\\\/en\\\/#\\\/schema\\\/logo\\\/image\\\/\"},\"sameAs\":[\"https:\\\/\\\/www.facebook.com\\\/galeriepatrickseguin\",\"https:\\\/\\\/x.com\\\/GaleriePSeguin\"]}]}<\/script>\n<!-- \/ Yoast SEO plugin. -->","yoast_head_json":{"title":"Pi\u00e8ces-Meubl\u00e9s, 1995\/2016 - Galerie Patrick Seguin","description":"Pi\u00e8ces-Meubl\u00e9s - 1995\/2016 - Publications Galerie Patrick Seguin","robots":{"index":"index","follow":"follow","max-snippet":"max-snippet:-1","max-image-preview":"max-image-preview:large","max-video-preview":"max-video-preview:-1"},"canonical":"https:\/\/www.patrickseguin.com\/en\/produit\/pieces-meubles-1995-2016\/","og_locale":"en_US","og_type":"article","og_title":"Pi\u00e8ces-Meubl\u00e9s, 1995\/2016 - Galerie Patrick Seguin","og_description":"Pi\u00e8ces-Meubl\u00e9s - 1995\/2016 - Publications Galerie Patrick Seguin","og_url":"https:\/\/www.patrickseguin.com\/en\/produit\/pieces-meubles-1995-2016\/","og_site_name":"Patrick Seguin","article_publisher":"https:\/\/www.facebook.com\/galeriepatrickseguin","article_modified_time":"2025-12-25T23:00:03+00:00","og_image":[{"width":1282,"height":1600,"url":"https:\/\/www.patrickseguin.com\/wp-content\/uploads\/2019\/04\/pieces-meubles-couv.jpg","type":"image\/jpeg"}],"twitter_card":"summary_large_image","twitter_site":"@GaleriePSeguin","twitter_misc":{"Est. reading time":"2 minutes"},"schema":{"@context":"https:\/\/schema.org","@graph":[{"@type":"WebPage","@id":"https:\/\/www.patrickseguin.com\/en\/produit\/pieces-meubles-1995-2016\/","url":"https:\/\/www.patrickseguin.com\/en\/produit\/pieces-meubles-1995-2016\/","name":"Pi\u00e8ces-Meubl\u00e9s, 1995\/2016 - Galerie Patrick Seguin","isPartOf":{"@id":"https:\/\/www.patrickseguin.com\/en\/#website"},"primaryImageOfPage":{"@id":"https:\/\/www.patrickseguin.com\/en\/produit\/pieces-meubles-1995-2016\/#primaryimage"},"image":{"@id":"https:\/\/www.patrickseguin.com\/en\/produit\/pieces-meubles-1995-2016\/#primaryimage"},"thumbnailUrl":"https:\/\/www.patrickseguin.com\/wp-content\/uploads\/2019\/04\/pieces-meubles-couv.jpg","datePublished":"2019-04-30T14:56:11+00:00","dateModified":"2025-12-25T23:00:03+00:00","description":"Pi\u00e8ces-Meubl\u00e9s - 1995\/2016 - Publications Galerie Patrick Seguin","breadcrumb":{"@id":"https:\/\/www.patrickseguin.com\/en\/produit\/pieces-meubles-1995-2016\/#breadcrumb"},"inLanguage":"en-US","potentialAction":[{"@type":"ReadAction","target":["https:\/\/www.patrickseguin.com\/en\/produit\/pieces-meubles-1995-2016\/"]}]},{"@type":"ImageObject","inLanguage":"en-US","@id":"https:\/\/www.patrickseguin.com\/en\/produit\/pieces-meubles-1995-2016\/#primaryimage","url":"https:\/\/www.patrickseguin.com\/wp-content\/uploads\/2019\/04\/pieces-meubles-couv.jpg","contentUrl":"https:\/\/www.patrickseguin.com\/wp-content\/uploads\/2019\/04\/pieces-meubles-couv.jpg","width":1282,"height":1600},{"@type":"BreadcrumbList","@id":"https:\/\/www.patrickseguin.com\/en\/produit\/pieces-meubles-1995-2016\/#breadcrumb","itemListElement":[{"@type":"ListItem","position":1,"name":"PUBLICATIONS","item":"https:\/\/www.patrickseguin.com\/en\/bookstore\/"},{"@type":"ListItem","position":2,"name":"PI\u00c8CES-MEUBL\u00c9S, 1995\/2016"}]},{"@type":"WebSite","@id":"https:\/\/www.patrickseguin.com\/en\/#website","url":"https:\/\/www.patrickseguin.com\/en\/","name":"Galerie Patrick Seguin","description":"","publisher":{"@id":"https:\/\/www.patrickseguin.com\/en\/#organization"},"potentialAction":[{"@type":"SearchAction","target":{"@type":"EntryPoint","urlTemplate":"https:\/\/www.patrickseguin.com\/en\/?s={search_term_string}"},"query-input":{"@type":"PropertyValueSpecification","valueRequired":true,"valueName":"search_term_string"}}],"inLanguage":"en-US"},{"@type":"Organization","@id":"https:\/\/www.patrickseguin.com\/en\/#organization","name":"Galerie Patrick Seguin","url":"https:\/\/www.patrickseguin.com\/en\/","logo":{"@type":"ImageObject","inLanguage":"en-US","@id":"https:\/\/www.patrickseguin.com\/en\/#\/schema\/logo\/image\/","url":"https:\/\/www.patrickseguin.com\/wp-content\/uploads\/2020\/06\/ELEMENTSPOURMAX-25.png","contentUrl":"https:\/\/www.patrickseguin.com\/wp-content\/uploads\/2020\/06\/ELEMENTSPOURMAX-25.png","width":2226,"height":122,"caption":"Galerie Patrick Seguin"},"image":{"@id":"https:\/\/www.patrickseguin.com\/en\/#\/schema\/logo\/image\/"},"sameAs":["https:\/\/www.facebook.com\/galeriepatrickseguin","https:\/\/x.com\/GaleriePSeguin"]}]}},"_links":{"self":[{"href":"https:\/\/www.patrickseguin.com\/en\/wp-json\/wp\/v2\/product\/43366","targetHints":{"allow":["GET"]}}],"collection":[{"href":"https:\/\/www.patrickseguin.com\/en\/wp-json\/wp\/v2\/product"}],"about":[{"href":"https:\/\/www.patrickseguin.com\/en\/wp-json\/wp\/v2\/types\/product"}],"replies":[{"embeddable":true,"href":"https:\/\/www.patrickseguin.com\/en\/wp-json\/wp\/v2\/comments?post=43366"}],"wp:featuredmedia":[{"embeddable":true,"href":"https:\/\/www.patrickseguin.com\/en\/wp-json\/wp\/v2\/media\/38498"}],"wp:attachment":[{"href":"https:\/\/www.patrickseguin.com\/en\/wp-json\/wp\/v2\/media?parent=43366"}],"wp:term":[{"taxonomy":"product_brand","embeddable":true,"href":"https:\/\/www.patrickseguin.com\/en\/wp-json\/wp\/v2\/product_brand?post=43366"},{"taxonomy":"product_cat","embeddable":true,"href":"https:\/\/www.patrickseguin.com\/en\/wp-json\/wp\/v2\/product_cat?post=43366"},{"taxonomy":"product_tag","embeddable":true,"href":"https:\/\/www.patrickseguin.com\/en\/wp-json\/wp\/v2\/product_tag?post=43366"},{"taxonomy":"woo-feed-brand","embeddable":true,"href":"https:\/\/www.patrickseguin.com\/en\/wp-json\/wp\/v2\/woo-feed-brand?post=43366"}],"curies":[{"name":"wp","href":"https:\/\/api.w.org\/{rel}","templated":true}]}}