{"id":5192,"date":"2014-05-07T13:41:36","date_gmt":"2014-05-07T12:41:36","guid":{"rendered":"http:\/\/www.patrickseguin.com\/en\/?post_type=siteparc_publication&#038;p=5192"},"modified":"2025-12-26T00:00:04","modified_gmt":"2025-12-25T23:00:04","slug":"jean-royere-2","status":"publish","type":"product","link":"https:\/\/www.patrickseguin.com\/en\/produit\/jean-royere-2\/","title":{"rendered":"JEAN ROY\u00c8RE"},"content":{"rendered":"<div class=\"slider-gallery\"><div class=\"swiperProduct\">\n            <div class=\"swiper-wrapper\"><div class=\"swiper-slide\"><img fetchpriority=\"high\" decoding=\"async\" width=\"1600\" height=\"1200\" src=\"https:\/\/www.patrickseguin.com\/wp-content\/uploads\/2014\/05\/JR-page-0-1.jpg\" class=\"attachment-full size-full\" alt=\"\" srcset=\"https:\/\/www.patrickseguin.com\/wp-content\/uploads\/2014\/05\/JR-page-0-1.jpg 1600w, https:\/\/www.patrickseguin.com\/wp-content\/uploads\/2014\/05\/JR-page-0-1-380x285.jpg 380w, https:\/\/www.patrickseguin.com\/wp-content\/uploads\/2014\/05\/JR-page-0-1-1024x768.jpg 1024w, https:\/\/www.patrickseguin.com\/wp-content\/uploads\/2014\/05\/JR-page-0-1-768x576.jpg 768w, https:\/\/www.patrickseguin.com\/wp-content\/uploads\/2014\/05\/JR-page-0-1-1536x1152.jpg 1536w, https:\/\/www.patrickseguin.com\/wp-content\/uploads\/2014\/05\/JR-page-0-1-400x300.jpg 400w, https:\/\/www.patrickseguin.com\/wp-content\/uploads\/2014\/05\/JR-page-0-1-600x450.jpg 600w\" sizes=\"(max-width: 1600px) 100vw, 1600px\" \/><\/div><div class=\"swiper-slide\"><img decoding=\"async\" width=\"1600\" height=\"1200\" src=\"https:\/\/www.patrickseguin.com\/wp-content\/uploads\/2014\/05\/JR-page-1-1.jpg\" class=\"attachment-full size-full\" alt=\"\" srcset=\"https:\/\/www.patrickseguin.com\/wp-content\/uploads\/2014\/05\/JR-page-1-1.jpg 1600w, https:\/\/www.patrickseguin.com\/wp-content\/uploads\/2014\/05\/JR-page-1-1-380x285.jpg 380w, https:\/\/www.patrickseguin.com\/wp-content\/uploads\/2014\/05\/JR-page-1-1-1024x768.jpg 1024w, https:\/\/www.patrickseguin.com\/wp-content\/uploads\/2014\/05\/JR-page-1-1-768x576.jpg 768w, https:\/\/www.patrickseguin.com\/wp-content\/uploads\/2014\/05\/JR-page-1-1-1536x1152.jpg 1536w, https:\/\/www.patrickseguin.com\/wp-content\/uploads\/2014\/05\/JR-page-1-1-400x300.jpg 400w, https:\/\/www.patrickseguin.com\/wp-content\/uploads\/2014\/05\/JR-page-1-1-600x450.jpg 600w\" sizes=\"(max-width: 1600px) 100vw, 1600px\" \/><\/div><div class=\"swiper-slide\"><img decoding=\"async\" width=\"1600\" height=\"1200\" src=\"https:\/\/www.patrickseguin.com\/wp-content\/uploads\/2014\/05\/JR-page-2-1.jpg\" class=\"attachment-full size-full\" alt=\"\" srcset=\"https:\/\/www.patrickseguin.com\/wp-content\/uploads\/2014\/05\/JR-page-2-1.jpg 1600w, https:\/\/www.patrickseguin.com\/wp-content\/uploads\/2014\/05\/JR-page-2-1-380x285.jpg 380w, https:\/\/www.patrickseguin.com\/wp-content\/uploads\/2014\/05\/JR-page-2-1-1024x768.jpg 1024w, https:\/\/www.patrickseguin.com\/wp-content\/uploads\/2014\/05\/JR-page-2-1-768x576.jpg 768w, https:\/\/www.patrickseguin.com\/wp-content\/uploads\/2014\/05\/JR-page-2-1-1536x1152.jpg 1536w, https:\/\/www.patrickseguin.com\/wp-content\/uploads\/2014\/05\/JR-page-2-1-400x300.jpg 400w, https:\/\/www.patrickseguin.com\/wp-content\/uploads\/2014\/05\/JR-page-2-1-600x450.jpg 600w\" sizes=\"(max-width: 1600px) 100vw, 1600px\" \/><\/div><div class=\"swiper-slide\"><img loading=\"lazy\" decoding=\"async\" width=\"1600\" height=\"1200\" src=\"https:\/\/www.patrickseguin.com\/wp-content\/uploads\/2014\/05\/JR-page-3-1.jpg\" class=\"attachment-full size-full\" alt=\"\" srcset=\"https:\/\/www.patrickseguin.com\/wp-content\/uploads\/2014\/05\/JR-page-3-1.jpg 1600w, https:\/\/www.patrickseguin.com\/wp-content\/uploads\/2014\/05\/JR-page-3-1-380x285.jpg 380w, https:\/\/www.patrickseguin.com\/wp-content\/uploads\/2014\/05\/JR-page-3-1-1024x768.jpg 1024w, https:\/\/www.patrickseguin.com\/wp-content\/uploads\/2014\/05\/JR-page-3-1-768x576.jpg 768w, https:\/\/www.patrickseguin.com\/wp-content\/uploads\/2014\/05\/JR-page-3-1-1536x1152.jpg 1536w, https:\/\/www.patrickseguin.com\/wp-content\/uploads\/2014\/05\/JR-page-3-1-400x300.jpg 400w, https:\/\/www.patrickseguin.com\/wp-content\/uploads\/2014\/05\/JR-page-3-1-600x450.jpg 600w\" sizes=\"(max-width: 1600px) 100vw, 1600px\" \/><\/div><div class=\"swiper-slide\"><img loading=\"lazy\" decoding=\"async\" width=\"1600\" height=\"1200\" src=\"https:\/\/www.patrickseguin.com\/wp-content\/uploads\/2014\/05\/JR-page-4-1.jpg\" class=\"attachment-full size-full\" alt=\"\" srcset=\"https:\/\/www.patrickseguin.com\/wp-content\/uploads\/2014\/05\/JR-page-4-1.jpg 1600w, https:\/\/www.patrickseguin.com\/wp-content\/uploads\/2014\/05\/JR-page-4-1-380x285.jpg 380w, https:\/\/www.patrickseguin.com\/wp-content\/uploads\/2014\/05\/JR-page-4-1-1024x768.jpg 1024w, https:\/\/www.patrickseguin.com\/wp-content\/uploads\/2014\/05\/JR-page-4-1-768x576.jpg 768w, https:\/\/www.patrickseguin.com\/wp-content\/uploads\/2014\/05\/JR-page-4-1-1536x1152.jpg 1536w, https:\/\/www.patrickseguin.com\/wp-content\/uploads\/2014\/05\/JR-page-4-1-400x300.jpg 400w, https:\/\/www.patrickseguin.com\/wp-content\/uploads\/2014\/05\/JR-page-4-1-600x450.jpg 600w\" sizes=\"(max-width: 1600px) 100vw, 1600px\" \/><\/div><div class=\"swiper-slide\"><img loading=\"lazy\" decoding=\"async\" width=\"1600\" height=\"1200\" src=\"https:\/\/www.patrickseguin.com\/wp-content\/uploads\/2014\/05\/JR-page-5-1.jpg\" class=\"attachment-full size-full\" alt=\"\" srcset=\"https:\/\/www.patrickseguin.com\/wp-content\/uploads\/2014\/05\/JR-page-5-1.jpg 1600w, https:\/\/www.patrickseguin.com\/wp-content\/uploads\/2014\/05\/JR-page-5-1-380x285.jpg 380w, https:\/\/www.patrickseguin.com\/wp-content\/uploads\/2014\/05\/JR-page-5-1-1024x768.jpg 1024w, https:\/\/www.patrickseguin.com\/wp-content\/uploads\/2014\/05\/JR-page-5-1-768x576.jpg 768w, https:\/\/www.patrickseguin.com\/wp-content\/uploads\/2014\/05\/JR-page-5-1-1536x1152.jpg 1536w, https:\/\/www.patrickseguin.com\/wp-content\/uploads\/2014\/05\/JR-page-5-1-400x300.jpg 400w, https:\/\/www.patrickseguin.com\/wp-content\/uploads\/2014\/05\/JR-page-5-1-600x450.jpg 600w\" sizes=\"(max-width: 1600px) 100vw, 1600px\" \/><\/div>\n            <\/div>\n\n            <div class=\"swiper-button-prev\"><\/div>\n            <div class=\"swiper-button-next\"><\/div>\n            <\/div>\n            <\/div>\n            <!-- end gallery -->\n\t\t\t\t\n<p>In 2008, Galerie Jacques Lacoste and Galerie Patrick Seguin organized a major exhibition on the work of Jean Roy\u00e8re at the Sonnabend Gallery in New York. The two Parisian galleries reunited again over this important figure in the history of 20th-century furniture and decoration, for the publication of a substantial monograph. A reference work, the book approaches Jean Roy\u00e8re\u2019s work from a new perspective, highlighting a singular, innovative universe whose expression is based on complete creative freedom. This 676-page, bilingual edition is presented in a two-volume box set.<\/p>\n<p>Volume 1 (303 pages): Introduced with prefaces by Jacques Lacoste and Patrick Seguin, the first volume contains three interviews with Lorenz Ba\u00fcmer, B\u00e9atrice Salmon and Christian Lacroix, by art historian and journalist Fran\u00e7oise-Claire Prodhon. These are followed by a chapter revisiting the Jean Roy\u00e8re exhibition at New York\u2019s Sonnabend Gallery in 2008. Jean Roy\u00e8re\u2019s work is approached via four major themes inspired by his creations: Vegetal, Animal, Imaginary, and Line and Drawing. Each of these four themes, introduced with a text by Fran\u00e7oise-Claire Prodhon, is richly illustrated with archival and contemporary images.<\/p>\n<p>Volume 2 (373 pages): Opening with a 1963 interview with Jean Roy\u00e8re by Pascal Renous, this second volume contains an important glossary, \u201cLe R\u00e9pertoire de Jean Roy\u00e8re\u201d, featuring 380 referenced and illustrated pieces, along with their respective variants. Following on from this repertoire, a notebook of drawings and sketches reproduce for the first time 156 original drawings by Jean Roy\u00e8re.<\/p>\n","protected":false},"excerpt":{"rendered":"<p>In 2008, Galerie Jacques Lacoste and Galerie Patrick Seguin organized a major exhibition on the work of Jean Roy\u00e8re at the Sonnabend Gallery in New York. The two Parisian galleries reunited again over this important figure in the history of 20th-century furniture and decoration, for the publication of a substantial monograph. A reference work, the [&hellip;]<\/p>\n","protected":false},"featured_media":38578,"comment_status":"closed","ping_status":"closed","template":"","meta":{"_acf_changed":false},"product_brand":[],"product_cat":[238],"product_tag":[],"woo-feed-brand":[],"class_list":{"0":"post-5192","1":"product","2":"type-product","3":"status-publish","4":"has-post-thumbnail","6":"product_cat-book","8":"first","9":"instock","10":"taxable","11":"shipping-taxable","12":"purchasable","13":"product-type-simple"},"acf":[],"yoast_head":"<!-- This site is optimized with the Yoast SEO plugin v27.3 - https:\/\/yoast.com\/product\/yoast-seo-wordpress\/ -->\n<title>JEAN ROY\u00c8RE book - Publications - Galerie Patrick Seguin<\/title>\n<meta name=\"description\" content=\"JEAN ROY\u00c8RE book - Edition Jacques Lacoste &amp; Galerie Patrick Seguin, 2012\" \/>\n<meta name=\"robots\" content=\"index, follow, max-snippet:-1, max-image-preview:large, max-video-preview:-1\" \/>\n<link rel=\"canonical\" href=\"https:\/\/www.patrickseguin.com\/en\/produit\/jean-royere-2\/\" \/>\n<meta property=\"og:locale\" content=\"en_US\" \/>\n<meta property=\"og:type\" content=\"article\" \/>\n<meta property=\"og:title\" content=\"JEAN ROY\u00c8RE book - Publications - Galerie Patrick Seguin\" \/>\n<meta property=\"og:description\" content=\"JEAN ROY\u00c8RE book - Edition Jacques Lacoste &amp; Galerie Patrick Seguin, 2012\" \/>\n<meta property=\"og:url\" content=\"https:\/\/www.patrickseguin.com\/en\/produit\/jean-royere-2\/\" \/>\n<meta property=\"og:site_name\" content=\"Patrick Seguin\" \/>\n<meta property=\"article:publisher\" content=\"https:\/\/www.facebook.com\/galeriepatrickseguin\" \/>\n<meta property=\"article:modified_time\" content=\"2025-12-25T23:00:04+00:00\" \/>\n<meta property=\"og:image\" content=\"https:\/\/www.patrickseguin.com\/wp-content\/uploads\/2014\/05\/JR-couv.jpg\" \/>\n\t<meta property=\"og:image:width\" content=\"1282\" \/>\n\t<meta property=\"og:image:height\" content=\"1600\" \/>\n\t<meta property=\"og:image:type\" content=\"image\/jpeg\" \/>\n<meta name=\"twitter:card\" content=\"summary_large_image\" \/>\n<meta name=\"twitter:site\" content=\"@GaleriePSeguin\" \/>\n<meta name=\"twitter:label1\" content=\"Est. reading time\" \/>\n\t<meta name=\"twitter:data1\" content=\"2 minutes\" \/>\n<script type=\"application\/ld+json\" class=\"yoast-schema-graph\">{\"@context\":\"https:\\\/\\\/schema.org\",\"@graph\":[{\"@type\":\"WebPage\",\"@id\":\"https:\\\/\\\/www.patrickseguin.com\\\/en\\\/produit\\\/jean-royere-2\\\/\",\"url\":\"https:\\\/\\\/www.patrickseguin.com\\\/en\\\/produit\\\/jean-royere-2\\\/\",\"name\":\"JEAN ROY\u00c8RE book - Publications - Galerie Patrick Seguin\",\"isPartOf\":{\"@id\":\"https:\\\/\\\/www.patrickseguin.com\\\/en\\\/#website\"},\"primaryImageOfPage\":{\"@id\":\"https:\\\/\\\/www.patrickseguin.com\\\/en\\\/produit\\\/jean-royere-2\\\/#primaryimage\"},\"image\":{\"@id\":\"https:\\\/\\\/www.patrickseguin.com\\\/en\\\/produit\\\/jean-royere-2\\\/#primaryimage\"},\"thumbnailUrl\":\"https:\\\/\\\/www.patrickseguin.com\\\/wp-content\\\/uploads\\\/2014\\\/05\\\/JR-couv.jpg\",\"datePublished\":\"2014-05-07T12:41:36+00:00\",\"dateModified\":\"2025-12-25T23:00:04+00:00\",\"description\":\"JEAN ROY\u00c8RE book - Edition Jacques Lacoste & Galerie Patrick Seguin, 2012\",\"breadcrumb\":{\"@id\":\"https:\\\/\\\/www.patrickseguin.com\\\/en\\\/produit\\\/jean-royere-2\\\/#breadcrumb\"},\"inLanguage\":\"en-US\",\"potentialAction\":[{\"@type\":\"ReadAction\",\"target\":[\"https:\\\/\\\/www.patrickseguin.com\\\/en\\\/produit\\\/jean-royere-2\\\/\"]}]},{\"@type\":\"ImageObject\",\"inLanguage\":\"en-US\",\"@id\":\"https:\\\/\\\/www.patrickseguin.com\\\/en\\\/produit\\\/jean-royere-2\\\/#primaryimage\",\"url\":\"https:\\\/\\\/www.patrickseguin.com\\\/wp-content\\\/uploads\\\/2014\\\/05\\\/JR-couv.jpg\",\"contentUrl\":\"https:\\\/\\\/www.patrickseguin.com\\\/wp-content\\\/uploads\\\/2014\\\/05\\\/JR-couv.jpg\",\"width\":1282,\"height\":1600},{\"@type\":\"BreadcrumbList\",\"@id\":\"https:\\\/\\\/www.patrickseguin.com\\\/en\\\/produit\\\/jean-royere-2\\\/#breadcrumb\",\"itemListElement\":[{\"@type\":\"ListItem\",\"position\":1,\"name\":\"PUBLICATIONS\",\"item\":\"https:\\\/\\\/www.patrickseguin.com\\\/en\\\/bookstore\\\/\"},{\"@type\":\"ListItem\",\"position\":2,\"name\":\"JEAN ROY\u00c8RE\"}]},{\"@type\":\"WebSite\",\"@id\":\"https:\\\/\\\/www.patrickseguin.com\\\/en\\\/#website\",\"url\":\"https:\\\/\\\/www.patrickseguin.com\\\/en\\\/\",\"name\":\"Galerie Patrick Seguin\",\"description\":\"\",\"publisher\":{\"@id\":\"https:\\\/\\\/www.patrickseguin.com\\\/en\\\/#organization\"},\"potentialAction\":[{\"@type\":\"SearchAction\",\"target\":{\"@type\":\"EntryPoint\",\"urlTemplate\":\"https:\\\/\\\/www.patrickseguin.com\\\/en\\\/?s={search_term_string}\"},\"query-input\":{\"@type\":\"PropertyValueSpecification\",\"valueRequired\":true,\"valueName\":\"search_term_string\"}}],\"inLanguage\":\"en-US\"},{\"@type\":\"Organization\",\"@id\":\"https:\\\/\\\/www.patrickseguin.com\\\/en\\\/#organization\",\"name\":\"Galerie Patrick Seguin\",\"url\":\"https:\\\/\\\/www.patrickseguin.com\\\/en\\\/\",\"logo\":{\"@type\":\"ImageObject\",\"inLanguage\":\"en-US\",\"@id\":\"https:\\\/\\\/www.patrickseguin.com\\\/en\\\/#\\\/schema\\\/logo\\\/image\\\/\",\"url\":\"https:\\\/\\\/www.patrickseguin.com\\\/wp-content\\\/uploads\\\/2020\\\/06\\\/ELEMENTSPOURMAX-25.png\",\"contentUrl\":\"https:\\\/\\\/www.patrickseguin.com\\\/wp-content\\\/uploads\\\/2020\\\/06\\\/ELEMENTSPOURMAX-25.png\",\"width\":2226,\"height\":122,\"caption\":\"Galerie Patrick Seguin\"},\"image\":{\"@id\":\"https:\\\/\\\/www.patrickseguin.com\\\/en\\\/#\\\/schema\\\/logo\\\/image\\\/\"},\"sameAs\":[\"https:\\\/\\\/www.facebook.com\\\/galeriepatrickseguin\",\"https:\\\/\\\/x.com\\\/GaleriePSeguin\"]}]}<\/script>\n<!-- \/ Yoast SEO plugin. -->","yoast_head_json":{"title":"JEAN ROY\u00c8RE book - Publications - Galerie Patrick Seguin","description":"JEAN ROY\u00c8RE book - Edition Jacques Lacoste & Galerie Patrick Seguin, 2012","robots":{"index":"index","follow":"follow","max-snippet":"max-snippet:-1","max-image-preview":"max-image-preview:large","max-video-preview":"max-video-preview:-1"},"canonical":"https:\/\/www.patrickseguin.com\/en\/produit\/jean-royere-2\/","og_locale":"en_US","og_type":"article","og_title":"JEAN ROY\u00c8RE book - Publications - Galerie Patrick Seguin","og_description":"JEAN ROY\u00c8RE book - Edition Jacques Lacoste & Galerie Patrick Seguin, 2012","og_url":"https:\/\/www.patrickseguin.com\/en\/produit\/jean-royere-2\/","og_site_name":"Patrick Seguin","article_publisher":"https:\/\/www.facebook.com\/galeriepatrickseguin","article_modified_time":"2025-12-25T23:00:04+00:00","og_image":[{"width":1282,"height":1600,"url":"https:\/\/www.patrickseguin.com\/wp-content\/uploads\/2014\/05\/JR-couv.jpg","type":"image\/jpeg"}],"twitter_card":"summary_large_image","twitter_site":"@GaleriePSeguin","twitter_misc":{"Est. reading time":"2 minutes"},"schema":{"@context":"https:\/\/schema.org","@graph":[{"@type":"WebPage","@id":"https:\/\/www.patrickseguin.com\/en\/produit\/jean-royere-2\/","url":"https:\/\/www.patrickseguin.com\/en\/produit\/jean-royere-2\/","name":"JEAN ROY\u00c8RE book - Publications - Galerie Patrick Seguin","isPartOf":{"@id":"https:\/\/www.patrickseguin.com\/en\/#website"},"primaryImageOfPage":{"@id":"https:\/\/www.patrickseguin.com\/en\/produit\/jean-royere-2\/#primaryimage"},"image":{"@id":"https:\/\/www.patrickseguin.com\/en\/produit\/jean-royere-2\/#primaryimage"},"thumbnailUrl":"https:\/\/www.patrickseguin.com\/wp-content\/uploads\/2014\/05\/JR-couv.jpg","datePublished":"2014-05-07T12:41:36+00:00","dateModified":"2025-12-25T23:00:04+00:00","description":"JEAN ROY\u00c8RE book - Edition Jacques Lacoste & Galerie Patrick Seguin, 2012","breadcrumb":{"@id":"https:\/\/www.patrickseguin.com\/en\/produit\/jean-royere-2\/#breadcrumb"},"inLanguage":"en-US","potentialAction":[{"@type":"ReadAction","target":["https:\/\/www.patrickseguin.com\/en\/produit\/jean-royere-2\/"]}]},{"@type":"ImageObject","inLanguage":"en-US","@id":"https:\/\/www.patrickseguin.com\/en\/produit\/jean-royere-2\/#primaryimage","url":"https:\/\/www.patrickseguin.com\/wp-content\/uploads\/2014\/05\/JR-couv.jpg","contentUrl":"https:\/\/www.patrickseguin.com\/wp-content\/uploads\/2014\/05\/JR-couv.jpg","width":1282,"height":1600},{"@type":"BreadcrumbList","@id":"https:\/\/www.patrickseguin.com\/en\/produit\/jean-royere-2\/#breadcrumb","itemListElement":[{"@type":"ListItem","position":1,"name":"PUBLICATIONS","item":"https:\/\/www.patrickseguin.com\/en\/bookstore\/"},{"@type":"ListItem","position":2,"name":"JEAN ROY\u00c8RE"}]},{"@type":"WebSite","@id":"https:\/\/www.patrickseguin.com\/en\/#website","url":"https:\/\/www.patrickseguin.com\/en\/","name":"Galerie Patrick Seguin","description":"","publisher":{"@id":"https:\/\/www.patrickseguin.com\/en\/#organization"},"potentialAction":[{"@type":"SearchAction","target":{"@type":"EntryPoint","urlTemplate":"https:\/\/www.patrickseguin.com\/en\/?s={search_term_string}"},"query-input":{"@type":"PropertyValueSpecification","valueRequired":true,"valueName":"search_term_string"}}],"inLanguage":"en-US"},{"@type":"Organization","@id":"https:\/\/www.patrickseguin.com\/en\/#organization","name":"Galerie Patrick Seguin","url":"https:\/\/www.patrickseguin.com\/en\/","logo":{"@type":"ImageObject","inLanguage":"en-US","@id":"https:\/\/www.patrickseguin.com\/en\/#\/schema\/logo\/image\/","url":"https:\/\/www.patrickseguin.com\/wp-content\/uploads\/2020\/06\/ELEMENTSPOURMAX-25.png","contentUrl":"https:\/\/www.patrickseguin.com\/wp-content\/uploads\/2020\/06\/ELEMENTSPOURMAX-25.png","width":2226,"height":122,"caption":"Galerie Patrick Seguin"},"image":{"@id":"https:\/\/www.patrickseguin.com\/en\/#\/schema\/logo\/image\/"},"sameAs":["https:\/\/www.facebook.com\/galeriepatrickseguin","https:\/\/x.com\/GaleriePSeguin"]}]}},"_links":{"self":[{"href":"https:\/\/www.patrickseguin.com\/en\/wp-json\/wp\/v2\/product\/5192","targetHints":{"allow":["GET"]}}],"collection":[{"href":"https:\/\/www.patrickseguin.com\/en\/wp-json\/wp\/v2\/product"}],"about":[{"href":"https:\/\/www.patrickseguin.com\/en\/wp-json\/wp\/v2\/types\/product"}],"replies":[{"embeddable":true,"href":"https:\/\/www.patrickseguin.com\/en\/wp-json\/wp\/v2\/comments?post=5192"}],"wp:featuredmedia":[{"embeddable":true,"href":"https:\/\/www.patrickseguin.com\/en\/wp-json\/wp\/v2\/media\/38578"}],"wp:attachment":[{"href":"https:\/\/www.patrickseguin.com\/en\/wp-json\/wp\/v2\/media?parent=5192"}],"wp:term":[{"taxonomy":"product_brand","embeddable":true,"href":"https:\/\/www.patrickseguin.com\/en\/wp-json\/wp\/v2\/product_brand?post=5192"},{"taxonomy":"product_cat","embeddable":true,"href":"https:\/\/www.patrickseguin.com\/en\/wp-json\/wp\/v2\/product_cat?post=5192"},{"taxonomy":"product_tag","embeddable":true,"href":"https:\/\/www.patrickseguin.com\/en\/wp-json\/wp\/v2\/product_tag?post=5192"},{"taxonomy":"woo-feed-brand","embeddable":true,"href":"https:\/\/www.patrickseguin.com\/en\/wp-json\/wp\/v2\/woo-feed-brand?post=5192"}],"curies":[{"name":"wp","href":"https:\/\/api.w.org\/{rel}","templated":true}]}}