{"id":8217,"date":"2020-01-07T10:21:52","date_gmt":"2020-01-07T09:21:52","guid":{"rendered":"https:\/\/www.patrickseguin.com\/en\/?post_type=product&#038;p=8217"},"modified":"2025-12-26T00:00:03","modified_gmt":"2025-12-25T23:00:03","slug":"jean-prouve-maxeville-design-office-1948-vol-11","status":"publish","type":"product","link":"https:\/\/www.patrickseguin.com\/en\/produit\/jean-prouve-maxeville-design-office-1948-vol-11\/","title":{"rendered":"JEAN PROUV\u00c9 MAX\u00c9VILLE DESIGN OFFICE, 1948 &#8211; VOL. 11"},"content":{"rendered":"<div class=\"slider-gallery\"><div class=\"swiperProduct\">\n            <div class=\"swiper-wrapper\"><div class=\"swiper-slide\"><img fetchpriority=\"high\" decoding=\"async\" width=\"1600\" height=\"1200\" src=\"https:\/\/www.patrickseguin.com\/wp-content\/uploads\/2020\/01\/maxeville-couverture-1.jpg\" class=\"attachment-full size-full\" alt=\"\" srcset=\"https:\/\/www.patrickseguin.com\/wp-content\/uploads\/2020\/01\/maxeville-couverture-1.jpg 1600w, https:\/\/www.patrickseguin.com\/wp-content\/uploads\/2020\/01\/maxeville-couverture-1-380x285.jpg 380w, https:\/\/www.patrickseguin.com\/wp-content\/uploads\/2020\/01\/maxeville-couverture-1-1024x768.jpg 1024w, https:\/\/www.patrickseguin.com\/wp-content\/uploads\/2020\/01\/maxeville-couverture-1-768x576.jpg 768w, https:\/\/www.patrickseguin.com\/wp-content\/uploads\/2020\/01\/maxeville-couverture-1-1536x1152.jpg 1536w, https:\/\/www.patrickseguin.com\/wp-content\/uploads\/2020\/01\/maxeville-couverture-1-400x300.jpg 400w, https:\/\/www.patrickseguin.com\/wp-content\/uploads\/2020\/01\/maxeville-couverture-1-600x450.jpg 600w\" sizes=\"(max-width: 1600px) 100vw, 1600px\" \/><\/div><div class=\"swiper-slide\"><img decoding=\"async\" width=\"1600\" height=\"1200\" src=\"https:\/\/www.patrickseguin.com\/wp-content\/uploads\/2020\/01\/gabarit-double-pages-copie1-4.jpg\" class=\"attachment-full size-full\" alt=\"\" srcset=\"https:\/\/www.patrickseguin.com\/wp-content\/uploads\/2020\/01\/gabarit-double-pages-copie1-4.jpg 1600w, https:\/\/www.patrickseguin.com\/wp-content\/uploads\/2020\/01\/gabarit-double-pages-copie1-4-380x285.jpg 380w, https:\/\/www.patrickseguin.com\/wp-content\/uploads\/2020\/01\/gabarit-double-pages-copie1-4-1024x768.jpg 1024w, https:\/\/www.patrickseguin.com\/wp-content\/uploads\/2020\/01\/gabarit-double-pages-copie1-4-768x576.jpg 768w, https:\/\/www.patrickseguin.com\/wp-content\/uploads\/2020\/01\/gabarit-double-pages-copie1-4-1536x1152.jpg 1536w, https:\/\/www.patrickseguin.com\/wp-content\/uploads\/2020\/01\/gabarit-double-pages-copie1-4-400x300.jpg 400w, https:\/\/www.patrickseguin.com\/wp-content\/uploads\/2020\/01\/gabarit-double-pages-copie1-4-600x450.jpg 600w\" sizes=\"(max-width: 1600px) 100vw, 1600px\" \/><\/div><div class=\"swiper-slide\"><img decoding=\"async\" width=\"1600\" height=\"1200\" src=\"https:\/\/www.patrickseguin.com\/wp-content\/uploads\/2020\/01\/gabarit-double-pages-copie2-4.jpg\" class=\"attachment-full size-full\" alt=\"\" srcset=\"https:\/\/www.patrickseguin.com\/wp-content\/uploads\/2020\/01\/gabarit-double-pages-copie2-4.jpg 1600w, https:\/\/www.patrickseguin.com\/wp-content\/uploads\/2020\/01\/gabarit-double-pages-copie2-4-380x285.jpg 380w, https:\/\/www.patrickseguin.com\/wp-content\/uploads\/2020\/01\/gabarit-double-pages-copie2-4-1024x768.jpg 1024w, https:\/\/www.patrickseguin.com\/wp-content\/uploads\/2020\/01\/gabarit-double-pages-copie2-4-768x576.jpg 768w, https:\/\/www.patrickseguin.com\/wp-content\/uploads\/2020\/01\/gabarit-double-pages-copie2-4-1536x1152.jpg 1536w, https:\/\/www.patrickseguin.com\/wp-content\/uploads\/2020\/01\/gabarit-double-pages-copie2-4-400x300.jpg 400w, https:\/\/www.patrickseguin.com\/wp-content\/uploads\/2020\/01\/gabarit-double-pages-copie2-4-600x450.jpg 600w\" sizes=\"(max-width: 1600px) 100vw, 1600px\" \/><\/div><div class=\"swiper-slide\"><img loading=\"lazy\" decoding=\"async\" width=\"1600\" height=\"1200\" src=\"https:\/\/www.patrickseguin.com\/wp-content\/uploads\/2020\/01\/gabarit-double-pages-copie3-4.jpg\" class=\"attachment-full size-full\" alt=\"\" srcset=\"https:\/\/www.patrickseguin.com\/wp-content\/uploads\/2020\/01\/gabarit-double-pages-copie3-4.jpg 1600w, https:\/\/www.patrickseguin.com\/wp-content\/uploads\/2020\/01\/gabarit-double-pages-copie3-4-380x285.jpg 380w, https:\/\/www.patrickseguin.com\/wp-content\/uploads\/2020\/01\/gabarit-double-pages-copie3-4-1024x768.jpg 1024w, https:\/\/www.patrickseguin.com\/wp-content\/uploads\/2020\/01\/gabarit-double-pages-copie3-4-768x576.jpg 768w, https:\/\/www.patrickseguin.com\/wp-content\/uploads\/2020\/01\/gabarit-double-pages-copie3-4-1536x1152.jpg 1536w, https:\/\/www.patrickseguin.com\/wp-content\/uploads\/2020\/01\/gabarit-double-pages-copie3-4-400x300.jpg 400w, https:\/\/www.patrickseguin.com\/wp-content\/uploads\/2020\/01\/gabarit-double-pages-copie3-4-600x450.jpg 600w\" sizes=\"(max-width: 1600px) 100vw, 1600px\" \/><\/div><div class=\"swiper-slide\"><img loading=\"lazy\" decoding=\"async\" width=\"1600\" height=\"1200\" src=\"https:\/\/www.patrickseguin.com\/wp-content\/uploads\/2020\/01\/gabarit-double-pages-copie4-4.jpg\" class=\"attachment-full size-full\" alt=\"\" srcset=\"https:\/\/www.patrickseguin.com\/wp-content\/uploads\/2020\/01\/gabarit-double-pages-copie4-4.jpg 1600w, https:\/\/www.patrickseguin.com\/wp-content\/uploads\/2020\/01\/gabarit-double-pages-copie4-4-380x285.jpg 380w, https:\/\/www.patrickseguin.com\/wp-content\/uploads\/2020\/01\/gabarit-double-pages-copie4-4-1024x768.jpg 1024w, https:\/\/www.patrickseguin.com\/wp-content\/uploads\/2020\/01\/gabarit-double-pages-copie4-4-768x576.jpg 768w, https:\/\/www.patrickseguin.com\/wp-content\/uploads\/2020\/01\/gabarit-double-pages-copie4-4-1536x1152.jpg 1536w, https:\/\/www.patrickseguin.com\/wp-content\/uploads\/2020\/01\/gabarit-double-pages-copie4-4-400x300.jpg 400w, https:\/\/www.patrickseguin.com\/wp-content\/uploads\/2020\/01\/gabarit-double-pages-copie4-4-600x450.jpg 600w\" sizes=\"(max-width: 1600px) 100vw, 1600px\" \/><\/div><div class=\"swiper-slide\"><img loading=\"lazy\" decoding=\"async\" width=\"1600\" height=\"1200\" src=\"https:\/\/www.patrickseguin.com\/wp-content\/uploads\/2020\/01\/gabarit-double-pages-copie5-3.jpg\" class=\"attachment-full size-full\" alt=\"\" srcset=\"https:\/\/www.patrickseguin.com\/wp-content\/uploads\/2020\/01\/gabarit-double-pages-copie5-3.jpg 1600w, https:\/\/www.patrickseguin.com\/wp-content\/uploads\/2020\/01\/gabarit-double-pages-copie5-3-380x285.jpg 380w, https:\/\/www.patrickseguin.com\/wp-content\/uploads\/2020\/01\/gabarit-double-pages-copie5-3-1024x768.jpg 1024w, https:\/\/www.patrickseguin.com\/wp-content\/uploads\/2020\/01\/gabarit-double-pages-copie5-3-768x576.jpg 768w, https:\/\/www.patrickseguin.com\/wp-content\/uploads\/2020\/01\/gabarit-double-pages-copie5-3-1536x1152.jpg 1536w, https:\/\/www.patrickseguin.com\/wp-content\/uploads\/2020\/01\/gabarit-double-pages-copie5-3-400x300.jpg 400w, https:\/\/www.patrickseguin.com\/wp-content\/uploads\/2020\/01\/gabarit-double-pages-copie5-3-600x450.jpg 600w\" sizes=\"(max-width: 1600px) 100vw, 1600px\" \/><\/div>\n            <\/div>\n\n            <div class=\"swiper-button-prev\"><\/div>\n            <div class=\"swiper-button-next\"><\/div>\n            <\/div>\n            <\/div>\n            <!-- end gallery -->\n\t\t\t\t\n<p>Involved politically in the French government\u2019s deliberations, which he deemed too cautious, over the country\u2019s definitive post-War reconstruction, Jean Prouv\u00e9 advocated a real industrial revolution of the building industry. His immediate contribution was to perfect his axial portal frame building system, designed and patented before the War. Commissioned by the Ministry of Reconstruction, he made a demonstration model in only a few months, in spite of post-War shortages and other restrictions. Despite winning the Concours des Maisons Nouvelles (competition for new houses) in 1947, only a handful of the 8x12m houses were ever produced. The prototype, kept at the Max\u00e9ville workshop, was erected there in 1952 to accommodate the rapidly expanding Ateliers Jean Prouv\u00e9 design office.<\/p>\n","protected":false},"excerpt":{"rendered":"<p>Involved politically in the French government\u2019s deliberations, which he deemed too cautious, over the country\u2019s definitive post-War reconstruction, Jean Prouv\u00e9 advocated a real industrial revolution of the building industry. His immediate contribution was to perfect his axial portal frame building system, designed and patented before the War. Commissioned by the Ministry of Reconstruction, he made [&hellip;]<\/p>\n","protected":false},"featured_media":38395,"comment_status":"closed","ping_status":"closed","template":"","meta":{"_acf_changed":false},"product_brand":[],"product_cat":[238],"product_tag":[],"woo-feed-brand":[],"class_list":{"0":"post-8217","1":"product","2":"type-product","3":"status-publish","4":"has-post-thumbnail","6":"product_cat-book","8":"first","9":"instock","10":"taxable","11":"shipping-taxable","12":"purchasable","13":"product-type-simple"},"acf":[],"yoast_head":"<!-- This site is optimized with the Yoast SEO plugin v27.3 - https:\/\/yoast.com\/product\/yoast-seo-wordpress\/ -->\n<title>JEAN PROUV\u00c9 MAX\u00c9VILLE DESIGN OFFICE, 1948 - VOL. 11 - Publications - Galerie Patrick Seguin<\/title>\n<meta name=\"description\" content=\"JEAN PROUV\u00c9 MAX\u00c9VILLE DESIGN OFFICE, 1948 - VOL. 11 - Publications - Galerie Patrick Seguin\" \/>\n<meta name=\"robots\" content=\"index, follow, max-snippet:-1, max-image-preview:large, max-video-preview:-1\" \/>\n<link rel=\"canonical\" href=\"https:\/\/www.patrickseguin.com\/en\/produit\/jean-prouve-maxeville-design-office-1948-vol-11\/\" \/>\n<meta property=\"og:locale\" content=\"en_US\" \/>\n<meta property=\"og:type\" content=\"article\" \/>\n<meta property=\"og:title\" content=\"JEAN PROUV\u00c9 MAX\u00c9VILLE DESIGN OFFICE, 1948 - VOL. 11 - Publications - Galerie Patrick Seguin\" \/>\n<meta property=\"og:description\" content=\"JEAN PROUV\u00c9 MAX\u00c9VILLE DESIGN OFFICE, 1948 - VOL. 11 - Publications - Galerie Patrick Seguin\" \/>\n<meta property=\"og:url\" content=\"https:\/\/www.patrickseguin.com\/en\/produit\/jean-prouve-maxeville-design-office-1948-vol-11\/\" \/>\n<meta property=\"og:site_name\" content=\"Patrick Seguin\" \/>\n<meta property=\"article:publisher\" content=\"https:\/\/www.facebook.com\/galeriepatrickseguin\" \/>\n<meta property=\"article:modified_time\" content=\"2025-12-25T23:00:03+00:00\" \/>\n<meta property=\"og:image\" content=\"https:\/\/www.patrickseguin.com\/wp-content\/uploads\/2020\/01\/gabarit-couvertures-copie8.jpg\" \/>\n\t<meta property=\"og:image:width\" content=\"1282\" \/>\n\t<meta property=\"og:image:height\" content=\"1600\" \/>\n\t<meta property=\"og:image:type\" content=\"image\/jpeg\" \/>\n<meta name=\"twitter:card\" content=\"summary_large_image\" \/>\n<meta name=\"twitter:site\" content=\"@GaleriePSeguin\" \/>\n<meta name=\"twitter:label1\" content=\"Est. reading time\" \/>\n\t<meta name=\"twitter:data1\" content=\"1 minute\" \/>\n<script type=\"application\/ld+json\" class=\"yoast-schema-graph\">{\"@context\":\"https:\\\/\\\/schema.org\",\"@graph\":[{\"@type\":\"WebPage\",\"@id\":\"https:\\\/\\\/www.patrickseguin.com\\\/en\\\/produit\\\/jean-prouve-maxeville-design-office-1948-vol-11\\\/\",\"url\":\"https:\\\/\\\/www.patrickseguin.com\\\/en\\\/produit\\\/jean-prouve-maxeville-design-office-1948-vol-11\\\/\",\"name\":\"JEAN PROUV\u00c9 MAX\u00c9VILLE DESIGN OFFICE, 1948 - VOL. 11 - Publications - Galerie Patrick Seguin\",\"isPartOf\":{\"@id\":\"https:\\\/\\\/www.patrickseguin.com\\\/en\\\/#website\"},\"primaryImageOfPage\":{\"@id\":\"https:\\\/\\\/www.patrickseguin.com\\\/en\\\/produit\\\/jean-prouve-maxeville-design-office-1948-vol-11\\\/#primaryimage\"},\"image\":{\"@id\":\"https:\\\/\\\/www.patrickseguin.com\\\/en\\\/produit\\\/jean-prouve-maxeville-design-office-1948-vol-11\\\/#primaryimage\"},\"thumbnailUrl\":\"https:\\\/\\\/www.patrickseguin.com\\\/wp-content\\\/uploads\\\/2020\\\/01\\\/gabarit-couvertures-copie8.jpg\",\"datePublished\":\"2020-01-07T09:21:52+00:00\",\"dateModified\":\"2025-12-25T23:00:03+00:00\",\"description\":\"JEAN PROUV\u00c9 MAX\u00c9VILLE DESIGN OFFICE, 1948 - VOL. 11 - Publications - Galerie Patrick Seguin\",\"breadcrumb\":{\"@id\":\"https:\\\/\\\/www.patrickseguin.com\\\/en\\\/produit\\\/jean-prouve-maxeville-design-office-1948-vol-11\\\/#breadcrumb\"},\"inLanguage\":\"en-US\",\"potentialAction\":[{\"@type\":\"ReadAction\",\"target\":[\"https:\\\/\\\/www.patrickseguin.com\\\/en\\\/produit\\\/jean-prouve-maxeville-design-office-1948-vol-11\\\/\"]}]},{\"@type\":\"ImageObject\",\"inLanguage\":\"en-US\",\"@id\":\"https:\\\/\\\/www.patrickseguin.com\\\/en\\\/produit\\\/jean-prouve-maxeville-design-office-1948-vol-11\\\/#primaryimage\",\"url\":\"https:\\\/\\\/www.patrickseguin.com\\\/wp-content\\\/uploads\\\/2020\\\/01\\\/gabarit-couvertures-copie8.jpg\",\"contentUrl\":\"https:\\\/\\\/www.patrickseguin.com\\\/wp-content\\\/uploads\\\/2020\\\/01\\\/gabarit-couvertures-copie8.jpg\",\"width\":1282,\"height\":1600},{\"@type\":\"BreadcrumbList\",\"@id\":\"https:\\\/\\\/www.patrickseguin.com\\\/en\\\/produit\\\/jean-prouve-maxeville-design-office-1948-vol-11\\\/#breadcrumb\",\"itemListElement\":[{\"@type\":\"ListItem\",\"position\":1,\"name\":\"PUBLICATIONS\",\"item\":\"https:\\\/\\\/www.patrickseguin.com\\\/en\\\/bookstore\\\/\"},{\"@type\":\"ListItem\",\"position\":2,\"name\":\"JEAN PROUV\u00c9 MAX\u00c9VILLE DESIGN OFFICE, 1948 &#8211; VOL. 11\"}]},{\"@type\":\"WebSite\",\"@id\":\"https:\\\/\\\/www.patrickseguin.com\\\/en\\\/#website\",\"url\":\"https:\\\/\\\/www.patrickseguin.com\\\/en\\\/\",\"name\":\"Galerie Patrick Seguin\",\"description\":\"\",\"publisher\":{\"@id\":\"https:\\\/\\\/www.patrickseguin.com\\\/en\\\/#organization\"},\"potentialAction\":[{\"@type\":\"SearchAction\",\"target\":{\"@type\":\"EntryPoint\",\"urlTemplate\":\"https:\\\/\\\/www.patrickseguin.com\\\/en\\\/?s={search_term_string}\"},\"query-input\":{\"@type\":\"PropertyValueSpecification\",\"valueRequired\":true,\"valueName\":\"search_term_string\"}}],\"inLanguage\":\"en-US\"},{\"@type\":\"Organization\",\"@id\":\"https:\\\/\\\/www.patrickseguin.com\\\/en\\\/#organization\",\"name\":\"Galerie Patrick Seguin\",\"url\":\"https:\\\/\\\/www.patrickseguin.com\\\/en\\\/\",\"logo\":{\"@type\":\"ImageObject\",\"inLanguage\":\"en-US\",\"@id\":\"https:\\\/\\\/www.patrickseguin.com\\\/en\\\/#\\\/schema\\\/logo\\\/image\\\/\",\"url\":\"https:\\\/\\\/www.patrickseguin.com\\\/wp-content\\\/uploads\\\/2020\\\/06\\\/ELEMENTSPOURMAX-25.png\",\"contentUrl\":\"https:\\\/\\\/www.patrickseguin.com\\\/wp-content\\\/uploads\\\/2020\\\/06\\\/ELEMENTSPOURMAX-25.png\",\"width\":2226,\"height\":122,\"caption\":\"Galerie Patrick Seguin\"},\"image\":{\"@id\":\"https:\\\/\\\/www.patrickseguin.com\\\/en\\\/#\\\/schema\\\/logo\\\/image\\\/\"},\"sameAs\":[\"https:\\\/\\\/www.facebook.com\\\/galeriepatrickseguin\",\"https:\\\/\\\/x.com\\\/GaleriePSeguin\"]}]}<\/script>\n<!-- \/ Yoast SEO plugin. -->","yoast_head_json":{"title":"JEAN PROUV\u00c9 MAX\u00c9VILLE DESIGN OFFICE, 1948 - VOL. 11 - Publications - Galerie Patrick Seguin","description":"JEAN PROUV\u00c9 MAX\u00c9VILLE DESIGN OFFICE, 1948 - VOL. 11 - Publications - Galerie Patrick Seguin","robots":{"index":"index","follow":"follow","max-snippet":"max-snippet:-1","max-image-preview":"max-image-preview:large","max-video-preview":"max-video-preview:-1"},"canonical":"https:\/\/www.patrickseguin.com\/en\/produit\/jean-prouve-maxeville-design-office-1948-vol-11\/","og_locale":"en_US","og_type":"article","og_title":"JEAN PROUV\u00c9 MAX\u00c9VILLE DESIGN OFFICE, 1948 - VOL. 11 - Publications - Galerie Patrick Seguin","og_description":"JEAN PROUV\u00c9 MAX\u00c9VILLE DESIGN OFFICE, 1948 - VOL. 11 - Publications - Galerie Patrick Seguin","og_url":"https:\/\/www.patrickseguin.com\/en\/produit\/jean-prouve-maxeville-design-office-1948-vol-11\/","og_site_name":"Patrick Seguin","article_publisher":"https:\/\/www.facebook.com\/galeriepatrickseguin","article_modified_time":"2025-12-25T23:00:03+00:00","og_image":[{"width":1282,"height":1600,"url":"https:\/\/www.patrickseguin.com\/wp-content\/uploads\/2020\/01\/gabarit-couvertures-copie8.jpg","type":"image\/jpeg"}],"twitter_card":"summary_large_image","twitter_site":"@GaleriePSeguin","twitter_misc":{"Est. reading time":"1 minute"},"schema":{"@context":"https:\/\/schema.org","@graph":[{"@type":"WebPage","@id":"https:\/\/www.patrickseguin.com\/en\/produit\/jean-prouve-maxeville-design-office-1948-vol-11\/","url":"https:\/\/www.patrickseguin.com\/en\/produit\/jean-prouve-maxeville-design-office-1948-vol-11\/","name":"JEAN PROUV\u00c9 MAX\u00c9VILLE DESIGN OFFICE, 1948 - VOL. 11 - Publications - Galerie Patrick Seguin","isPartOf":{"@id":"https:\/\/www.patrickseguin.com\/en\/#website"},"primaryImageOfPage":{"@id":"https:\/\/www.patrickseguin.com\/en\/produit\/jean-prouve-maxeville-design-office-1948-vol-11\/#primaryimage"},"image":{"@id":"https:\/\/www.patrickseguin.com\/en\/produit\/jean-prouve-maxeville-design-office-1948-vol-11\/#primaryimage"},"thumbnailUrl":"https:\/\/www.patrickseguin.com\/wp-content\/uploads\/2020\/01\/gabarit-couvertures-copie8.jpg","datePublished":"2020-01-07T09:21:52+00:00","dateModified":"2025-12-25T23:00:03+00:00","description":"JEAN PROUV\u00c9 MAX\u00c9VILLE DESIGN OFFICE, 1948 - VOL. 11 - Publications - Galerie Patrick Seguin","breadcrumb":{"@id":"https:\/\/www.patrickseguin.com\/en\/produit\/jean-prouve-maxeville-design-office-1948-vol-11\/#breadcrumb"},"inLanguage":"en-US","potentialAction":[{"@type":"ReadAction","target":["https:\/\/www.patrickseguin.com\/en\/produit\/jean-prouve-maxeville-design-office-1948-vol-11\/"]}]},{"@type":"ImageObject","inLanguage":"en-US","@id":"https:\/\/www.patrickseguin.com\/en\/produit\/jean-prouve-maxeville-design-office-1948-vol-11\/#primaryimage","url":"https:\/\/www.patrickseguin.com\/wp-content\/uploads\/2020\/01\/gabarit-couvertures-copie8.jpg","contentUrl":"https:\/\/www.patrickseguin.com\/wp-content\/uploads\/2020\/01\/gabarit-couvertures-copie8.jpg","width":1282,"height":1600},{"@type":"BreadcrumbList","@id":"https:\/\/www.patrickseguin.com\/en\/produit\/jean-prouve-maxeville-design-office-1948-vol-11\/#breadcrumb","itemListElement":[{"@type":"ListItem","position":1,"name":"PUBLICATIONS","item":"https:\/\/www.patrickseguin.com\/en\/bookstore\/"},{"@type":"ListItem","position":2,"name":"JEAN PROUV\u00c9 MAX\u00c9VILLE DESIGN OFFICE, 1948 &#8211; VOL. 11"}]},{"@type":"WebSite","@id":"https:\/\/www.patrickseguin.com\/en\/#website","url":"https:\/\/www.patrickseguin.com\/en\/","name":"Galerie Patrick Seguin","description":"","publisher":{"@id":"https:\/\/www.patrickseguin.com\/en\/#organization"},"potentialAction":[{"@type":"SearchAction","target":{"@type":"EntryPoint","urlTemplate":"https:\/\/www.patrickseguin.com\/en\/?s={search_term_string}"},"query-input":{"@type":"PropertyValueSpecification","valueRequired":true,"valueName":"search_term_string"}}],"inLanguage":"en-US"},{"@type":"Organization","@id":"https:\/\/www.patrickseguin.com\/en\/#organization","name":"Galerie Patrick Seguin","url":"https:\/\/www.patrickseguin.com\/en\/","logo":{"@type":"ImageObject","inLanguage":"en-US","@id":"https:\/\/www.patrickseguin.com\/en\/#\/schema\/logo\/image\/","url":"https:\/\/www.patrickseguin.com\/wp-content\/uploads\/2020\/06\/ELEMENTSPOURMAX-25.png","contentUrl":"https:\/\/www.patrickseguin.com\/wp-content\/uploads\/2020\/06\/ELEMENTSPOURMAX-25.png","width":2226,"height":122,"caption":"Galerie Patrick Seguin"},"image":{"@id":"https:\/\/www.patrickseguin.com\/en\/#\/schema\/logo\/image\/"},"sameAs":["https:\/\/www.facebook.com\/galeriepatrickseguin","https:\/\/x.com\/GaleriePSeguin"]}]}},"_links":{"self":[{"href":"https:\/\/www.patrickseguin.com\/en\/wp-json\/wp\/v2\/product\/8217","targetHints":{"allow":["GET"]}}],"collection":[{"href":"https:\/\/www.patrickseguin.com\/en\/wp-json\/wp\/v2\/product"}],"about":[{"href":"https:\/\/www.patrickseguin.com\/en\/wp-json\/wp\/v2\/types\/product"}],"replies":[{"embeddable":true,"href":"https:\/\/www.patrickseguin.com\/en\/wp-json\/wp\/v2\/comments?post=8217"}],"wp:featuredmedia":[{"embeddable":true,"href":"https:\/\/www.patrickseguin.com\/en\/wp-json\/wp\/v2\/media\/38395"}],"wp:attachment":[{"href":"https:\/\/www.patrickseguin.com\/en\/wp-json\/wp\/v2\/media?parent=8217"}],"wp:term":[{"taxonomy":"product_brand","embeddable":true,"href":"https:\/\/www.patrickseguin.com\/en\/wp-json\/wp\/v2\/product_brand?post=8217"},{"taxonomy":"product_cat","embeddable":true,"href":"https:\/\/www.patrickseguin.com\/en\/wp-json\/wp\/v2\/product_cat?post=8217"},{"taxonomy":"product_tag","embeddable":true,"href":"https:\/\/www.patrickseguin.com\/en\/wp-json\/wp\/v2\/product_tag?post=8217"},{"taxonomy":"woo-feed-brand","embeddable":true,"href":"https:\/\/www.patrickseguin.com\/en\/wp-json\/wp\/v2\/woo-feed-brand?post=8217"}],"curies":[{"name":"wp","href":"https:\/\/api.w.org\/{rel}","templated":true}]}}